{"id":56514,"date":"2025-10-20T13:42:59","date_gmt":"2025-10-20T11:42:59","guid":{"rendered":"https:\/\/www.modelcars24.de\/?post_type=product&#038;p=56514"},"modified":"2025-12-10T13:39:51","modified_gmt":"2025-12-10T12:39:51","slug":"bbr-ferrari-f50-coupe-rojo-negro-interiores","status":"publish","type":"product","link":"https:\/\/www.modelcars24.de\/es\/bbr-ferrari-f50-coupe-red-black-interiors\/","title":{"rendered":"BBR Ferrari F50 Coupe rojo Interiores negros - 1\/18"},"content":{"rendered":"<p>BBR Ferrari F50 Coupe rojo Interiores negros. Modelo de coleccionista de alta calidad a escala 1:18.<\/p>\n<p>El F50, desarrollado con motivo del 50\u00ba aniversario de Ferrari, fue el coche de F\u00f3rmula 1 de calle de la compa\u00f1\u00eda hasta la fecha. Debido a su enfoque purista e intransigente de las altas prestaciones, el F50 prescindi\u00f3 de la direcci\u00f3n asistida, los servofrenos y el ABS, pero hizo un uso extensivo de materiales compuestos altamente desarrollados, tecnolog\u00eda de construcci\u00f3n procedente de la F\u00f3rmula 1 y una aerodin\u00e1mica sofisticada. El n\u00famero previsto de unidades se determin\u00f3 a partir de un estudio de mercado que preve\u00eda 350 compradores potenciales en todo el mundo. La cifra se redujo posteriormente a 349, siguiendo el esp\u00edritu de Enzo Ferrari, que describi\u00f3 esta cifra como el n\u00famero de producci\u00f3n perfecto: una unidad menos que la cantidad total requerida por el mercado.<\/p>\n<p>&nbsp;<\/p>\n<p>N\u00famero de art\u00edculo: P18189A1<\/p>","protected":false},"excerpt":{"rendered":"<p>1:18 &#8211; P18189A1 &#8211; preorder &#8211; 425,00 \u20ac inkl. 19% Vat<\/p>","protected":false},"featured_media":56515,"comment_status":"open","ping_status":"closed","template":"","meta":[],"product_brand":[851],"product_cat":[169,63,262],"product_tag":[173,209,202],"class_list":{"0":"post-56514","1":"product","2":"type-product","3":"status-publish","4":"has-post-thumbnail","6":"product_brand-bbr","7":"product_cat-bbr","8":"product_cat-ferrari","9":"product_cat-vorbestellbar","10":"product_tag-bbr","11":"product_tag-ferrari","12":"product_tag-verfuegbar","13":"pa_automarke-ferrari","14":"pa_decade-1990s","15":"pa_fahrzeugtyp-coupe","16":"pa_farbe-gelb","17":"pa_limitiert-ja","18":"pa_massstab-1-18","19":"pa_modelmarke-bbr","20":"pa_modeltyp-fertigmodell","21":"pa_modeltyp-geschlossen","22":"pa_status-beim-hersteller-ausverkauft","23":"pa_verfuegbarkeit-5-tage-lieferzeit","24":"pa_zustand_modell-1-brandneu","25":"pa_zustand_verpackung-1-brandneu","27":"first","28":"instock","29":"taxable","30":"shipping-taxable","31":"purchasable","32":"product-type-simple"},"jetpack_sharing_enabled":true,"_links":{"self":[{"href":"https:\/\/www.modelcars24.de\/es\/wp-json\/wp\/v2\/product\/56514","targetHints":{"allow":["GET"]}}],"collection":[{"href":"https:\/\/www.modelcars24.de\/es\/wp-json\/wp\/v2\/product"}],"about":[{"href":"https:\/\/www.modelcars24.de\/es\/wp-json\/wp\/v2\/types\/product"}],"replies":[{"embeddable":true,"href":"https:\/\/www.modelcars24.de\/es\/wp-json\/wp\/v2\/comments?post=56514"}],"version-history":[{"count":2,"href":"https:\/\/www.modelcars24.de\/es\/wp-json\/wp\/v2\/product\/56514\/revisions"}],"predecessor-version":[{"id":58923,"href":"https:\/\/www.modelcars24.de\/es\/wp-json\/wp\/v2\/product\/56514\/revisions\/58923"}],"wp:featuredmedia":[{"embeddable":true,"href":"https:\/\/www.modelcars24.de\/es\/wp-json\/wp\/v2\/media\/56515"}],"wp:attachment":[{"href":"https:\/\/www.modelcars24.de\/es\/wp-json\/wp\/v2\/media?parent=56514"}],"wp:term":[{"taxonomy":"product_brand","embeddable":true,"href":"https:\/\/www.modelcars24.de\/es\/wp-json\/wp\/v2\/product_brand?post=56514"},{"taxonomy":"product_cat","embeddable":true,"href":"https:\/\/www.modelcars24.de\/es\/wp-json\/wp\/v2\/product_cat?post=56514"},{"taxonomy":"product_tag","embeddable":true,"href":"https:\/\/www.modelcars24.de\/es\/wp-json\/wp\/v2\/product_tag?post=56514"}],"curies":[{"name":"wp","href":"https:\/\/api.w.org\/{rel}","templated":true}]}}