{"id":56547,"date":"2025-11-21T15:51:48","date_gmt":"2025-11-21T14:51:48","guid":{"rendered":"https:\/\/www.modelcars24.de\/?post_type=product&#038;p=56547"},"modified":"2026-01-01T01:09:06","modified_gmt":"2026-01-01T00:09:06","slug":"amalgama-bugatti-tipo-57sc-atlantic-la-voiture-n","status":"publish","type":"product","link":"https:\/\/www.modelcars24.de\/es\/amalgam-bugatti-type-57sc-atlantic-la-voiture-n\/","title":{"rendered":"Amalgam BUGATTI Type 57SC Atlantic - \u201eLa Voiture Noire\u201c (1936) | Edici\u00f3n limitada 1:8 - 1\/8"},"content":{"rendered":"<p>Amalgam BUGATTI Type 57SC Atlantic - \u201eLa Voiture Noire\u201c (1936) | Edici\u00f3n limitada a gran escala 1:8.<\/p>\n<p>El Type 57SC Atlantic, uno de los coches Bugatti m\u00e1s legendarios de la primera \u00e9poca de Bugatti, se caracterizaba por sus fluidas l\u00edneas de coup\u00e9 y la llamativa costura del techo que iba de la parte delantera a la trasera. El concepto A\u00e9rolithe dise\u00f1ado en 1935, en el que se bas\u00f3 el 57SC, utilizaba material compuesto electr\u00f3nico para las partes de su carrocer\u00eda. Como la aleaci\u00f3n era robusta y ligera, pero extremadamente inflamable a altas temperaturas, los ingenieros tuvieron que remachar las piezas desde el exterior. Los modelos de producci\u00f3n del 57SC Atlantic ten\u00edan carrocer\u00edas de aluminio liso, aunque se conserv\u00f3 la costura del techo por razones estil\u00edsticas.<\/p>\n<p>El nombre Atlantic se eligi\u00f3 en honor de Jean Mermoz, amigo piloto de Jean Bugatti, que no regres\u00f3 de una traves\u00eda del Atl\u00e1ntico. La \u201eS\u201c significaba \u201eSurbaiss\u00e9\u201c (\u201erebajado\u201c), lo que ya de por s\u00ed era una gran empresa, y la \u201eC\u201c \u201eCompresseur\u201c, un sobrealimentador que Bugatti introdujo en respuesta a la demanda de m\u00e1s potencia por parte de los clientes. Bajo el ic\u00f3nico cap\u00f3 alargado se escond\u00eda un motor de ocho cilindros en l\u00ednea de 3,3 litros y 197 CV, que permit\u00eda al coup\u00e9 alcanzar una velocidad m\u00e1xima de m\u00e1s de 200 km\/h.<\/p>\n<p>S\u00f3lo se fabricaron cuatro ejemplares del Type 57SC, tres de los cuales se vendieron a clientes. El primero fue a parar al banquero brit\u00e1nico Victor Rothschild, el tercero al empresario parisino Jacques Holzschuh y el cuarto al brit\u00e1nico R. B. Pope. Tr\u00e1gicamente, el Atlantic de Holzschuh sufri\u00f3 un grave accidente y qued\u00f3 completamente destruido. D\u00e9cadas m\u00e1s tarde, el coche fue ampliamente restaurado, aunque el motor ya no pudo salvarse.<\/p>\n<p>Este modelo es una r\u00e9plica detallada a escala 1:8 del segundo coche, el legendario \u201eLa Voiture Noire\u201c (El Coche Negro). Bugatti qued\u00f3 tan impresionado por la elegancia y sofisticaci\u00f3n de su creaci\u00f3n que mand\u00f3 construir el segundo Atlantic para su propio uso. Al estallar la Segunda Guerra Mundial, La Voiture Noire se puso a salvo cuando las tropas alemanas invadieron Alsacia y se perdi\u00f3 para siempre. Su \u00faltima menci\u00f3n figura en una lista de veh\u00edculos que deb\u00edan entregarse en la calle Alfred Daney de Burdeos en febrero de 1941. Su desaparici\u00f3n hace m\u00e1s de 80 a\u00f1os sigue siendo el mayor misterio de la legendaria historia de Bugatti. Hoy en d\u00eda, \u201eLa Voiture Noire\u201c sigue siendo un mito.<\/p>\n<p>Para la realizaci\u00f3n de \u201eLa Voiture Noire\u201c, utilizamos nuestro escaneado digital de alta precisi\u00f3n del modelo RB-Pope, que el actual propietario Ralph Lauren nos permiti\u00f3 amablemente utilizar. En colaboraci\u00f3n con Julius Kruta, historiador de la automoci\u00f3n de Bugatti, desarrollamos esta r\u00e9plica a escala asombrosamente detallada y precisa. Basada en im\u00e1genes de archivo y datos en 3D de uno de los dos \u00fanicos ejemplares supervivientes confirmados del 57SC Atlantic, se trata sin duda de la mejor referencia existente del n\u00famero de chasis 57453. Este fino modelo se fabric\u00f3 y termin\u00f3 a mano en nuestros talleres, trabajando en estrecha colaboraci\u00f3n con el fabricante sobre la pintura original, los materiales, las im\u00e1genes de archivo y los dibujos. Adem\u00e1s, el modelo prototipo fue minuciosamente examinado por los equipos de ingenier\u00eda y dise\u00f1o del fabricante para garantizar una representaci\u00f3n absolutamente exacta.<\/p>\n<p>El Bugatti 57SC Atlantic \u201aLa Voiture Noire\u2018 est\u00e1 limitado a s\u00f3lo 99 unidades.<\/p>\n<p>N\u00famero de art\u00edculo: M5260<\/p>\n<p>2-nuevo<\/p>","protected":false},"excerpt":{"rendered":"<p>M5260 &#8211; 1 &#8211; brandneu &#8211; anstatt 24995,00 jetzt 9730,00 \u20ac inkl. 19% Vat solange Vorrat reicht bis 31.12.2025<\/p>","protected":false},"featured_media":56570,"comment_status":"open","ping_status":"closed","template":"","meta":{"_acf_changed":false},"product_brand":[864],"product_cat":[286,63,45,21],"product_tag":[288,209,202],"class_list":{"0":"post-56547","1":"product","2":"type-product","3":"status-publish","4":"has-post-thumbnail","6":"product_brand-amalgam","7":"product_cat-amalgam","8":"product_cat-ferrari","9":"product_cat-neuzugang","10":"product_cat-verfuegbar","11":"product_tag-amalgam","12":"product_tag-ferrari","13":"product_tag-verfuegbar","14":"pa_automarke-bugatti","15":"pa_decade-2010s","16":"pa_fahrzeugtyp-coupe","17":"pa_farbe-rot","18":"pa_limitiert-ja","19":"pa_massstab-1-8","20":"pa_modelmarke-amalgam","21":"pa_modeltyp-fertigmodell","22":"pa_modeltyp-geschlossen","23":"pa_status-beim-hersteller-verfuegbar","24":"pa_verfuegbarkeit-5-tage-lieferzeit","25":"pa_zustand_modell-2-neuwertig","26":"pa_zustand_verpackung-2-neuwertig","28":"first","29":"instock","30":"taxable","31":"shipping-taxable","32":"purchasable","33":"product-type-simple"},"acf":[],"jetpack_sharing_enabled":true,"_links":{"self":[{"href":"https:\/\/www.modelcars24.de\/es\/wp-json\/wp\/v2\/product\/56547","targetHints":{"allow":["GET"]}}],"collection":[{"href":"https:\/\/www.modelcars24.de\/es\/wp-json\/wp\/v2\/product"}],"about":[{"href":"https:\/\/www.modelcars24.de\/es\/wp-json\/wp\/v2\/types\/product"}],"replies":[{"embeddable":true,"href":"https:\/\/www.modelcars24.de\/es\/wp-json\/wp\/v2\/comments?post=56547"}],"version-history":[{"count":4,"href":"https:\/\/www.modelcars24.de\/es\/wp-json\/wp\/v2\/product\/56547\/revisions"}],"predecessor-version":[{"id":58926,"href":"https:\/\/www.modelcars24.de\/es\/wp-json\/wp\/v2\/product\/56547\/revisions\/58926"}],"wp:featuredmedia":[{"embeddable":true,"href":"https:\/\/www.modelcars24.de\/es\/wp-json\/wp\/v2\/media\/56570"}],"wp:attachment":[{"href":"https:\/\/www.modelcars24.de\/es\/wp-json\/wp\/v2\/media?parent=56547"}],"wp:term":[{"taxonomy":"product_brand","embeddable":true,"href":"https:\/\/www.modelcars24.de\/es\/wp-json\/wp\/v2\/product_brand?post=56547"},{"taxonomy":"product_cat","embeddable":true,"href":"https:\/\/www.modelcars24.de\/es\/wp-json\/wp\/v2\/product_cat?post=56547"},{"taxonomy":"product_tag","embeddable":true,"href":"https:\/\/www.modelcars24.de\/es\/wp-json\/wp\/v2\/product_tag?post=56547"}],"curies":[{"name":"wp","href":"https:\/\/api.w.org\/{rel}","templated":true}]}}