{"id":57078,"date":"2025-12-05T12:33:16","date_gmt":"2025-12-05T11:33:16","guid":{"rendered":"https:\/\/www.modelcars24.de\/?post_type=product&#038;p=57078"},"modified":"2026-01-01T01:09:05","modified_gmt":"2026-01-01T00:09:05","slug":"amalgama-lamborghini-miura-p400-sv-edicion-1971-en-naranja-18","status":"publish","type":"product","link":"https:\/\/www.modelcars24.de\/es\/amalgam-lamborghini-miura-p400-sv-1971-edition-in-orange-18\/","title":{"rendered":"Amalgam Lamborghini Miura P400 SV (1971) | Edici\u00f3n en naranja 1:8 - 1\/8"},"content":{"rendered":"<p>Amalgam Lamborghini Miura P400 SV (1971) | Edici\u00f3n en naranja 1:8. Modelo de coleccionista de alta calidad a escala 1:18.<\/p>\n<ul>\n<li>Edici\u00f3n limitada de 199 ejemplares<\/li>\n<li>Se pueden construir modelos personalizados seg\u00fan las especificaciones del propietario<\/li>\n<li>Disponible en los acabados de pintura exterior Giallo, Arancia Miura o Verde Miura<\/li>\n<li>Cada modelo est\u00e1 hecho a mano y montado por un peque\u00f1o equipo de artesanos<\/li>\n<li>Modelo a escala 1:8, m\u00e1s de 54 cm\/21 pulgadas de largo<\/li>\n<li>Fabricado con materiales de la m\u00e1xima calidad<\/li>\n<li>M\u00e1s de 4.000 horas dedicadas al desarrollo del modelo<\/li>\n<li>M\u00e1s de 400 horas para construir cada modelo<\/li>\n<li>Miles de piezas fabricadas con precisi\u00f3n: Piezas de fundici\u00f3n, fotograbados y componentes met\u00e1licos mecanizados por CNC.<\/li>\n<\/ul>\n<p>El Miura fue el primer deportivo producido por Automobili Lamborghini y posiblemente el primer deportivo que el mundo hab\u00eda visto jam\u00e1s. Cuando sali\u00f3 al mercado, caus\u00f3 gran sorpresa y asombro entre los espectadores y no se parec\u00eda a ning\u00fan otro coche de la historia del autom\u00f3vil. Sus l\u00edneas ic\u00f3nicas se deb\u00edan en parte a la ubicaci\u00f3n del motor V12 de 3.929 cc con carburadores Weber de doble estrangulador, montado transversalmente detr\u00e1s de la cabina de pasajeros. El coche ten\u00eda una potencia final de 385 CV, estaba accionado por una caja de cambios manual de cinco velocidades y contaba con suspensiones delantera y trasera independientes. Lo m\u00e1s incre\u00edble del Lamborghini Miura -y hay muchas cosas incre\u00edbles sobre el Miura- es que nunca debi\u00f3 existir. El coche, bautizado con el nombre de la raza de toro de lidia m\u00e1s feroz y temida de Espa\u00f1a, empez\u00f3 como un proyecto a deshoras del joven director t\u00e9cnico de Ferruccio Lamborghini y sus ayudantes Giampaolo Dallara y Giampaolo Stanzani.<\/p>\n<p>Lamborghini ya hab\u00eda pasado de ser un exitoso fabricante de tractores a convertirse en un fabricante de autom\u00f3viles deportivos conocido por su brillante mente mec\u00e1nica y su pasi\u00f3n por la excelencia. Se trataba de un hombre que una vez le dijo a Enzo Ferrari que sus coches ten\u00edan problemas con el embrague y que \u00e9l ten\u00eda la soluci\u00f3n. Enzo le dijo que siguiera fabricando tractores y que no se preocupara por Ferrari. En su lugar, Lamborghini construy\u00f3 el 350 GTV, un biplaza con motor delantero y tracci\u00f3n trasera, que r\u00e1pidamente se hizo famoso en Italia. El \u00e9xito del GTV hizo so\u00f1ar a Dallara y Stanzani, que se inspiraron en iconos de la competici\u00f3n como el Ford GT y el Ferrari 250 Le Mans para imaginar su propia m\u00e1quina con motor central. El problema era que Lamborghini estaba interesada en perfeccionar coches GT y no en desventuras de carreras. No se atrev\u00edan a ir m\u00e1s all\u00e1 de dibujos y planos. Una tarde de principios de 1965, por fin se armaron de valor y le mostraron su idea a su jefe. Para su sorpresa, Ferruccio qued\u00f3 impresionado y dio luz verde a su sue\u00f1o. El chasis prototipo resultante se llam\u00f3 P400 e incorporaba un motor V12 de cuatro litros montado transversalmente. El motor, la caja de cambios y el diferencial se construyeron como una sola unidad, con la misma lubricaci\u00f3n para las tres piezas principales. Este dise\u00f1o era incre\u00edblemente complejo, pero era la \u00fanica forma de que el conjunto funcionara y siguiera siendo discreto.<\/p>\n<p>El P400 se present\u00f3 en el Sal\u00f3n del Autom\u00f3vil de Tur\u00edn de 1965 como un chasis puro. El siguiente paso fue la carrocer\u00eda. Ferruccio encarg\u00f3 al legendario carrocero Nuccio Bertone y a su joven cerebro, Marcello Gandini, de 25 a\u00f1os, que le dieran al P400 un aspecto precioso. Gandini trabaj\u00f3 febrilmente durante todo el invierno de 1965\/1966 para conseguir las l\u00edneas perfectas. El tiempo apremiaba: s\u00f3lo un d\u00eda antes del Sal\u00f3n, el primer Miura estaba terminado y cargado en un transportador con destino a Ginebra. Casi de la noche a la ma\u00f1ana, el coche se convirti\u00f3 en un elemento esencial en el garaje de toda persona adinerada. Inicialmente previsto como una edici\u00f3n limitada, el enorme volumen de pedidos recibidos en Sant\u2018 Agata oblig\u00f3 a Lamborghini a fabricar m\u00e1s de cien Miura s\u00f3lo en el primer a\u00f1o. El Miura S, lanzado en 1968, ten\u00eda m\u00e1s potencia (370 CV frente a 350), frenos mejorados y una velocidad m\u00e1xima ligeramente superior de 280 km\/h (174 millas por hora).<\/p>\n<p>El \u00faltimo Miura de producci\u00f3n, conocido como Miura SV, se present\u00f3 en 1971. El cambio m\u00e1s notable del SV era que el motor y la caja de cambios estaban ahora separados. Adem\u00e1s, hubo algunos cambios est\u00e9ticos, como la introducci\u00f3n de neum\u00e1ticos m\u00e1s grandes, sobre todo en la parte trasera, y la potencia del motor aument\u00f3 a 385 CV a 7.850 rpm. Debut\u00f3 junto al prototipo Countach, que se convertir\u00eda en el sucesor del Miura apenas un a\u00f1o despu\u00e9s. Aunque el Miura no fue el primer coche de Lamborghini, s\u00ed fue el primero en lo que m\u00e1s tarde se convertir\u00eda en el molde de Lamborghini: motores grandes y ruidosos detr\u00e1s del conductor, impulsando coup\u00e9s de dise\u00f1o impresionante. Ferruccio quiz\u00e1s lo expres\u00f3 mejor: \u201eEl Miura fue para m\u00ed como un gran amante. Inc\u00f3modo, muy caro, pero inolvidable\u201c.\u201c<\/p>\n<p>Estos perfectos modelos a escala 1\/8 del Lamborghini Miura P400 SV, disponibles en acabados de pintura exterior Giallo Miura, Arancia Miura o Verde Miura, han sido realizados y acabados a mano en nuestros talleres en colaboraci\u00f3n y con el apoyo de acabados, materiales, im\u00e1genes de archivo y dibujos originales de Lamborghini. El uso de escaneados digitales extremadamente precisos del coche original nos ha permitido reproducir perfectamente cada detalle a escala. Adem\u00e1s, ha sido sometido a un minucioso escrutinio por parte de los equipos de ingenier\u00eda y dise\u00f1o para garantizar la total exactitud de la representaci\u00f3n. Cada modelo Amalgam a escala 1:8 viene en una lujosa caja de presentaci\u00f3n negra y est\u00e1 montado sobre una base de fibra de carbono o cuero, protegido por una funda guardapolvo de acr\u00edlico transparente. El t\u00edtulo del modelo, la marca original y el n\u00famero de edici\u00f3n figuran en placas de acero inoxidable pulido fijadas a la parte delantera de la base.<\/p>\n<p>N\u00famero de art\u00edculo: M6010-SC1<\/p>","protected":false},"excerpt":{"rendered":"<p>1:8 &#8211; 1-brandneu &#8211; anstatt 21995,00 \u20ac jetzt 9935,00 \u20ac incl. 19% Vat<\/p>","protected":false},"featured_media":57082,"comment_status":"open","ping_status":"closed","template":"","meta":[],"product_brand":[864],"product_cat":[286,359,21],"product_tag":[288,360,202],"class_list":{"0":"post-57078","1":"product","2":"type-product","3":"status-publish","4":"has-post-thumbnail","6":"product_brand-amalgam","7":"product_cat-amalgam","8":"product_cat-ford","9":"product_cat-verfuegbar","10":"product_tag-amalgam","11":"product_tag-ford","12":"product_tag-verfuegbar","13":"pa_automarke-lamborghini","14":"pa_decade-1960s","15":"pa_fahrzeugtyp-coupe","16":"pa_farbe-blau","17":"pa_limitiert-ja","18":"pa_massstab-1-8","19":"pa_modelmarke-amalgam","20":"pa_modeltyp-alles-zum-oeffnen","21":"pa_modeltyp-fertigmodell","22":"pa_status-beim-hersteller-verfuegbar","23":"pa_verfuegbarkeit-5-tage-lieferzeit","24":"pa_zustand_modell-1-brandneu","25":"pa_zustand_verpackung-1-brandneu","27":"first","28":"instock","29":"taxable","30":"shipping-taxable","31":"purchasable","32":"product-type-simple"},"jetpack_sharing_enabled":true,"_links":{"self":[{"href":"https:\/\/www.modelcars24.de\/es\/wp-json\/wp\/v2\/product\/57078","targetHints":{"allow":["GET"]}}],"collection":[{"href":"https:\/\/www.modelcars24.de\/es\/wp-json\/wp\/v2\/product"}],"about":[{"href":"https:\/\/www.modelcars24.de\/es\/wp-json\/wp\/v2\/types\/product"}],"replies":[{"embeddable":true,"href":"https:\/\/www.modelcars24.de\/es\/wp-json\/wp\/v2\/comments?post=57078"}],"version-history":[{"count":3,"href":"https:\/\/www.modelcars24.de\/es\/wp-json\/wp\/v2\/product\/57078\/revisions"}],"predecessor-version":[{"id":59106,"href":"https:\/\/www.modelcars24.de\/es\/wp-json\/wp\/v2\/product\/57078\/revisions\/59106"}],"wp:featuredmedia":[{"embeddable":true,"href":"https:\/\/www.modelcars24.de\/es\/wp-json\/wp\/v2\/media\/57082"}],"wp:attachment":[{"href":"https:\/\/www.modelcars24.de\/es\/wp-json\/wp\/v2\/media?parent=57078"}],"wp:term":[{"taxonomy":"product_brand","embeddable":true,"href":"https:\/\/www.modelcars24.de\/es\/wp-json\/wp\/v2\/product_brand?post=57078"},{"taxonomy":"product_cat","embeddable":true,"href":"https:\/\/www.modelcars24.de\/es\/wp-json\/wp\/v2\/product_cat?post=57078"},{"taxonomy":"product_tag","embeddable":true,"href":"https:\/\/www.modelcars24.de\/es\/wp-json\/wp\/v2\/product_tag?post=57078"}],"curies":[{"name":"wp","href":"https:\/\/api.w.org\/{rel}","templated":true}]}}