{"id":57103,"date":"2026-01-05T15:05:01","date_gmt":"2026-01-05T14:05:01","guid":{"rendered":"https:\/\/www.modelcars24.de\/?post_type=product&#038;p=57103"},"modified":"2026-01-16T10:42:04","modified_gmt":"2026-01-16T09:42:04","slug":"mrcollection-bugatti-w16-mistral","status":"publish","type":"product","link":"https:\/\/www.modelcars24.de\/es\/mrcollection-bugatti-w16-mistral\/","title":{"rendered":"MRCollection Bugatti W16 Mistral - 1\/18"},"content":{"rendered":"<p>MRCollection Bugatti W16 Mistral. Modelo de coleccionista de alta calidad a escala 1:18.<\/p>\n<p>Viva el \u00faltimo cap\u00edtulo de la era W16 con el Bugatti W16 Mistral, un exclusivo modelo de coleccionista a escala 1:18 de MR Collection.<\/p>\n<p>Este roadster, bautizado con el nombre del viento de la Costa Azul, es una obra maestra fabricada en resina de alta calidad que aporta una precisi\u00f3n sin igual y lujosos detalles a su vitrina. Cada l\u00ednea, la pintura inmaculada y el interior de filigrana son un fiel reflejo del original.<\/p>\n<p>Hazte con esta obra de arte de conducci\u00f3n en edici\u00f3n limitada y celebra la despedida de una leyenda del hipercoche.<\/p>\n<p>A\u00f1ada una r\u00e1faga de perfecci\u00f3n a su colecci\u00f3n.<\/p>\n<p>N\u00famero de art\u00edculo: BUG015A<\/p>","protected":false},"excerpt":{"rendered":"<p>1:18 &#8211; BUG015A &#8211; 1-brandneu &#8211; 525,00 \u20ac inkl. 19% Vat<\/p>","protected":false},"featured_media":57104,"comment_status":"open","ping_status":"closed","template":"","meta":{"_acf_changed":false},"product_brand":[866],"product_cat":[77,217,21],"product_tag":[312,181,394],"class_list":{"0":"post-57103","1":"product","2":"type-product","3":"status-publish","4":"has-post-thumbnail","6":"product_brand-mrcollection","7":"product_cat-bugatti","8":"product_cat-sofort-verfuegbar","9":"product_cat-verfuegbar","10":"product_tag-bugatti","11":"product_tag-mrcollection","12":"product_tag-sofort-verfuegbar","13":"pa_automarke-bugatti","14":"pa_decade-2000s","15":"pa_fahrzeugtyp-coupe","16":"pa_massstab-1-18","17":"pa_modelmarke-mrcollection","18":"pa_modeltyp-fertigmodell","19":"pa_modeltyp-geschlossen","20":"pa_status-beim-hersteller-ausverkauft","21":"pa_verfuegbarkeit-sofort-verfuegbar","22":"pa_zustand_modell-2-neuwertig","23":"pa_zustand_verpackung-2-neuwertig","25":"first","26":"instock","27":"taxable","28":"shipping-taxable","29":"purchasable","30":"product-type-simple"},"acf":[],"jetpack_sharing_enabled":true,"_links":{"self":[{"href":"https:\/\/www.modelcars24.de\/es\/wp-json\/wp\/v2\/product\/57103","targetHints":{"allow":["GET"]}}],"collection":[{"href":"https:\/\/www.modelcars24.de\/es\/wp-json\/wp\/v2\/product"}],"about":[{"href":"https:\/\/www.modelcars24.de\/es\/wp-json\/wp\/v2\/types\/product"}],"replies":[{"embeddable":true,"href":"https:\/\/www.modelcars24.de\/es\/wp-json\/wp\/v2\/comments?post=57103"}],"version-history":[{"count":3,"href":"https:\/\/www.modelcars24.de\/es\/wp-json\/wp\/v2\/product\/57103\/revisions"}],"predecessor-version":[{"id":58939,"href":"https:\/\/www.modelcars24.de\/es\/wp-json\/wp\/v2\/product\/57103\/revisions\/58939"}],"wp:featuredmedia":[{"embeddable":true,"href":"https:\/\/www.modelcars24.de\/es\/wp-json\/wp\/v2\/media\/57104"}],"wp:attachment":[{"href":"https:\/\/www.modelcars24.de\/es\/wp-json\/wp\/v2\/media?parent=57103"}],"wp:term":[{"taxonomy":"product_brand","embeddable":true,"href":"https:\/\/www.modelcars24.de\/es\/wp-json\/wp\/v2\/product_brand?post=57103"},{"taxonomy":"product_cat","embeddable":true,"href":"https:\/\/www.modelcars24.de\/es\/wp-json\/wp\/v2\/product_cat?post=57103"},{"taxonomy":"product_tag","embeddable":true,"href":"https:\/\/www.modelcars24.de\/es\/wp-json\/wp\/v2\/product_tag?post=57103"}],"curies":[{"name":"wp","href":"https:\/\/api.w.org\/{rel}","templated":true}]}}