{"id":57381,"date":"2025-12-10T12:39:37","date_gmt":"2025-12-10T11:39:37","guid":{"rendered":"https:\/\/www.modelcars24.de\/?post_type=product&#038;p=57381"},"modified":"2026-01-21T13:42:01","modified_gmt":"2026-01-21T12:42:01","slug":"cmc-porsche-904-one-of-one-weathered-by-klaus-exner","status":"publish","type":"product","link":"https:\/\/www.modelcars24.de\/es\/cmc-porsche-904-one-of-one-weathered-by-klaus-exner\/","title":{"rendered":"CMC Porsche 904, uno de uno weathered por Klaus Exner - 1\/18"},"content":{"rendered":"<h3>Porsche 904 de CMC, uno de los que ha envejecido Klaus Exner<\/h3>\n<p>El arte de envejecer: el Porsche 904 de Klaus Exner<br \/>\nKlaus Exner es conocido m\u00e1s all\u00e1 de las fronteras de la escena del modelismo por su extraordinaria habilidad para \u201eenvejecer\u201c modelos con maestr\u00eda. Sus obras captan a la perfecci\u00f3n no s\u00f3lo la forma, sino tambi\u00e9n la p\u00e1tina y los signos de uso del modelo real. Cada pieza cuenta una historia de duro uso y carreras pasadas.<\/p>\n<p>Esta pieza en concreto es un impresionante Porsche 904 (Carrera GTS), que Exner ha modelado con el inconfundible estilo de un coche de carreras retirado, como si acabara de llegar de la l\u00ednea de meta. El detallado acabado incluye suciedad realista, manchas de aceite, abrasi\u00f3n en los bordes y el desgaste t\u00edpico de un coche de carreras de resistencia tras una agotadora carrera. De este modo, Exner simula h\u00e1bilmente el intenso desgaste y las marcas que ha sufrido un veh\u00edculo de estas caracter\u00edsticas en una dura competici\u00f3n.<\/p>\n<p>El detallado modelo envejecido del Porsche 904 se entrega al comprador en su caja original para garantizar su valor de coleccionista y su protecci\u00f3n. No obstante, debe tenerse en cuenta que el diorama mostrado o que posiblemente se muestre en una presentaci\u00f3n (como una escena del circuito de carreras o del pit lane) no forma parte expresamente del volumen de suministro. S\u00f3lo se adquiere la maqueta del veh\u00edculo en s\u00ed, magistralmente acabada.<\/p>\n<p>N\u00famero de art\u00edculo: M-230-EX<\/p>","protected":false},"excerpt":{"rendered":"<p>1:18 &#8211; M-230-EX &#8211; 2-neuwertig &#8211; 995,00 \u20ac<\/p>","protected":false},"featured_media":57364,"comment_status":"open","ping_status":"closed","template":"","meta":{"_acf_changed":false},"product_brand":[537],"product_cat":[18,45,56,20,21],"product_tag":[731],"class_list":{"0":"post-57381","1":"product","2":"type-product","3":"status-publish","4":"has-post-thumbnail","6":"product_brand-cmc","7":"product_cat-cmc","8":"product_cat-neuzugang","9":"product_cat-porsche","10":"product_cat-titel","11":"product_cat-verfuegbar","12":"product_tag-ferrari-275-gtb-c","13":"pa_automarke-ferrari","14":"pa_decade-1960s","15":"pa_fahrzeugtyp-coupe","16":"pa_farbe-silber","17":"pa_limitiert-ja","18":"pa_massstab-1-18","19":"pa_modelmarke-cmc","20":"pa_modeltyp-alles-zum-oeffnen","21":"pa_modeltyp-fertigmodell","22":"pa_status-beim-hersteller-ausverkauft","23":"pa_verfuegbarkeit-sofort-verfuegbar","24":"pa_zustand_modell-1-brandneu","25":"pa_zustand_verpackung-1-brandneu","27":"first","28":"instock","29":"purchasable","30":"product-type-simple"},"acf":[],"jetpack_sharing_enabled":true,"_links":{"self":[{"href":"https:\/\/www.modelcars24.de\/es\/wp-json\/wp\/v2\/product\/57381","targetHints":{"allow":["GET"]}}],"collection":[{"href":"https:\/\/www.modelcars24.de\/es\/wp-json\/wp\/v2\/product"}],"about":[{"href":"https:\/\/www.modelcars24.de\/es\/wp-json\/wp\/v2\/types\/product"}],"replies":[{"embeddable":true,"href":"https:\/\/www.modelcars24.de\/es\/wp-json\/wp\/v2\/comments?post=57381"}],"version-history":[{"count":3,"href":"https:\/\/www.modelcars24.de\/es\/wp-json\/wp\/v2\/product\/57381\/revisions"}],"predecessor-version":[{"id":58942,"href":"https:\/\/www.modelcars24.de\/es\/wp-json\/wp\/v2\/product\/57381\/revisions\/58942"}],"wp:featuredmedia":[{"embeddable":true,"href":"https:\/\/www.modelcars24.de\/es\/wp-json\/wp\/v2\/media\/57364"}],"wp:attachment":[{"href":"https:\/\/www.modelcars24.de\/es\/wp-json\/wp\/v2\/media?parent=57381"}],"wp:term":[{"taxonomy":"product_brand","embeddable":true,"href":"https:\/\/www.modelcars24.de\/es\/wp-json\/wp\/v2\/product_brand?post=57381"},{"taxonomy":"product_cat","embeddable":true,"href":"https:\/\/www.modelcars24.de\/es\/wp-json\/wp\/v2\/product_cat?post=57381"},{"taxonomy":"product_tag","embeddable":true,"href":"https:\/\/www.modelcars24.de\/es\/wp-json\/wp\/v2\/product_tag?post=57381"}],"curies":[{"name":"wp","href":"https:\/\/api.w.org\/{rel}","templated":true}]}}