{"id":57387,"date":"2025-12-10T12:51:27","date_gmt":"2025-12-10T11:51:27","guid":{"rendered":"https:\/\/www.modelcars24.de\/?post_type=product&#038;p=57387"},"modified":"2025-12-12T11:51:26","modified_gmt":"2025-12-12T10:51:26","slug":"schuco-mercedes-l322-one-of-one-weathered-by-klaus-exner","status":"publish","type":"product","link":"https:\/\/www.modelcars24.de\/es\/schuco-mercedes-l322-one-of-one-weathered-by-klaus-exner\/","title":{"rendered":"Schuco Mercedes L322, uno de uno weathered por Klaus Exner - 1\/18"},"content":{"rendered":"<h3>Schuco Mercedes L322, uno de ellos envejecido por Klaus Exner<\/h3>\n<p>Una pieza \u00fanica con car\u00e1cter: Schuco Mercedes L322 - envejecido por Klaus Exner<br \/>\nEste modelo representa una fascinante combinaci\u00f3n de modelismo de alta calidad y el refinamiento \u00fanico de Klaus Exner. Se basa en el robusto y detallado cami\u00f3n Schuco Mercedes-Benz L322, un cl\u00e1sico entre los veh\u00edculos comerciales, que suele fabricarse a escala 1:18 o 1:43.<\/p>\n<ul>\n<li>La firma del maestro: Uno de Uno<br \/>\nKlaus Exner, conocido por su magistral t\u00e9cnica de \u201eenvejecimiento\u201c, ha transformado este ejemplar especial en una obra de arte \u201eUna de una\u201c. En lugar de un impecable modelo de coleccionista, Exner presenta el cami\u00f3n en un estado de duro uso a lo largo de muchos a\u00f1os.<\/li>\n<li>P\u00e1tina realista: El modelo no s\u00f3lo est\u00e1 sucio, sino que tiene una p\u00e1tina aut\u00e9ntica. Se aprecia el \u00f3xido en los pasos de rueda, la pintura descolorida o desgastada y restos de gas\u00f3leo o aceite alrededor del motor y el chasis.<\/li>\n<li>Historia sobre ruedas: El L322 cuenta ahora la historia de un cami\u00f3n que ha recorrido incontables kil\u00f3metros por carretera y ha transportado su carga de forma fiable. Cada ara\u00f1azo y cada marca se han colocado de forma deliberada y precisa.<\/li>\n<\/ul>\n<p>Condici\u00f3n \u00fanica: La designaci\u00f3n \u201eOne of One\u201c subraya que este ejemplar en esta versi\u00f3n espec\u00edfica envejecida es realmente \u00fanico y, por lo tanto, tiene un valor de coleccionista particularmente alto.<\/p>\n<p>Este modelo envejecido es mucho m\u00e1s que una simple maqueta de pie; es una instant\u00e1nea tridimensional del mundo laboral de los a\u00f1os 50 y 60, captada por el talento de Klaus Exner. Atrae a los coleccionistas que no buscan una perfecci\u00f3n pr\u00edstina, sino que aprecian el encanto y el car\u00e1cter del modelo usado.<\/p>\n<p>N\u00famero de art\u00edculo: M-322<\/p>","protected":false},"excerpt":{"rendered":"<p>1:18 &#8211; M-332-EX &#8211; 2-neuwertig &#8211; 745,00 \u20ac<\/p>","protected":false},"featured_media":57245,"comment_status":"open","ping_status":"closed","template":"","meta":{"_acf_changed":false},"product_brand":[537],"product_cat":[18,45,56,20,21],"product_tag":[731],"class_list":{"0":"post-57387","1":"product","2":"type-product","3":"status-publish","4":"has-post-thumbnail","6":"product_brand-cmc","7":"product_cat-cmc","8":"product_cat-neuzugang","9":"product_cat-porsche","10":"product_cat-titel","11":"product_cat-verfuegbar","12":"product_tag-ferrari-275-gtb-c","13":"pa_automarke-ferrari","14":"pa_decade-1960s","15":"pa_fahrzeugtyp-coupe","16":"pa_farbe-silber","17":"pa_limitiert-ja","18":"pa_massstab-1-18","19":"pa_modelmarke-cmc","20":"pa_modeltyp-alles-zum-oeffnen","21":"pa_modeltyp-fertigmodell","22":"pa_status-beim-hersteller-ausverkauft","23":"pa_verfuegbarkeit-sofort-verfuegbar","24":"pa_zustand_modell-1-brandneu","25":"pa_zustand_verpackung-1-brandneu","27":"first","28":"instock","29":"purchasable","30":"product-type-simple"},"acf":[],"jetpack_sharing_enabled":true,"_links":{"self":[{"href":"https:\/\/www.modelcars24.de\/es\/wp-json\/wp\/v2\/product\/57387","targetHints":{"allow":["GET"]}}],"collection":[{"href":"https:\/\/www.modelcars24.de\/es\/wp-json\/wp\/v2\/product"}],"about":[{"href":"https:\/\/www.modelcars24.de\/es\/wp-json\/wp\/v2\/types\/product"}],"replies":[{"embeddable":true,"href":"https:\/\/www.modelcars24.de\/es\/wp-json\/wp\/v2\/comments?post=57387"}],"version-history":[{"count":3,"href":"https:\/\/www.modelcars24.de\/es\/wp-json\/wp\/v2\/product\/57387\/revisions"}],"predecessor-version":[{"id":58944,"href":"https:\/\/www.modelcars24.de\/es\/wp-json\/wp\/v2\/product\/57387\/revisions\/58944"}],"wp:featuredmedia":[{"embeddable":true,"href":"https:\/\/www.modelcars24.de\/es\/wp-json\/wp\/v2\/media\/57245"}],"wp:attachment":[{"href":"https:\/\/www.modelcars24.de\/es\/wp-json\/wp\/v2\/media?parent=57387"}],"wp:term":[{"taxonomy":"product_brand","embeddable":true,"href":"https:\/\/www.modelcars24.de\/es\/wp-json\/wp\/v2\/product_brand?post=57387"},{"taxonomy":"product_cat","embeddable":true,"href":"https:\/\/www.modelcars24.de\/es\/wp-json\/wp\/v2\/product_cat?post=57387"},{"taxonomy":"product_tag","embeddable":true,"href":"https:\/\/www.modelcars24.de\/es\/wp-json\/wp\/v2\/product_tag?post=57387"}],"curies":[{"name":"wp","href":"https:\/\/api.w.org\/{rel}","templated":true}]}}