{"id":60295,"date":"2026-04-23T00:00:00","date_gmt":"2026-04-22T22:00:00","guid":{"rendered":"https:\/\/www.modelcars24.de\/?post_type=product&#038;p=60295"},"modified":"2026-04-24T12:29:26","modified_gmt":"2026-04-24T10:29:26","slug":"cmc-mercedes-benz-500k-special-roadster-blanco-exterior-blanco-interior-beige-edicion-limitada-1500-piezas","status":"publish","type":"product","link":"https:\/\/www.modelcars24.de\/es\/cmc-mercedes-benz-500k-spezial-roadster-white-exterieur-white-interieur-beige-limited-edition-1500-stueck\/","title":{"rendered":"CMC Mercedes Benz 500K Special Roadster, blanco Exterior blanco , Interior beige Edici\u00f3n limitada 1500 piezas"},"content":{"rendered":"<p>CMC Mercedes Benz 500K Special Roadster, blanco Exterior blanco , Interior beige Edici\u00f3n limitada 1500 piezas. Modelo de coleccionista de alta calidad a escala 1:18 M-312<\/p>\n<p>El Mercedes 500 K Special Roadster (W29) es un icono de los a\u00f1os treinta. Con su motor sobrealimentado de 5 litros y 160 CV, combina lujo y elegancia. Su forma fluida lo convierte en uno de los cl\u00e1sicos m\u00e1s valiosos del mundo.<\/p>\n<p>Para nosotros, en CMC, el 500 K Special Roadster es un compa\u00f1ero duradero.<br \/>\nPor un lado, el veh\u00edculo fue uno de los primeros modelos que construimos hace 30 a\u00f1os, cuando empezamos,<br \/>\ny fabricar modelos de alta calidad en el mercado, por aquel entonces a\u00fan en fase de<br \/>\nEscala 1:24.<br \/>\nLas l\u00edneas \u00fanicas e inconfundibles del 500 K Special Roadster tambi\u00e9n sirvieron de inspiraci\u00f3n para las l\u00edneas impl\u00edcitas del coche que adorna nuestro logotipo. En este sentido, el coche estuvo y est\u00e1 constantemente presente - ahora de nuevo en una nueva edici\u00f3n a escala 1:18.<\/p>\n<p>N\u00famero de art\u00edculo: M-312<\/p>","protected":false},"excerpt":{"rendered":"<p>M-312 &#8211; preorder -anstatt 685 \u20ac jetzt 615 \u20ac inkl. 19% Vat<\/p>","protected":false},"featured_media":60261,"comment_status":"open","ping_status":"closed","template":"","meta":[],"product_brand":[537],"product_cat":[18,19,262],"product_tag":[955,46,449,263],"class_list":{"0":"post-60295","1":"product","2":"type-product","3":"status-publish","4":"has-post-thumbnail","6":"product_brand-cmc","7":"product_cat-cmc","8":"product_cat-mercedes-benz","9":"product_cat-vorbestellbar","10":"product_tag-1-m","11":"product_tag-cmc","12":"product_tag-mercedes-benz","13":"product_tag-vorbestellbar","14":"pa_automarke-mercedes","15":"pa_decade-1930s","16":"pa_fahrzeugtyp-cabrio","17":"pa_massstab-1-18","18":"pa_modelmarke-cmc","19":"pa_modeltyp-alles-zum-oeffnen","20":"pa_modeltyp-fertigmodell","21":"pa_status-beim-hersteller-verfuegbar","22":"pa_verfuegbarkeit-vorbestellbar","23":"pa_zustand_modell-1-brandneu","24":"pa_zustand_verpackung-1-brandneu","26":"first","27":"instock","28":"sale","29":"taxable","30":"shipping-taxable","31":"purchasable","32":"product-type-simple"},"jetpack_sharing_enabled":true,"_links":{"self":[{"href":"https:\/\/www.modelcars24.de\/es\/wp-json\/wp\/v2\/product\/60295","targetHints":{"allow":["GET"]}}],"collection":[{"href":"https:\/\/www.modelcars24.de\/es\/wp-json\/wp\/v2\/product"}],"about":[{"href":"https:\/\/www.modelcars24.de\/es\/wp-json\/wp\/v2\/types\/product"}],"replies":[{"embeddable":true,"href":"https:\/\/www.modelcars24.de\/es\/wp-json\/wp\/v2\/comments?post=60295"}],"version-history":[{"count":4,"href":"https:\/\/www.modelcars24.de\/es\/wp-json\/wp\/v2\/product\/60295\/revisions"}],"predecessor-version":[{"id":60353,"href":"https:\/\/www.modelcars24.de\/es\/wp-json\/wp\/v2\/product\/60295\/revisions\/60353"}],"wp:featuredmedia":[{"embeddable":true,"href":"https:\/\/www.modelcars24.de\/es\/wp-json\/wp\/v2\/media\/60261"}],"wp:attachment":[{"href":"https:\/\/www.modelcars24.de\/es\/wp-json\/wp\/v2\/media?parent=60295"}],"wp:term":[{"taxonomy":"product_brand","embeddable":true,"href":"https:\/\/www.modelcars24.de\/es\/wp-json\/wp\/v2\/product_brand?post=60295"},{"taxonomy":"product_cat","embeddable":true,"href":"https:\/\/www.modelcars24.de\/es\/wp-json\/wp\/v2\/product_cat?post=60295"},{"taxonomy":"product_tag","embeddable":true,"href":"https:\/\/www.modelcars24.de\/es\/wp-json\/wp\/v2\/product_tag?post=60295"}],"curies":[{"name":"wp","href":"https:\/\/api.w.org\/{rel}","templated":true}]}}