{"id":60297,"date":"2026-02-02T00:00:00","date_gmt":"2026-02-01T23:00:00","guid":{"rendered":"https:\/\/www.modelcars24.de\/?post_type=product&#038;p=60297"},"modified":"2026-02-05T21:27:34","modified_gmt":"2026-02-05T20:27:34","slug":"cmc-mercedes-benz-500k-special-roadster-negro-exterior-negro-interior-rojo-marron-edicion-limitada-1500-piezas","status":"publish","type":"product","link":"https:\/\/www.modelcars24.de\/es\/cmc-mercedes-benz-500k-spezial-roadster-black-exterieur-black-interieur-red-brown-limited-edition-1500-stueck\/","title":{"rendered":"CMC Mercedes Benz 500K Special Roadster, negro Exterior negro, Interior rojo-marr\u00f3n Edici\u00f3n limitada 1500 piezas"},"content":{"rendered":"<p>CMC Mercedes Benz 500K Special Roadster, negro Exterior negro, Interior rojo-marr\u00f3n Edici\u00f3n limitada 1500 piezasModelo de coleccionista de alta calidad en escala 1:18 m-313<\/p>\n<p>El Mercedes 500 K Special Roadster (W29) es un icono de los a\u00f1os treinta. Con su motor sobrealimentado de 5 litros y 160 CV, combina lujo y elegancia. Su forma fluida lo convierte en uno de los cl\u00e1sicos m\u00e1s valiosos del mundo.<\/p>\n<p>Para nosotros, en CMC, el 500 K Special Roadster es un compa\u00f1ero duradero.<br \/>\nPor un lado, el veh\u00edculo fue uno de los primeros modelos que construimos hace 30 a\u00f1os, cuando empezamos,<br \/>\ny fabricar modelos de alta calidad en el mercado, por aquel entonces a\u00fan en fase de<br \/>\nEscala 1:24.<br \/>\nLas l\u00edneas \u00fanicas e inconfundibles del 500 K Special Roadster tambi\u00e9n sirvieron de inspiraci\u00f3n.<br \/>\npor las l\u00edneas impl\u00edcitas del coche que adorna nuestro logotipo. En este sentido, el coche era y es<br \/>\nsiempre presente - ahora de nuevo en una nueva edici\u00f3n a escala 1:18.<\/p>\n<p>N\u00famero de art\u00edculo: m-313<\/p>","protected":false},"excerpt":{"rendered":"<p>m-313 &#8211; preorder -anstatt 685 \u20ac jetzt 615 \u20ac inkl. 19% Vat<\/p>","protected":false},"featured_media":60262,"comment_status":"open","ping_status":"closed","template":"","meta":[],"product_brand":[537],"product_cat":[18,19,262],"product_tag":[955,46,449,263],"class_list":{"0":"post-60297","1":"product","2":"type-product","3":"status-publish","4":"has-post-thumbnail","6":"product_brand-cmc","7":"product_cat-cmc","8":"product_cat-mercedes-benz","9":"product_cat-vorbestellbar","10":"product_tag-1-m","11":"product_tag-cmc","12":"product_tag-mercedes-benz","13":"product_tag-vorbestellbar","14":"pa_automarke-mercedes","15":"pa_decade-1930s","16":"pa_fahrzeugtyp-cabrio","17":"pa_massstab-1-18","18":"pa_modelmarke-cmc","19":"pa_modeltyp-alles-zum-oeffnen","20":"pa_modeltyp-fertigmodell","21":"pa_status-beim-hersteller-verfuegbar","22":"pa_verfuegbarkeit-vorbestellbar","23":"pa_zustand_modell-1-brandneu","24":"pa_zustand_verpackung-1-brandneu","26":"first","27":"instock","28":"sale","29":"taxable","30":"shipping-taxable","31":"purchasable","32":"product-type-simple"},"jetpack_sharing_enabled":true,"_links":{"self":[{"href":"https:\/\/www.modelcars24.de\/es\/wp-json\/wp\/v2\/product\/60297","targetHints":{"allow":["GET"]}}],"collection":[{"href":"https:\/\/www.modelcars24.de\/es\/wp-json\/wp\/v2\/product"}],"about":[{"href":"https:\/\/www.modelcars24.de\/es\/wp-json\/wp\/v2\/types\/product"}],"replies":[{"embeddable":true,"href":"https:\/\/www.modelcars24.de\/es\/wp-json\/wp\/v2\/comments?post=60297"}],"version-history":[{"count":2,"href":"https:\/\/www.modelcars24.de\/es\/wp-json\/wp\/v2\/product\/60297\/revisions"}],"predecessor-version":[{"id":60349,"href":"https:\/\/www.modelcars24.de\/es\/wp-json\/wp\/v2\/product\/60297\/revisions\/60349"}],"wp:featuredmedia":[{"embeddable":true,"href":"https:\/\/www.modelcars24.de\/es\/wp-json\/wp\/v2\/media\/60262"}],"wp:attachment":[{"href":"https:\/\/www.modelcars24.de\/es\/wp-json\/wp\/v2\/media?parent=60297"}],"wp:term":[{"taxonomy":"product_brand","embeddable":true,"href":"https:\/\/www.modelcars24.de\/es\/wp-json\/wp\/v2\/product_brand?post=60297"},{"taxonomy":"product_cat","embeddable":true,"href":"https:\/\/www.modelcars24.de\/es\/wp-json\/wp\/v2\/product_cat?post=60297"},{"taxonomy":"product_tag","embeddable":true,"href":"https:\/\/www.modelcars24.de\/es\/wp-json\/wp\/v2\/product_tag?post=60297"}],"curies":[{"name":"wp","href":"https:\/\/api.w.org\/{rel}","templated":true}]}}