{"id":60301,"date":"2026-02-02T00:00:00","date_gmt":"2026-02-01T23:00:00","guid":{"rendered":"https:\/\/www.modelcars24.de\/?post_type=product&#038;p=60301"},"modified":"2026-05-11T19:52:34","modified_gmt":"2026-05-11T17:52:34","slug":"cmc-ferrari-375-mm-spider-rojo-edicion-limitada-1500-piezas","status":"publish","type":"product","link":"https:\/\/www.modelcars24.de\/es\/cmc-ferrari-375-mm-spider-red-limited-edition-limited-edition-1500-stueck\/","title":{"rendered":"CMC Ferrari 375 MM Spider, rojo Edici\u00f3n limitada 1500 piezas"},"content":{"rendered":"<p>CMC Ferrari 375 MM Spider, rojo Edici\u00f3n limitada 1500 piezasModelo de colecci\u00f3n de alta calidad a escala 1:18 M-301<\/p>\n<p>El Ferrari 375 MM Spider es una leyenda V12 de la d\u00e9cada de 1950. Construido para la Mille Miglia con 340 CV y carrocer\u00eda Pinin-Farina, hoy es uno de los cl\u00e1sicos m\u00e1s exclusivos. Su potencia y elegancia lo convierten en el sue\u00f1o de todo coleccionista.<\/p>\n<p>La primera entrega del chasis n\u00ba 362 se realiz\u00f3 a Tony Parravano el 31\/10\/53. En el transcurso de la<br \/>\nDurante los dos a\u00f1os siguientes, el veh\u00edculo se inscribi\u00f3 en varias carreras del SCCA, la mayor\u00eda con<br \/>\nbuen \u00e9xito. Menos bueno: el 1 de mayo de 1955, Mc Afee se sali\u00f3 de la pista y da\u00f1\u00f3 el<br \/>\nCoche fuerte. En realidad, el coche estaba destinado a ser construido para el 1955 Mexican Road Race,<br \/>\npero la carrera se cancel\u00f3. Frank Arciero compr\u00f3 el coche, lo equip\u00f3 con su propio<br \/>\ncarrocer\u00eda de pl\u00e1stico y m\u00e1s tarde se le implant\u00f3 un motor Maserati V8 de 4,2 litros.<br \/>\nRon Kellog compr\u00f3 el coche en los a\u00f1os 60 y lo vendi\u00f3 a Charles Betz en 1968.<br \/>\ny Fred Peters. Hasta que Betz y Peters, en un minucioso trabajo de detalle y extremadamente largo<br \/>\nnegociaciones, se hab\u00edan comprado las piezas necesarias, el a\u00f1o ya estaba<br \/>\n1986!<br \/>\nLa reconstrucci\u00f3n casi completa, incluido el restablecimiento del estado original, dur\u00f3 hasta el<br \/>\n2012, despu\u00e9s de lo cual el coche fue visto en varios eventos de coches cl\u00e1sicos hasta 2015, cuando fue<br \/>\nlleg\u00f3 a Alemania. Desde entonces, el coche ha sido un invitado habitual en la Mille Miglia, tambi\u00e9n a lo largo de los a\u00f1os.<br \/>\nla venta a Inglaterra en 2023, el propietario actual es la empresa de muebles e interiorismo<br \/>\nEl dise\u00f1ador industrial Marc Newson, que continu\u00f3 la buena tradici\u00f3n de presentar el veh\u00edculo en la Mille Miglia<br \/>\nsigue mostrando.<br \/>\nLa funda del asiento del acompa\u00f1ante forma parte de nuestro volumen de suministro, para que pueda utilizar el modelo<br \/>\npuede modelizarse.<\/p>\n<p>&nbsp;<\/p>\n<p>N\u00famero de art\u00edculo: M-301<\/p>","protected":false},"excerpt":{"rendered":"<p>M-301 &#8211; preorder -anstatt 644 \u20ac jetzt 579 \u20ac inkl. 19% Vat<\/p>","protected":false},"featured_media":60269,"comment_status":"open","ping_status":"closed","template":"","meta":[],"product_brand":[537],"product_cat":[18,63,262],"product_tag":[955,46,209,263],"class_list":{"0":"post-60301","1":"product","2":"type-product","3":"status-publish","4":"has-post-thumbnail","6":"product_brand-cmc","7":"product_cat-cmc","8":"product_cat-ferrari","9":"product_cat-vorbestellbar","10":"product_tag-1-m","11":"product_tag-cmc","12":"product_tag-ferrari","13":"product_tag-vorbestellbar","14":"pa_automarke-mercedes","15":"pa_decade-1950s","16":"pa_fahrzeugtyp-gt-rennen","17":"pa_massstab-1-18","18":"pa_modelmarke-cmc","19":"pa_modeltyp-alles-zum-oeffnen","20":"pa_modeltyp-fertigmodell","21":"pa_status-beim-hersteller-verfuegbar","22":"pa_verfuegbarkeit-vorbestellbar","23":"pa_zustand_modell-1-brandneu","24":"pa_zustand_verpackung-1-brandneu","26":"first","27":"instock","28":"sale","29":"taxable","30":"shipping-taxable","31":"purchasable","32":"product-type-simple"},"jetpack_sharing_enabled":true,"_links":{"self":[{"href":"https:\/\/www.modelcars24.de\/es\/wp-json\/wp\/v2\/product\/60301","targetHints":{"allow":["GET"]}}],"collection":[{"href":"https:\/\/www.modelcars24.de\/es\/wp-json\/wp\/v2\/product"}],"about":[{"href":"https:\/\/www.modelcars24.de\/es\/wp-json\/wp\/v2\/types\/product"}],"replies":[{"embeddable":true,"href":"https:\/\/www.modelcars24.de\/es\/wp-json\/wp\/v2\/comments?post=60301"}],"version-history":[{"count":2,"href":"https:\/\/www.modelcars24.de\/es\/wp-json\/wp\/v2\/product\/60301\/revisions"}],"predecessor-version":[{"id":60335,"href":"https:\/\/www.modelcars24.de\/es\/wp-json\/wp\/v2\/product\/60301\/revisions\/60335"}],"wp:featuredmedia":[{"embeddable":true,"href":"https:\/\/www.modelcars24.de\/es\/wp-json\/wp\/v2\/media\/60269"}],"wp:attachment":[{"href":"https:\/\/www.modelcars24.de\/es\/wp-json\/wp\/v2\/media?parent=60301"}],"wp:term":[{"taxonomy":"product_brand","embeddable":true,"href":"https:\/\/www.modelcars24.de\/es\/wp-json\/wp\/v2\/product_brand?post=60301"},{"taxonomy":"product_cat","embeddable":true,"href":"https:\/\/www.modelcars24.de\/es\/wp-json\/wp\/v2\/product_cat?post=60301"},{"taxonomy":"product_tag","embeddable":true,"href":"https:\/\/www.modelcars24.de\/es\/wp-json\/wp\/v2\/product_tag?post=60301"}],"curies":[{"name":"wp","href":"https:\/\/api.w.org\/{rel}","templated":true}]}}