{"id":60305,"date":"2026-02-02T00:00:00","date_gmt":"2026-02-01T23:00:00","guid":{"rendered":"https:\/\/www.modelcars24.de\/?post_type=product&#038;p=60305"},"modified":"2026-05-11T19:50:54","modified_gmt":"2026-05-11T17:50:54","slug":"cmc-ferrari-375-mm-spider-rojo-546-edicion-limitada-1500-piezas","status":"publish","type":"product","link":"https:\/\/www.modelcars24.de\/es\/cmc-ferrari-375-mm-spider-red-546-limited-edition-1500-stueck\/","title":{"rendered":"CMC Ferrari 375 MM Spider, rojo, #546 Edici\u00f3n limitada 1500 piezas"},"content":{"rendered":"<p>CMC Ferrari 375 MM Spider, rojo, #546 Edici\u00f3n limitada 1500 piezasModelo de colecci\u00f3n de alta calidad a escala 1:18 M-303<\/p>\n<p>El Ferrari 375 MM Spider es una leyenda V12 de la d\u00e9cada de 1950. Construido para la Mille Miglia con 340 CV y carrocer\u00eda Pinin-Farina, hoy es uno de los cl\u00e1sicos m\u00e1s exclusivos. Su potencia y elegancia lo convierten en el sue\u00f1o de todo coleccionista.<\/p>\n<p>El chasis n\u00famero 0360 es el primog\u00e9nito, por as\u00ed decirlo: desarrollado a partir del chasis del F 340<br \/>\ny preparado para la competici\u00f3n mediante un transplante de \u00f3rgano del motor V 12 Lampredi. Por desgracia,<br \/>\nEl chasis 0360 tambi\u00e9n fue un miembro desafortunado de la familia, porque los grandes \u00e9xitos no llegar\u00edan.<br \/>\nle fall\u00f3.<br \/>\nEntregado en diciembre, Piero Scotti condujo directamente al primer puesto en las 12 horas de Casablanca.<br \/>\nEn los a\u00f1os siguientes, Scotti gan\u00f3 varios concursos locales m\u00e1s, incluido un \u00e9xito en el Mille<br \/>\nMiglia, sin embargo, no fue posible debido a las cancelaciones.<br \/>\nEl coche se vendi\u00f3 varias veces a partir de 1955, pero ya no particip\u00f3 en competiciones.<br \/>\nApariencia. No fue hasta 1996 que Chasis 360 fue relanzado por Len Rusiewicz en<br \/>\nEl aparcamiento ha vuelto a ser accesible al p\u00fablico en los eventos de coches cl\u00e1sicos.<br \/>\nEn enero de 2005, Emilio Gnutti compr\u00f3 el coche, lo condujo a algunos eventos y luego<br \/>\nofrecido en el mercado abierto varias veces y a trav\u00e9s de diversas fuentes, hasta que finalmente<br \/>\nLeslie Wexner lo compr\u00f3 por 9 millones de euros y lo reabri\u00f3 al p\u00fablico. Quiz\u00e1<br \/>\nChasis 360 es un \u201eBest of show\u201c o un premio similar despu\u00e9s de todo - preferiblemente<br \/>\ncon motivo de una Mille Miglia<\/p>\n<p>N\u00famero de art\u00edculo: M-303<\/p>","protected":false},"excerpt":{"rendered":"<p>M-303 &#8211; preorder -anstatt 685 \u20ac jetzt 615 \u20ac inkl. 19% Vat<\/p>","protected":false},"featured_media":60256,"comment_status":"open","ping_status":"closed","template":"","meta":[],"product_brand":[537],"product_cat":[18,63,262],"product_tag":[955,46,209,263],"class_list":{"0":"post-60305","1":"product","2":"type-product","3":"status-publish","4":"has-post-thumbnail","6":"product_brand-cmc","7":"product_cat-cmc","8":"product_cat-ferrari","9":"product_cat-vorbestellbar","10":"product_tag-1-m","11":"product_tag-cmc","12":"product_tag-ferrari","13":"product_tag-vorbestellbar","14":"pa_automarke-mercedes","15":"pa_decade-1950s","16":"pa_fahrzeugtyp-gt-rennen","17":"pa_massstab-1-18","18":"pa_modelmarke-cmc","19":"pa_modeltyp-alles-zum-oeffnen","20":"pa_modeltyp-fertigmodell","21":"pa_status-beim-hersteller-verfuegbar","22":"pa_verfuegbarkeit-vorbestellbar","23":"pa_zustand_modell-1-brandneu","24":"pa_zustand_verpackung-1-brandneu","26":"first","27":"instock","28":"sale","29":"taxable","30":"shipping-taxable","31":"purchasable","32":"product-type-simple"},"jetpack_sharing_enabled":true,"_links":{"self":[{"href":"https:\/\/www.modelcars24.de\/es\/wp-json\/wp\/v2\/product\/60305","targetHints":{"allow":["GET"]}}],"collection":[{"href":"https:\/\/www.modelcars24.de\/es\/wp-json\/wp\/v2\/product"}],"about":[{"href":"https:\/\/www.modelcars24.de\/es\/wp-json\/wp\/v2\/types\/product"}],"replies":[{"embeddable":true,"href":"https:\/\/www.modelcars24.de\/es\/wp-json\/wp\/v2\/comments?post=60305"}],"version-history":[{"count":2,"href":"https:\/\/www.modelcars24.de\/es\/wp-json\/wp\/v2\/product\/60305\/revisions"}],"predecessor-version":[{"id":60338,"href":"https:\/\/www.modelcars24.de\/es\/wp-json\/wp\/v2\/product\/60305\/revisions\/60338"}],"wp:featuredmedia":[{"embeddable":true,"href":"https:\/\/www.modelcars24.de\/es\/wp-json\/wp\/v2\/media\/60256"}],"wp:attachment":[{"href":"https:\/\/www.modelcars24.de\/es\/wp-json\/wp\/v2\/media?parent=60305"}],"wp:term":[{"taxonomy":"product_brand","embeddable":true,"href":"https:\/\/www.modelcars24.de\/es\/wp-json\/wp\/v2\/product_brand?post=60305"},{"taxonomy":"product_cat","embeddable":true,"href":"https:\/\/www.modelcars24.de\/es\/wp-json\/wp\/v2\/product_cat?post=60305"},{"taxonomy":"product_tag","embeddable":true,"href":"https:\/\/www.modelcars24.de\/es\/wp-json\/wp\/v2\/product_tag?post=60305"}],"curies":[{"name":"wp","href":"https:\/\/api.w.org\/{rel}","templated":true}]}}