{"id":60307,"date":"2026-02-02T00:00:00","date_gmt":"2026-02-01T23:00:00","guid":{"rendered":"https:\/\/www.modelcars24.de\/?post_type=product&#038;p=60307"},"modified":"2026-02-05T21:28:41","modified_gmt":"2026-02-05T20:28:41","slug":"cmc-ferrari-375-mm-spider-blanco-con-rayas-azules-varias-carreras-masten-gregory-edicion-limitada-1500-piezas","status":"publish","type":"product","link":"https:\/\/www.modelcars24.de\/es\/cmc-ferrari-375-mm-spider-white-with-blue-stripes-various-races-masten-gregory-limited-edition-1500-stueck\/","title":{"rendered":"CMC Ferrari 375 MM Spider, blanco con rayas azules Varias carreras, Masten Gregory Edici\u00f3n limitada 1500 piezas"},"content":{"rendered":"<p>CMC Ferrari 375 MM Spider, blanco con rayas azules Varias carreras, Masten Gregory Edici\u00f3n limitada 1500 piezasModelo de colecci\u00f3n de alta calidad a escala 1:18, M-304<\/p>\n<p>El Ferrari 375 MM Spider es una leyenda V12 de la d\u00e9cada de 1950. Construido para la Mille Miglia con 340 CV y carrocer\u00eda Pinin-Farina, hoy es uno de los cl\u00e1sicos m\u00e1s exclusivos. Su potencia y elegancia lo convierten en el sue\u00f1o de todo coleccionista.<\/p>\n<p>El coche fue entregado a la Scuderia Ferrari en 1953, y en su primera carrera Farina \/<br \/>\nMagnioli obtuvo el primer puesto en los 1000 km de Buenos Aires. S\u00f3lo dos meses<br \/>\nM\u00e1s tarde, el coche pas\u00f3 a manos de Masten Gregory, que lo destruy\u00f3 r\u00e1pidamente en un entrenamiento. El<br \/>\nFue reconstruido en la f\u00e1brica, y a partir de entonces funcion\u00f3 mucho mejor en t\u00e9rminos de competici\u00f3n.<br \/>\nEn enero del 55, A.V. Dayton compr\u00f3 el coche para regal\u00e1rselo a Dale Duncan, yerno de Gregory.<br \/>\npara que estuvieran disponibles. A continuaci\u00f3n, hasta enero del 57, el periodo de competici\u00f3n fue muy intenso y se caracteriz\u00f3 tambi\u00e9n por la presencia de numerosos<br \/>\nA.D. Logan compr\u00f3 el coche y lo vendi\u00f3 a Dean Knight despu\u00e9s de dos carreras.<br \/>\npara venderlo. Hizo funcionar el coche hasta marzo del 61 y luego lo puso a la venta.<br \/>\nEn los doce a\u00f1os siguientes, el coche pas\u00f3 por no menos de ocho cambios de propietario y<br \/>\nno ten\u00eda motor al final, as\u00ed que Gavin Bain, propietario desde julio del 73, compr\u00f3 un motor de terceros a<br \/>\nen un Ferrari 330 GT 2+2.<br \/>\nA trav\u00e9s de otro propietario, el chasis 370 lleg\u00f3 finalmente a Peter Gl\u00e4sel en Alemania, donde<br \/>\nse llev\u00f3 a cabo una restauraci\u00f3n completa - incluyendo la sustituci\u00f3n del motor de terceros por el<br \/>\nunidad original, lo que llev\u00f3 dos a\u00f1os. Pero hab\u00eda llegado el momento<br \/>\nEl Chasis 370 volvi\u00f3 a entusiasmar a los espectadores en numerosos eventos hasta 2005, cuando el<br \/>\nel coche a G. Trust en EE.UU. y siete a\u00f1os m\u00e1s tarde a Steve Wyatt en Australia. Un<br \/>\nLa restauraci\u00f3n posterior y la certificaci\u00f3n de Ferrari Classiche sentaron las bases para una<br \/>\notra aparici\u00f3n en la Mille Miglia 2014<\/p>\n<p>N\u00famero de art\u00edculo: M-304<\/p>","protected":false},"excerpt":{"rendered":"<p>M-304 &#8211; preorder -anstatt 685 \u20ac jetzt 615 \u20ac inkl. 19% Vat<\/p>","protected":false},"featured_media":60257,"comment_status":"open","ping_status":"closed","template":"","meta":[],"product_brand":[537],"product_cat":[18,63,262],"product_tag":[955,46,209,263],"class_list":{"0":"post-60307","1":"product","2":"type-product","3":"status-publish","4":"has-post-thumbnail","6":"product_brand-cmc","7":"product_cat-cmc","8":"product_cat-ferrari","9":"product_cat-vorbestellbar","10":"product_tag-1-m","11":"product_tag-cmc","12":"product_tag-ferrari","13":"product_tag-vorbestellbar","14":"pa_automarke-mercedes","15":"pa_decade-1950s","16":"pa_fahrzeugtyp-gt-rennen","17":"pa_massstab-1-18","18":"pa_modelmarke-cmc","19":"pa_modeltyp-alles-zum-oeffnen","20":"pa_modeltyp-fertigmodell","21":"pa_status-beim-hersteller-verfuegbar","22":"pa_verfuegbarkeit-vorbestellbar","23":"pa_zustand_modell-1-brandneu","24":"pa_zustand_verpackung-1-brandneu","26":"first","27":"instock","28":"sale","29":"taxable","30":"shipping-taxable","31":"purchasable","32":"product-type-simple"},"jetpack_sharing_enabled":true,"_links":{"self":[{"href":"https:\/\/www.modelcars24.de\/es\/wp-json\/wp\/v2\/product\/60307","targetHints":{"allow":["GET"]}}],"collection":[{"href":"https:\/\/www.modelcars24.de\/es\/wp-json\/wp\/v2\/product"}],"about":[{"href":"https:\/\/www.modelcars24.de\/es\/wp-json\/wp\/v2\/types\/product"}],"replies":[{"embeddable":true,"href":"https:\/\/www.modelcars24.de\/es\/wp-json\/wp\/v2\/comments?post=60307"}],"version-history":[{"count":3,"href":"https:\/\/www.modelcars24.de\/es\/wp-json\/wp\/v2\/product\/60307\/revisions"}],"predecessor-version":[{"id":60339,"href":"https:\/\/www.modelcars24.de\/es\/wp-json\/wp\/v2\/product\/60307\/revisions\/60339"}],"wp:featuredmedia":[{"embeddable":true,"href":"https:\/\/www.modelcars24.de\/es\/wp-json\/wp\/v2\/media\/60257"}],"wp:attachment":[{"href":"https:\/\/www.modelcars24.de\/es\/wp-json\/wp\/v2\/media?parent=60307"}],"wp:term":[{"taxonomy":"product_brand","embeddable":true,"href":"https:\/\/www.modelcars24.de\/es\/wp-json\/wp\/v2\/product_brand?post=60307"},{"taxonomy":"product_cat","embeddable":true,"href":"https:\/\/www.modelcars24.de\/es\/wp-json\/wp\/v2\/product_cat?post=60307"},{"taxonomy":"product_tag","embeddable":true,"href":"https:\/\/www.modelcars24.de\/es\/wp-json\/wp\/v2\/product_tag?post=60307"}],"curies":[{"name":"wp","href":"https:\/\/api.w.org\/{rel}","templated":true}]}}