{"id":60309,"date":"2026-02-02T00:00:00","date_gmt":"2026-02-01T23:00:00","guid":{"rendered":"https:\/\/www.modelcars24.de\/?post_type=product&#038;p=60309"},"modified":"2026-02-05T21:28:54","modified_gmt":"2026-02-05T20:28:54","slug":"cmc-ferrari-375-mm-spider-azul-con-raya-blanca14-edicion-limitada-1500-piezas","status":"publish","type":"product","link":"https:\/\/www.modelcars24.de\/es\/cmc-ferrari-375-mm-spider-blue-with-white-stripe14-limited-edition-1500-stueck\/","title":{"rendered":"CMC Ferrari 375 MM Spider, azul con raya blanca#14, Edici\u00f3n limitada 1500 piezas"},"content":{"rendered":"<p>CMC Ferrari 375 MM Spider, azul con raya blanca#14, Edici\u00f3n limitada 1500 piezasModelo de colecci\u00f3n de alta calidad en escala 1:18 M-305<\/p>\n<p>El Ferrari 375 MM Spider es una leyenda V12 de la d\u00e9cada de 1950. Construido para la Mille Miglia con 340 CV y carrocer\u00eda Pinin-Farina, hoy es uno de los cl\u00e1sicos m\u00e1s exclusivos. Su potencia y elegancia lo convierten en el sue\u00f1o de todo coleccionista.<\/p>\n<p>Claramente - este es el camale\u00f3n entre los Ferrari 375 MM: no s\u00f3lo los numerosos<br \/>\nCambio de color por repintado, el coche tambi\u00e9n cambia varias veces de identidad<br \/>\nmodificando el n\u00famero de chasis, a veces como proceso confirmado, a veces como mera sospecha.<br \/>\n- y, adem\u00e1s, se cambiaban y retimbraban los motores, como si la identidad del<br \/>\ncoches por completo.<br \/>\nEl coche fue entregado a Enrique D\u00edaz Valiente en Argentina a finales de 1953.<br \/>\ncomenz\u00f3 la exitosa historia de las carreras. Con el cambio de propietarios, el coche tom\u00f3<br \/>\nen numerosas carreras en Sudam\u00e9rica hasta que un tronco de \u00e1rbol puso fin abruptamente a esto en enero del 57.<br \/>\nconjunto. En aquel momento, el Ford V 8 antes mencionado tambi\u00e9n estaba en la lista de transplantes.<br \/>\njunto con un n\u00famero de chasis modificado.<br \/>\nEl coche desapareci\u00f3 hasta que fue localizado en estado desolado en Montevideo en 1983.<br \/>\nfue construido. El conde Vittorio Zanon di Valguriata llev\u00f3 el veh\u00edculo a Italia, donde fue completamente restaurado.<br \/>\nfue restaurado y se le dio un motor original y sin embargo el n\u00famero de motor fue<br \/>\ncambiado.<br \/>\nEn los a\u00f1os siguientes, el chasis 0374 se vendi\u00f3 una y otra vez, pero siempre se vendi\u00f3 en<br \/>\nmostrado en eventos de coches cl\u00e1sicos. Despu\u00e9s de 2017, se llev\u00f3 a cabo una restauraci\u00f3n completa en Ferrari Classiche,<br \/>\nPosteriormente, el chasis 0374 pudo admirarse en el Museo Enzo Ferrari.<br \/>\n2022 fue la \u00faltima parada por el momento: Balaji Ramamoorthy en los EE.UU. compra el coche que<br \/>\nha sido un invitado habitual de la Mille Miglia desde entonces.<\/p>\n<p>N\u00famero de art\u00edculo: M-305<\/p>","protected":false},"excerpt":{"rendered":"<p>M-305 &#8211; preorder -anstatt 657 \u20ac jetzt 590 \u20ac inkl. 19% Vat<\/p>","protected":false},"featured_media":60258,"comment_status":"open","ping_status":"closed","template":"","meta":[],"product_brand":[537],"product_cat":[18,63,262],"product_tag":[955,46,209,263],"class_list":{"0":"post-60309","1":"product","2":"type-product","3":"status-publish","4":"has-post-thumbnail","6":"product_brand-cmc","7":"product_cat-cmc","8":"product_cat-ferrari","9":"product_cat-vorbestellbar","10":"product_tag-1-m","11":"product_tag-cmc","12":"product_tag-ferrari","13":"product_tag-vorbestellbar","14":"pa_automarke-mercedes","15":"pa_decade-1950s","16":"pa_fahrzeugtyp-gt-rennen","17":"pa_massstab-1-18","18":"pa_modelmarke-cmc","19":"pa_modeltyp-alles-zum-oeffnen","20":"pa_modeltyp-fertigmodell","21":"pa_status-beim-hersteller-verfuegbar","22":"pa_verfuegbarkeit-vorbestellbar","23":"pa_zustand_modell-1-brandneu","24":"pa_zustand_verpackung-1-brandneu","26":"first","27":"instock","28":"sale","29":"taxable","30":"shipping-taxable","31":"purchasable","32":"product-type-simple"},"jetpack_sharing_enabled":true,"_links":{"self":[{"href":"https:\/\/www.modelcars24.de\/es\/wp-json\/wp\/v2\/product\/60309","targetHints":{"allow":["GET"]}}],"collection":[{"href":"https:\/\/www.modelcars24.de\/es\/wp-json\/wp\/v2\/product"}],"about":[{"href":"https:\/\/www.modelcars24.de\/es\/wp-json\/wp\/v2\/types\/product"}],"replies":[{"embeddable":true,"href":"https:\/\/www.modelcars24.de\/es\/wp-json\/wp\/v2\/comments?post=60309"}],"version-history":[{"count":2,"href":"https:\/\/www.modelcars24.de\/es\/wp-json\/wp\/v2\/product\/60309\/revisions"}],"predecessor-version":[{"id":60340,"href":"https:\/\/www.modelcars24.de\/es\/wp-json\/wp\/v2\/product\/60309\/revisions\/60340"}],"wp:featuredmedia":[{"embeddable":true,"href":"https:\/\/www.modelcars24.de\/es\/wp-json\/wp\/v2\/media\/60258"}],"wp:attachment":[{"href":"https:\/\/www.modelcars24.de\/es\/wp-json\/wp\/v2\/media?parent=60309"}],"wp:term":[{"taxonomy":"product_brand","embeddable":true,"href":"https:\/\/www.modelcars24.de\/es\/wp-json\/wp\/v2\/product_brand?post=60309"},{"taxonomy":"product_cat","embeddable":true,"href":"https:\/\/www.modelcars24.de\/es\/wp-json\/wp\/v2\/product_cat?post=60309"},{"taxonomy":"product_tag","embeddable":true,"href":"https:\/\/www.modelcars24.de\/es\/wp-json\/wp\/v2\/product_tag?post=60309"}],"curies":[{"name":"wp","href":"https:\/\/api.w.org\/{rel}","templated":true}]}}