{"id":60470,"date":"2026-02-09T19:19:54","date_gmt":"2026-02-09T18:19:54","guid":{"rendered":"https:\/\/www.modelcars24.de\/?post_type=product&#038;p=60470"},"modified":"2026-02-09T19:30:01","modified_gmt":"2026-02-09T18:30:01","slug":"bbr-ferrari-296-speciale-viola-hong-kong","status":"publish","type":"product","link":"https:\/\/www.modelcars24.de\/es\/bbr-ferrari-296-speciale-viola-hong-kong\/","title":{"rendered":"BBR Ferrari 296 Speciale Viola Hong Kong uno de 46 - 1\/18"},"content":{"rendered":"<p>BBR Ferrari 296 Speciale Viola Hong Kong. Modelo de coleccionista de alta calidad a escala 1:18.<\/p>\n<p>El Ferrari 296 Speciale representa la evoluci\u00f3n del 296 GTB. Lanzada en abril de 2025 -al mismo tiempo que la versi\u00f3n A (Aperta) con techo duro retr\u00e1ctil- esta berlinetta h\u00edbrida enchufable ofrece una reducci\u00f3n significativa del peso y un aumento de las prestaciones generales. El dise\u00f1o es inmediatamente reconocible del GTB gracias a las piezas aerodin\u00e1micas a\u00f1adidas del 296 Challenge, como el amortiguador aerodin\u00e1mico delantero, que dirige el aire desde abajo hacia el cap\u00f3 y estabiliza as\u00ed el frontal. En la parte trasera, llaman la atenci\u00f3n las llamativas aletas laterales, que reducen la resistencia aerodin\u00e1mica y aumentan la carga aerodin\u00e1mica en 20 % en comparaci\u00f3n con el 296 GTB. El motor sigue siendo un V6 biturbo en combinaci\u00f3n con un motor el\u00e9ctrico MGU-K, pero la potencia total aumenta hasta los 880 CV, un incremento de 50 CV en comparaci\u00f3n con el 296 GTB.<\/p>\n<p>N\u00famero de art\u00edculo: P18269F<\/p>\n<p>con tapa acr\u00edlica<\/p>","protected":false},"excerpt":{"rendered":"<p>1:18 &#8211; P18269F &#8211; preorder &#8211; 429,00 \u20ac inkl. 19% Vat<\/p>","protected":false},"featured_media":60471,"comment_status":"open","ping_status":"closed","template":"","meta":[],"product_brand":[851],"product_cat":[169,63,34,262],"product_tag":[78,173,209,263],"class_list":{"0":"post-60470","1":"product","2":"type-product","3":"status-publish","4":"has-post-thumbnail","6":"product_brand-bbr","7":"product_cat-bbr","8":"product_cat-ferrari","9":"product_cat-nicht-verfuegbar","10":"product_cat-vorbestellbar","11":"product_tag-angebot","12":"product_tag-bbr","13":"product_tag-ferrari","14":"product_tag-vorbestellbar","15":"pa_automarke-ferrari","16":"pa_decade-2020s","17":"pa_fahrzeugtyp-coupe","18":"pa_farbe-rot","19":"pa_limitiert-ja","20":"pa_massstab-1-18","21":"pa_modelmarke-bbr","22":"pa_modeltyp-fertigmodell","23":"pa_modeltyp-geschlossen","24":"pa_status-beim-hersteller-verfuegbar","25":"pa_verfuegbarkeit-nicht-verfuegbar","26":"pa_zustand_modell-1-brandneu","27":"pa_zustand_verpackung-1-brandneu","29":"first","30":"instock","31":"taxable","32":"shipping-taxable","33":"purchasable","34":"product-type-simple"},"jetpack_sharing_enabled":true,"_links":{"self":[{"href":"https:\/\/www.modelcars24.de\/es\/wp-json\/wp\/v2\/product\/60470","targetHints":{"allow":["GET"]}}],"collection":[{"href":"https:\/\/www.modelcars24.de\/es\/wp-json\/wp\/v2\/product"}],"about":[{"href":"https:\/\/www.modelcars24.de\/es\/wp-json\/wp\/v2\/types\/product"}],"replies":[{"embeddable":true,"href":"https:\/\/www.modelcars24.de\/es\/wp-json\/wp\/v2\/comments?post=60470"}],"version-history":[{"count":1,"href":"https:\/\/www.modelcars24.de\/es\/wp-json\/wp\/v2\/product\/60470\/revisions"}],"predecessor-version":[{"id":60475,"href":"https:\/\/www.modelcars24.de\/es\/wp-json\/wp\/v2\/product\/60470\/revisions\/60475"}],"wp:featuredmedia":[{"embeddable":true,"href":"https:\/\/www.modelcars24.de\/es\/wp-json\/wp\/v2\/media\/60471"}],"wp:attachment":[{"href":"https:\/\/www.modelcars24.de\/es\/wp-json\/wp\/v2\/media?parent=60470"}],"wp:term":[{"taxonomy":"product_brand","embeddable":true,"href":"https:\/\/www.modelcars24.de\/es\/wp-json\/wp\/v2\/product_brand?post=60470"},{"taxonomy":"product_cat","embeddable":true,"href":"https:\/\/www.modelcars24.de\/es\/wp-json\/wp\/v2\/product_cat?post=60470"},{"taxonomy":"product_tag","embeddable":true,"href":"https:\/\/www.modelcars24.de\/es\/wp-json\/wp\/v2\/product_tag?post=60470"}],"curies":[{"name":"wp","href":"https:\/\/api.w.org\/{rel}","templated":true}]}}