{"id":61385,"date":"2026-02-24T10:50:30","date_gmt":"2026-02-24T09:50:30","guid":{"rendered":"https:\/\/www.modelcars24.de\/?post_type=product&#038;p=61385"},"modified":"2026-02-27T10:53:34","modified_gmt":"2026-02-27T09:53:34","slug":"bbr-ferrari-488-pista-spider-rosso-corsa-con-franja-italiana-uno-de-48-118","status":"publish","type":"product","link":"https:\/\/www.modelcars24.de\/es\/bbr-ferrari-488-pista-spider-rosso-corsa-with-italian-stripe-one-of-48-1-18\/","title":{"rendered":"BBR Ferrari 488 Pista Spider Rosso Corsa con raya italiana uno de 48 - 1\/18"},"content":{"rendered":"<h2>BBR Ferrari 488 Pista Spider Azzurro la Plata con raya blanca uno de 48<\/h2>\n<p>El Ferrari 488 Pista contin\u00faa la tradici\u00f3n de las famosas ediciones especiales V8 de Ferrari, que transforman el modelo est\u00e1ndar en una versi\u00f3n extrema, ligera y preparada para la pista. El 488 Pista se inspira en las carreras, en particular en los programas Ferrari Challenge y GTE. Su dise\u00f1o se centra sistem\u00e1ticamente en el rendimiento: La llamativa toma de aire (S-Duct) en el cap\u00f3 dirige el aire y aumenta as\u00ed la carga aerodin\u00e1mica. En la parte trasera, el parabrisas trasero de Lexan, m\u00e1s ligero, y un aler\u00f3n fijo generan carga aerodin\u00e1mica. El resultado es un agarre y una estabilidad m\u00e1ximos incluso a velocidades muy altas.<\/p>\n<p>con tap\u00f3n acr\u00edlico, limitada a 48 unidades.<\/p>\n<p>P18162C4<\/p>","protected":false},"excerpt":{"rendered":"<p>P18162C4 &#8211; preorder &#8211; 445 \u20ac inkl. 19% Vat<\/p>","protected":false},"featured_media":61386,"comment_status":"open","ping_status":"closed","template":"","meta":[],"product_brand":[851],"product_cat":[169,63,262],"product_tag":[173,209,202],"class_list":{"0":"post-61385","1":"product","2":"type-product","3":"status-publish","4":"has-post-thumbnail","6":"product_brand-bbr","7":"product_cat-bbr","8":"product_cat-ferrari","9":"product_cat-vorbestellbar","10":"product_tag-bbr","11":"product_tag-ferrari","12":"product_tag-verfuegbar","13":"pa_automarke-ferrari","14":"pa_decade-2020s","15":"pa_fahrzeugtyp-gt-rennen","16":"pa_farbe-rot","17":"pa_limitiert-ja","18":"pa_massstab-1-18","19":"pa_modelmarke-bbr","20":"pa_modeltyp-fertigmodell","21":"pa_modeltyp-geschlossen","22":"pa_status-beim-hersteller-ausverkauft","23":"pa_verfuegbarkeit-5-tage-lieferzeit","24":"pa_zustand_modell-1-brandneu","25":"pa_zustand_verpackung-1-brandneu","27":"first","28":"instock","29":"taxable","30":"shipping-taxable","31":"purchasable","32":"product-type-simple"},"jetpack_sharing_enabled":true,"_links":{"self":[{"href":"https:\/\/www.modelcars24.de\/es\/wp-json\/wp\/v2\/product\/61385","targetHints":{"allow":["GET"]}}],"collection":[{"href":"https:\/\/www.modelcars24.de\/es\/wp-json\/wp\/v2\/product"}],"about":[{"href":"https:\/\/www.modelcars24.de\/es\/wp-json\/wp\/v2\/types\/product"}],"replies":[{"embeddable":true,"href":"https:\/\/www.modelcars24.de\/es\/wp-json\/wp\/v2\/comments?post=61385"}],"version-history":[{"count":2,"href":"https:\/\/www.modelcars24.de\/es\/wp-json\/wp\/v2\/product\/61385\/revisions"}],"predecessor-version":[{"id":61394,"href":"https:\/\/www.modelcars24.de\/es\/wp-json\/wp\/v2\/product\/61385\/revisions\/61394"}],"wp:featuredmedia":[{"embeddable":true,"href":"https:\/\/www.modelcars24.de\/es\/wp-json\/wp\/v2\/media\/61386"}],"wp:attachment":[{"href":"https:\/\/www.modelcars24.de\/es\/wp-json\/wp\/v2\/media?parent=61385"}],"wp:term":[{"taxonomy":"product_brand","embeddable":true,"href":"https:\/\/www.modelcars24.de\/es\/wp-json\/wp\/v2\/product_brand?post=61385"},{"taxonomy":"product_cat","embeddable":true,"href":"https:\/\/www.modelcars24.de\/es\/wp-json\/wp\/v2\/product_cat?post=61385"},{"taxonomy":"product_tag","embeddable":true,"href":"https:\/\/www.modelcars24.de\/es\/wp-json\/wp\/v2\/product_tag?post=61385"}],"curies":[{"name":"wp","href":"https:\/\/api.w.org\/{rel}","templated":true}]}}