{"id":61435,"date":"2026-02-24T11:52:21","date_gmt":"2026-02-24T10:52:21","guid":{"rendered":"https:\/\/www.modelcars24.de\/?post_type=product&#038;p=61435"},"modified":"2026-02-25T12:24:03","modified_gmt":"2026-02-25T11:24:03","slug":"bbr-ferrari-enzo-open-diecast-nero-ds-negro-y-amarillo-llantas-polifoam-pack-1-18","status":"publish","type":"product","link":"https:\/\/www.modelcars24.de\/es\/bbr-ferrari-enzo-open-diecast-nero-ds-black-and-yellow-wheels-polifoam-pack-1-18\/","title":{"rendered":"BBR Ferrari Enzo open diecast Nero DS - Llantas negras y amarillas - polifoam pack - 1\/18"},"content":{"rendered":"<h2>BBR Ferrari Enzo open diecast Nero DS - Llantas negras y amarillas - polifoam pack - 1\/18<\/h2>\n<p>BBR presenta un nuevo modelo. Gracias a la moderna tecnolog\u00eda, las puertas se han redise\u00f1ado y ahora pueden abrirse de forma m\u00e1s realista. Adem\u00e1s del ahorro de costes que suponen los nuevos moldes, el interior se ha mejorado con asientos de tacto suave y cinturones de seguridad de tela. El chasis es totalmente funcional e incorpora un aler\u00f3n trasero m\u00f3vil. Las puertas, el cap\u00f3 y el tap\u00f3n del dep\u00f3sito pueden abrirse.<\/p>\n<p>El modelo impresiona con detalles realistas como las maletas que pueden guardarse en el maletero y la posibilidad de desmontar las ruedas con una llave especial a escala real. Consta de 570 piezas.<\/p>\n<p>El homenaje del Cavallino Rampante a su fundador. El Ferrari Enzo se lanz\u00f3 en 2002, un a\u00f1o que marc\u00f3 un hito importante en la triunfal carrera de Michael Schumacher en la F\u00f3rmula 1. Tras s\u00f3lo once Grandes Premios, el alem\u00e1n gan\u00f3 el campeonato del mundo de pilotos: Tras s\u00f3lo once Grandes Premios, el alem\u00e1n se proclam\u00f3 campe\u00f3n del mundo de pilotos. El Enzo, del que se construyeron 399 unidades, fue el resultado de una transferencia tecnol\u00f3gica de los coches de carreras a los de carretera. La carrocer\u00eda, obra de Pininfarina, combina estilo y funcionalidad y se caracteriza por unas l\u00edneas poderosas con un frontal inspirado en el F2002, que Schumacher pilot\u00f3 en la F\u00f3rmula 1.<\/p>\n<p>Base y expositor incluidos<\/p>\n<p>N\u00famero de art\u00edculo: HE182509C<\/p>","protected":false},"excerpt":{"rendered":"<p>HE182509C &#8211;\u00a0 preorder &#8211; 355,00 \u20ac inkl. 19% vat<\/p>","protected":false},"featured_media":61408,"comment_status":"open","ping_status":"closed","template":"","meta":{"_acf_changed":false},"product_brand":[851],"product_cat":[169,63,262],"product_tag":[173,209,202],"class_list":{"0":"post-61435","1":"product","2":"type-product","3":"status-publish","4":"has-post-thumbnail","6":"product_brand-bbr","7":"product_cat-bbr","8":"product_cat-ferrari","9":"product_cat-vorbestellbar","10":"product_tag-bbr","11":"product_tag-ferrari","12":"product_tag-verfuegbar","13":"pa_automarke-ferrari","14":"pa_decade-2020s","15":"pa_fahrzeugtyp-gt-rennen","16":"pa_farbe-rot","17":"pa_limitiert-ja","18":"pa_massstab-1-18","19":"pa_modelmarke-bbr","20":"pa_modeltyp-fertigmodell","21":"pa_modeltyp-geschlossen","22":"pa_status-beim-hersteller-verfuegbar","23":"pa_verfuegbarkeit-vorbestellbar","24":"pa_zustand_modell-1-brandneu","25":"pa_zustand_verpackung-1-brandneu","27":"first","28":"instock","29":"taxable","30":"shipping-taxable","31":"purchasable","32":"product-type-simple"},"acf":[],"jetpack_sharing_enabled":true,"_links":{"self":[{"href":"https:\/\/www.modelcars24.de\/es\/wp-json\/wp\/v2\/product\/61435","targetHints":{"allow":["GET"]}}],"collection":[{"href":"https:\/\/www.modelcars24.de\/es\/wp-json\/wp\/v2\/product"}],"about":[{"href":"https:\/\/www.modelcars24.de\/es\/wp-json\/wp\/v2\/types\/product"}],"replies":[{"embeddable":true,"href":"https:\/\/www.modelcars24.de\/es\/wp-json\/wp\/v2\/comments?post=61435"}],"version-history":[{"count":1,"href":"https:\/\/www.modelcars24.de\/es\/wp-json\/wp\/v2\/product\/61435\/revisions"}],"predecessor-version":[{"id":61436,"href":"https:\/\/www.modelcars24.de\/es\/wp-json\/wp\/v2\/product\/61435\/revisions\/61436"}],"wp:featuredmedia":[{"embeddable":true,"href":"https:\/\/www.modelcars24.de\/es\/wp-json\/wp\/v2\/media\/61408"}],"wp:attachment":[{"href":"https:\/\/www.modelcars24.de\/es\/wp-json\/wp\/v2\/media?parent=61435"}],"wp:term":[{"taxonomy":"product_brand","embeddable":true,"href":"https:\/\/www.modelcars24.de\/es\/wp-json\/wp\/v2\/product_brand?post=61435"},{"taxonomy":"product_cat","embeddable":true,"href":"https:\/\/www.modelcars24.de\/es\/wp-json\/wp\/v2\/product_cat?post=61435"},{"taxonomy":"product_tag","embeddable":true,"href":"https:\/\/www.modelcars24.de\/es\/wp-json\/wp\/v2\/product_tag?post=61435"}],"curies":[{"name":"wp","href":"https:\/\/api.w.org\/{rel}","templated":true}]}}