{"id":61628,"date":"2026-02-27T14:04:56","date_gmt":"2026-02-27T13:04:56","guid":{"rendered":"https:\/\/www.modelcars24.de\/?post_type=product&#038;p=61628"},"modified":"2026-03-04T14:13:14","modified_gmt":"2026-03-04T13:13:14","slug":"autoart-mercedes-benz-s63-amg-silber","status":"publish","type":"product","link":"https:\/\/www.modelcars24.de\/es\/autoart-mercedes-benz-s63-amg-silber\/","title":{"rendered":"AUTOart Mercedes-Benz S63 AMG silber &#8211; 1\/18"},"content":{"rendered":"<h2>AUTOart Mercedes-Benz S63 AMG silber Millenium &#8211; 1\/18 \u00a0diecast<\/h2>\n<article class=\"teaser teaser-hero full-page-width-s is-vertical-l no-hover-line\">Dieses Sammlerst\u00fcck ist ein Highlight f\u00fcr Enthusiasten: Der Mercedes-Benz S63 AMG von AUTOart (Art.-Nr. 76241) besticht in klassischem 744 Brillantsilber. Als Teil der begehrten Millennium-Serie setzt das 1:18-Modell Ma\u00dfst\u00e4be in Sachen Pr\u00e4zision.<\/p>\n<p>Details &amp; Highlights<\/p>\n<ul>\n<li>Exzellente Verarbeitung: Die Karosserie aus hochwertigem Diecast \u00fcberzeugt durch perfekte Spaltma\u00dfe und makellosen Lack.<\/li>\n<li>Interieur: Der Innenraum ist detailverliebt beflockt, inklusive authentischer Holzzierleisten und feiner Instrumentierung.<\/li>\n<li>Technik: Motorhaube, T\u00fcren und Kofferraum lassen sich \u00f6ffnen und geben den Blick auf das akribisch nachgebildete V8-Triebwerk frei.<\/li>\n<\/ul>\n<p>Ein Muss f\u00fcr jede AMG-Sammlung, das zeitlose Eleganz und brachiale Sportlichkeit perfekt im Miniaturformat vereint.<\/p>\n<\/article>\n<p>Artikelnummer: 76241<\/p>\n<p>2-nuevo<\/p>","protected":false},"excerpt":{"rendered":"<p>76241 &#8211; 2-neuwertig &#8211; 445,00 \u20ac<\/p>","protected":false},"featured_media":61631,"comment_status":"open","ping_status":"closed","template":"","meta":{"_acf_changed":false},"product_brand":[846],"product_cat":[185,941,45,21],"product_tag":[186,187,188,189],"class_list":{"0":"post-61628","1":"product","2":"type-product","3":"status-publish","4":"has-post-thumbnail","6":"product_brand-autoart","7":"product_cat-autoart","8":"product_cat-mercedes-amg","9":"product_cat-neuzugang","10":"product_cat-verfuegbar","11":"product_tag-118-scale-diecast-replica-model","12":"product_tag-autoart","13":"product_tag-diecast-replica-model-by-autoart","14":"product_tag-gt3rs-for-sale","15":"pa_automarke-mercedes","16":"pa_decade-1980s","17":"pa_fahrzeugtyp-coupe","18":"pa_farbe-gruen","19":"pa_limitiert-nein","20":"pa_massstab-1-18","21":"pa_modelmarke-autoart","22":"pa_modeltyp-alles-zum-oeffnen","23":"pa_modeltyp-fertigmodell","24":"pa_status-beim-hersteller-ausverkauft","25":"pa_verfuegbarkeit-sofort-verfuegbar","26":"pa_zustand_modell-2-neuwertig","27":"pa_zustand_verpackung-2-neuwertig","29":"first","30":"outofstock","31":"purchasable","32":"product-type-simple"},"acf":[],"jetpack_sharing_enabled":true,"_links":{"self":[{"href":"https:\/\/www.modelcars24.de\/es\/wp-json\/wp\/v2\/product\/61628","targetHints":{"allow":["GET"]}}],"collection":[{"href":"https:\/\/www.modelcars24.de\/es\/wp-json\/wp\/v2\/product"}],"about":[{"href":"https:\/\/www.modelcars24.de\/es\/wp-json\/wp\/v2\/types\/product"}],"replies":[{"embeddable":true,"href":"https:\/\/www.modelcars24.de\/es\/wp-json\/wp\/v2\/comments?post=61628"}],"version-history":[{"count":1,"href":"https:\/\/www.modelcars24.de\/es\/wp-json\/wp\/v2\/product\/61628\/revisions"}],"predecessor-version":[{"id":61638,"href":"https:\/\/www.modelcars24.de\/es\/wp-json\/wp\/v2\/product\/61628\/revisions\/61638"}],"wp:featuredmedia":[{"embeddable":true,"href":"https:\/\/www.modelcars24.de\/es\/wp-json\/wp\/v2\/media\/61631"}],"wp:attachment":[{"href":"https:\/\/www.modelcars24.de\/es\/wp-json\/wp\/v2\/media?parent=61628"}],"wp:term":[{"taxonomy":"product_brand","embeddable":true,"href":"https:\/\/www.modelcars24.de\/es\/wp-json\/wp\/v2\/product_brand?post=61628"},{"taxonomy":"product_cat","embeddable":true,"href":"https:\/\/www.modelcars24.de\/es\/wp-json\/wp\/v2\/product_cat?post=61628"},{"taxonomy":"product_tag","embeddable":true,"href":"https:\/\/www.modelcars24.de\/es\/wp-json\/wp\/v2\/product_tag?post=61628"}],"curies":[{"name":"wp","href":"https:\/\/api.w.org\/{rel}","templated":true}]}}