{"id":61772,"date":"2026-03-06T11:23:04","date_gmt":"2026-03-06T10:23:04","guid":{"rendered":"https:\/\/www.modelcars24.de\/?post_type=product&#038;p=61772"},"modified":"2026-03-10T13:31:38","modified_gmt":"2026-03-10T12:31:38","slug":"autoart-porsche-911-997-gt2-rs","status":"publish","type":"product","link":"https:\/\/www.modelcars24.de\/es\/autoart-porsche-911-997-gt2-rs\/","title":{"rendered":"AUTOart Porsche 911 (997) GT2 RS- 1\/18"},"content":{"rendered":"<h2>AUTOart Porsche 911 (997) GT2 RS - 1\/18 diecast<\/h2>\n<article class=\"teaser teaser-hero full-page-width-s is-vertical-l no-hover-line\">El Porsche 911 (997) GT2 RS de Autoart, perteneciente a la prestigiosa serie Performance, es una pieza clave en cualquier colecci\u00f3n de alta gama. Como modelo cl\u00e1sico de fundici\u00f3n a presi\u00f3n, impresiona con una pesadez y un valor de los que a menudo carecen los materiales compuestos modernos.<\/p>\n<p>Este ejemplo est\u00e1 en excelentes condiciones y demuestra de manera impresionante por qu\u00e9 Autoart establece est\u00e1ndares en este segmento:<\/p>\n<ul>\n<li>Precisi\u00f3n: las dimensiones de los huecos son perfectas, la pintura impecable.<\/li>\n<li>Detalles: Un compartimento del motor totalmente detallado, estructuras de carbono finamente reproducidas y un interior fiel al original con moqueta hacen que los corazones de los coleccionistas latan m\u00e1s r\u00e1pido.<\/li>\n<li>Tecnolog\u00eda: Las ruedas delanteras direccionales y la apertura de puertas y cap\u00f3s revelan la enorme profundidad de la r\u00e9plica.<\/li>\n<\/ul>\n<p>Una pieza de coleccionista altamente detallada que transporta a la perfecci\u00f3n la fuerza bruta del prototipo de 620 CV a la vitrina.<\/p>\n<\/article>\n<p>N\u00famero de art\u00edculo: 77964<\/p>\n<p>2-nuevo<\/p>","protected":false},"excerpt":{"rendered":"<p>77964 &#8211; 2-neuwertig &#8211; 185,00 \u20ac<\/p>","protected":false},"featured_media":61774,"comment_status":"open","ping_status":"closed","template":"","meta":{"_acf_changed":false},"product_brand":[846],"product_cat":[185,45,56,21],"product_tag":[186,187,188,189],"class_list":{"0":"post-61772","1":"product","2":"type-product","3":"status-publish","4":"has-post-thumbnail","6":"product_brand-autoart","7":"product_cat-autoart","8":"product_cat-neuzugang","9":"product_cat-porsche","10":"product_cat-verfuegbar","11":"product_tag-118-scale-diecast-replica-model","12":"product_tag-autoart","13":"product_tag-diecast-replica-model-by-autoart","14":"product_tag-gt3rs-for-sale","15":"pa_automarke-porsche","16":"pa_decade-2000s","17":"pa_fahrzeugtyp-coupe","18":"pa_farbe-gruen","19":"pa_limitiert-nein","20":"pa_massstab-1-18","21":"pa_modelmarke-autoart","22":"pa_modeltyp-alles-zum-oeffnen","23":"pa_modeltyp-fertigmodell","24":"pa_status-beim-hersteller-ausverkauft","25":"pa_verfuegbarkeit-sofort-verfuegbar","26":"pa_zustand_modell-2-neuwertig","27":"pa_zustand_verpackung-2-neuwertig","29":"first","30":"instock","31":"purchasable","32":"product-type-simple"},"acf":[],"jetpack_sharing_enabled":true,"_links":{"self":[{"href":"https:\/\/www.modelcars24.de\/es\/wp-json\/wp\/v2\/product\/61772","targetHints":{"allow":["GET"]}}],"collection":[{"href":"https:\/\/www.modelcars24.de\/es\/wp-json\/wp\/v2\/product"}],"about":[{"href":"https:\/\/www.modelcars24.de\/es\/wp-json\/wp\/v2\/types\/product"}],"replies":[{"embeddable":true,"href":"https:\/\/www.modelcars24.de\/es\/wp-json\/wp\/v2\/comments?post=61772"}],"version-history":[{"count":3,"href":"https:\/\/www.modelcars24.de\/es\/wp-json\/wp\/v2\/product\/61772\/revisions"}],"predecessor-version":[{"id":61787,"href":"https:\/\/www.modelcars24.de\/es\/wp-json\/wp\/v2\/product\/61772\/revisions\/61787"}],"wp:featuredmedia":[{"embeddable":true,"href":"https:\/\/www.modelcars24.de\/es\/wp-json\/wp\/v2\/media\/61774"}],"wp:attachment":[{"href":"https:\/\/www.modelcars24.de\/es\/wp-json\/wp\/v2\/media?parent=61772"}],"wp:term":[{"taxonomy":"product_brand","embeddable":true,"href":"https:\/\/www.modelcars24.de\/es\/wp-json\/wp\/v2\/product_brand?post=61772"},{"taxonomy":"product_cat","embeddable":true,"href":"https:\/\/www.modelcars24.de\/es\/wp-json\/wp\/v2\/product_cat?post=61772"},{"taxonomy":"product_tag","embeddable":true,"href":"https:\/\/www.modelcars24.de\/es\/wp-json\/wp\/v2\/product_tag?post=61772"}],"curies":[{"name":"wp","href":"https:\/\/api.w.org\/{rel}","templated":true}]}}