{"id":61879,"date":"2026-03-10T14:40:06","date_gmt":"2026-03-10T13:40:06","guid":{"rendered":"https:\/\/www.modelcars24.de\/?post_type=product&#038;p=61879"},"modified":"2026-03-12T11:03:17","modified_gmt":"2026-03-12T10:03:17","slug":"modelcars24-autentico-cmc-ferrari-250-lm-ganador-de-le-mans","status":"publish","type":"product","link":"https:\/\/www.modelcars24.de\/es\/modelcars24-authentic-cmc-ferrari-250-lm-le-mans-winner\/","title":{"rendered":"modelcars24 autentico CMC Ferrari 250 LM Le Mans Ganador 1965 Rindt\/Gregory"},"content":{"rendered":"<h3>modelcars24 autentico CMC Ferrari 250 LM Le Mans Ganador 1965 Rindt\/Gregory<\/h3>\n<p>CMC M-263 presenta el chasis 5893, con el que Jochen Rindt y Masten Gregory consiguieron una sensacional victoria general en las 24 Horas de Le Mans de 1965 bajo la inscripci\u00f3n N.A.R.T. con el n\u00famero de salida #21. En nuestra serie Authentic, estamos creando 6 modelos exclusivos que muestran el Ferrari en las condiciones en las que podr\u00eda haber cruzado la l\u00ednea de meta tras la agotadora batalla de calor.<\/p>\n<p>Los detalles de la edici\u00f3n \u201eAfter Race\u201c:<br \/>\nLlantas y chasis: Al igual que el original, nuestro modelo tiene llantas pintadas de color plateado sobre las que se ha depositado una gruesa capa de polvo de frenos, abrasi\u00f3n de neum\u00e1ticos y suciedad de la carretera en el transcurso de 24 horas.<\/p>\n<p>Parte delantera: El distintivo morro y el deflector de viento est\u00e1n marcados por innumerables insectos que dan fe de las altas velocidades en la recta de Hunaudi\u00e8res.<\/p>\n<p>Huellas de carrocer\u00eda: En la carrocer\u00eda se aprecian ligeras estr\u00edas debidas al uso intensivo del sistema lavaparabrisas. Los t\u00edpicos dep\u00f3sitos de holl\u00edn en la parte trasera tambi\u00e9n son testigos de la potencia del motor V12.<\/p>\n<p>Realismo de las paradas en boxes: En el ajetreo de las paradas nocturnas para repostar, era inevitable que un poco de gasolina se impregnara en la carrocer\u00eda y dejara su huella.<\/p>\n<p>Equipamiento exclusivo<br \/>\nEste modelo se entrega con un estuche de alta calidad, una placa grabada y un certificado. Se trata de una pieza de coleccionista estrictamente limitada -s\u00f3lo seis ejemplares en todo el mundo- que lleva el incomparable ambiente de carreras de Le Mans 1965 directamente a su colecci\u00f3n.<\/p>\n<p>N\u00famero de art\u00edculo: Mcars-M-263<\/p>","protected":false},"excerpt":{"rendered":"<p>1-brandneu &#8211; 1100,00 \u20ac inkl. 19% Vat<\/p>","protected":false},"featured_media":61883,"comment_status":"open","ping_status":"closed","template":"","meta":[],"product_brand":[841],"product_cat":[918,18,63,229,20,21],"product_tag":[],"class_list":{"0":"post-61879","1":"product","2":"type-product","3":"status-publish","4":"has-post-thumbnail","6":"product_brand-modelcars24","7":"product_cat-authentic","8":"product_cat-cmc","9":"product_cat-ferrari","10":"product_cat-modelcars24","11":"product_cat-titel","12":"product_cat-verfuegbar","13":"pa_automarke-ferrari","14":"pa_decade-1930s","15":"pa_fahrzeugtyp-gt-rennen","16":"pa_farbe-rot","17":"pa_limitiert-ja","18":"pa_massstab-1-18","19":"pa_modelmarke-modelcars24","20":"pa_modeltyp-alles-zum-oeffnen","21":"pa_modeltyp-fertigmodell","22":"pa_verfuegbarkeit-5-tage-lieferzeit","23":"pa_zustand_modell-1-brandneu","24":"pa_zustand_verpackung-1-brandneu","26":"first","27":"instock","28":"taxable","29":"shipping-taxable","30":"purchasable","31":"product-type-simple"},"jetpack_sharing_enabled":true,"_links":{"self":[{"href":"https:\/\/www.modelcars24.de\/es\/wp-json\/wp\/v2\/product\/61879","targetHints":{"allow":["GET"]}}],"collection":[{"href":"https:\/\/www.modelcars24.de\/es\/wp-json\/wp\/v2\/product"}],"about":[{"href":"https:\/\/www.modelcars24.de\/es\/wp-json\/wp\/v2\/types\/product"}],"replies":[{"embeddable":true,"href":"https:\/\/www.modelcars24.de\/es\/wp-json\/wp\/v2\/comments?post=61879"}],"version-history":[{"count":1,"href":"https:\/\/www.modelcars24.de\/es\/wp-json\/wp\/v2\/product\/61879\/revisions"}],"predecessor-version":[{"id":61894,"href":"https:\/\/www.modelcars24.de\/es\/wp-json\/wp\/v2\/product\/61879\/revisions\/61894"}],"wp:featuredmedia":[{"embeddable":true,"href":"https:\/\/www.modelcars24.de\/es\/wp-json\/wp\/v2\/media\/61883"}],"wp:attachment":[{"href":"https:\/\/www.modelcars24.de\/es\/wp-json\/wp\/v2\/media?parent=61879"}],"wp:term":[{"taxonomy":"product_brand","embeddable":true,"href":"https:\/\/www.modelcars24.de\/es\/wp-json\/wp\/v2\/product_brand?post=61879"},{"taxonomy":"product_cat","embeddable":true,"href":"https:\/\/www.modelcars24.de\/es\/wp-json\/wp\/v2\/product_cat?post=61879"},{"taxonomy":"product_tag","embeddable":true,"href":"https:\/\/www.modelcars24.de\/es\/wp-json\/wp\/v2\/product_tag?post=61879"}],"curies":[{"name":"wp","href":"https:\/\/api.w.org\/{rel}","templated":true}]}}