{"id":61916,"date":"2026-03-10T14:14:03","date_gmt":"2026-03-10T13:14:03","guid":{"rendered":"https:\/\/www.modelcars24.de\/?post_type=product&#038;p=61916"},"modified":"2026-03-12T11:03:24","modified_gmt":"2026-03-12T10:03:24","slug":"gt-spirit-mercedes-benz-190-evolution-ii-azul-negro-metalizado","status":"publish","type":"product","link":"https:\/\/www.modelcars24.de\/es\/gt-spirit-mercedes-benz-190-evolution-ii-blau-schwarz-metallic\/","title":{"rendered":"GT Spirit Mercedes-Benz 190 Evolution II azul negro metalizado 1990 - 1\/8"},"content":{"rendered":"<h3>GT Spirit Mercedes-Benz 190 Evolution II azul negro metalizado 1990 - 1\/8<\/h3>\n<p>El GT Spirit Mercedes-Benz 190 E 2.5-16 Evolution II a escala 1:8 es un homenaje triunfal a la leyenda del DTM de 1990. Acabado en aut\u00e9ntico negro azulado metalizado, el modelo tiene un aspecto tan elegante como agresivo. Su tama\u00f1o de m\u00e1s de 55 cm permite apreciar perfectamente cada detalle del ic\u00f3nico paquete aerodin\u00e1mico, desde el enorme aler\u00f3n trasero hasta las llamativas extensiones de los pasos de rueda.<\/p>\n<p>Aspectos destacados del modelo<\/p>\n<ul>\n<li>Aspecto: Pintura de alto brillo y llantas Evo II reproducidas con precisi\u00f3n.<\/li>\n<li>Interior: meticulosa representaci\u00f3n de los asientos e instrumentos deportivos.<\/li>\n<li>Presencia: Una s\u00f3lida pieza de colecci\u00f3n fabricada en resina de alta calidad.<\/li>\n<\/ul>\n<p>Este modelo es la encarnaci\u00f3n definitiva de la \u201edureza de Stuttgart\u201c y capta a la perfecci\u00f3n el esp\u00edritu inflexible de la serie especial de homologaci\u00f3n. Imprescindible para los fans de Mercedes que quieran experimentar el Rey de los Baby Benz en gran formato.<\/p>\n<p>GTS802801<\/p>","protected":false},"excerpt":{"rendered":"<p>GTS802801- 1-nuevo- en vez de 1190,00 \u20ac ahora 995,00 \u20ac incl. 19% IVA<\/p>","protected":false},"featured_media":61917,"comment_status":"open","ping_status":"closed","template":"","meta":[],"product_brand":[861],"product_cat":[436,19,56,262],"product_tag":[172,173,269,175,270,181,182],"class_list":{"0":"post-61916","1":"product","2":"type-product","3":"status-publish","4":"has-post-thumbnail","6":"product_brand-hc","7":"product_cat-gt-spirit","8":"product_cat-mercedes-benz","9":"product_cat-porsche","10":"product_cat-vorbestellbar","11":"product_tag-atelier","12":"product_tag-bbr","13":"product_tag-bbr-ferrari-250-lusso-red","14":"product_tag-competizione","15":"product_tag-ferrari-250-lusso-1963-118","16":"product_tag-mrcollection","17":"product_tag-perfectly-embodies-ferraris","18":"product_shipping_class-sperrgut","19":"pa_automarke-mercedes","20":"pa_decade-2020s","21":"pa_fahrzeugtyp-limousine","22":"pa_farbe-rot","23":"pa_limitiert-ja","24":"pa_massstab-1-8","25":"pa_modeltyp-fertigmodell","26":"pa_modeltyp-geschlossen","27":"pa_status-beim-hersteller-verfuegbar","28":"pa_verfuegbarkeit-vorbestellbar","29":"pa_zustand_modell-1-brandneu","30":"pa_zustand_verpackung-1-brandneu","32":"first","33":"instock","34":"sale","35":"taxable","36":"shipping-taxable","37":"purchasable","38":"product-type-simple"},"jetpack_sharing_enabled":true,"_links":{"self":[{"href":"https:\/\/www.modelcars24.de\/es\/wp-json\/wp\/v2\/product\/61916","targetHints":{"allow":["GET"]}}],"collection":[{"href":"https:\/\/www.modelcars24.de\/es\/wp-json\/wp\/v2\/product"}],"about":[{"href":"https:\/\/www.modelcars24.de\/es\/wp-json\/wp\/v2\/types\/product"}],"replies":[{"embeddable":true,"href":"https:\/\/www.modelcars24.de\/es\/wp-json\/wp\/v2\/comments?post=61916"}],"version-history":[{"count":2,"href":"https:\/\/www.modelcars24.de\/es\/wp-json\/wp\/v2\/product\/61916\/revisions"}],"predecessor-version":[{"id":61920,"href":"https:\/\/www.modelcars24.de\/es\/wp-json\/wp\/v2\/product\/61916\/revisions\/61920"}],"wp:featuredmedia":[{"embeddable":true,"href":"https:\/\/www.modelcars24.de\/es\/wp-json\/wp\/v2\/media\/61917"}],"wp:attachment":[{"href":"https:\/\/www.modelcars24.de\/es\/wp-json\/wp\/v2\/media?parent=61916"}],"wp:term":[{"taxonomy":"product_brand","embeddable":true,"href":"https:\/\/www.modelcars24.de\/es\/wp-json\/wp\/v2\/product_brand?post=61916"},{"taxonomy":"product_cat","embeddable":true,"href":"https:\/\/www.modelcars24.de\/es\/wp-json\/wp\/v2\/product_cat?post=61916"},{"taxonomy":"product_tag","embeddable":true,"href":"https:\/\/www.modelcars24.de\/es\/wp-json\/wp\/v2\/product_tag?post=61916"}],"curies":[{"name":"wp","href":"https:\/\/api.w.org\/{rel}","templated":true}]}}