{"id":62225,"date":"2026-03-18T13:18:37","date_gmt":"2026-03-18T12:18:37","guid":{"rendered":"https:\/\/www.modelcars24.de\/?post_type=product&#038;p=62225"},"modified":"2026-03-20T11:05:02","modified_gmt":"2026-03-20T10:05:02","slug":"amalgam-porsche-917k-ganador-de-daytona-1970","status":"publish","type":"product","link":"https:\/\/www.modelcars24.de\/es\/amalgam-porsche-917k-sieger-von-1970-daytona\/","title":{"rendered":"Amalgam Porsche 917K - Ganador de Daytona 1970 - Pintura Gulf - Race Weathered - 1\/8"},"content":{"rendered":"<p>Amalgam Porsche 917K - Ganador de Daytona 1970 - Pintura Gulf - Race Weathered - 1\/8<\/p>\n<p data-path-to-node=\"1\">Una obra maestra \u00fanica<\/p>\n<p data-path-to-node=\"2\">Esta pieza \u00fanica espec\u00edfica del Porsche 917K a escala 1:8 de Amalgam es mucho m\u00e1s que una pieza de coleccionista: es un momento congelado de la historia del automovilismo. Mientras que las ediciones regulares Weathered suelen aparecer en peque\u00f1as series, esta pieza \u00fanica ha sido refinada con una precisi\u00f3n que interpreta individualmente cada ara\u00f1azo y part\u00edcula de holl\u00edn de las 24 Horas de Daytona de 1970.<\/p>\n<p data-path-to-node=\"3\">El acabado artesanal refleja el despiadado estr\u00e9s al que fueron sometidos Rodr\u00edguez y Kinnunen. La combinaci\u00f3n de la legendaria pintura Gulf y la extremadamente detallada p\u00e1tina \u201eRace Weathered\u201c lo convierten en una pieza de arte de museo. No existe ning\u00fan otro ejemplar de esta forma en todo el mundo, lo que lo convierte en la joya de la corona de cualquier colecci\u00f3n de gama alta.<\/p>\n<p>2-nuevo<\/p>","protected":false},"excerpt":{"rendered":"<p>M5756 &#8211; 2-neuwertig &#8211; 17500,00 \u20ac<\/p>","protected":false},"featured_media":62226,"comment_status":"open","ping_status":"closed","template":"","meta":[],"product_brand":[864],"product_cat":[286,45,56,21],"product_tag":[288,209,202],"class_list":{"0":"post-62225","1":"product","2":"type-product","3":"status-publish","4":"has-post-thumbnail","6":"product_brand-amalgam","7":"product_cat-amalgam","8":"product_cat-neuzugang","9":"product_cat-porsche","10":"product_cat-verfuegbar","11":"product_tag-amalgam","12":"product_tag-ferrari","13":"product_tag-verfuegbar","14":"pa_automarke-porsche","15":"pa_decade-1930s","16":"pa_fahrzeugtyp-cabrio","17":"pa_farbe-rot","18":"pa_limitiert-ja","19":"pa_massstab-1-8","20":"pa_modelmarke-amalgam","21":"pa_modeltyp-alles-zum-oeffnen","22":"pa_modeltyp-fertigmodell","23":"pa_status-beim-hersteller-verfuegbar","24":"pa_verfuegbarkeit-5-tage-lieferzeit","25":"pa_zustand_modell-2-neuwertig","26":"pa_zustand_verpackung-2-neuwertig","28":"first","29":"instock","30":"purchasable","31":"product-type-simple"},"jetpack_sharing_enabled":true,"_links":{"self":[{"href":"https:\/\/www.modelcars24.de\/es\/wp-json\/wp\/v2\/product\/62225","targetHints":{"allow":["GET"]}}],"collection":[{"href":"https:\/\/www.modelcars24.de\/es\/wp-json\/wp\/v2\/product"}],"about":[{"href":"https:\/\/www.modelcars24.de\/es\/wp-json\/wp\/v2\/types\/product"}],"replies":[{"embeddable":true,"href":"https:\/\/www.modelcars24.de\/es\/wp-json\/wp\/v2\/comments?post=62225"}],"version-history":[{"count":1,"href":"https:\/\/www.modelcars24.de\/es\/wp-json\/wp\/v2\/product\/62225\/revisions"}],"predecessor-version":[{"id":62256,"href":"https:\/\/www.modelcars24.de\/es\/wp-json\/wp\/v2\/product\/62225\/revisions\/62256"}],"wp:featuredmedia":[{"embeddable":true,"href":"https:\/\/www.modelcars24.de\/es\/wp-json\/wp\/v2\/media\/62226"}],"wp:attachment":[{"href":"https:\/\/www.modelcars24.de\/es\/wp-json\/wp\/v2\/media?parent=62225"}],"wp:term":[{"taxonomy":"product_brand","embeddable":true,"href":"https:\/\/www.modelcars24.de\/es\/wp-json\/wp\/v2\/product_brand?post=62225"},{"taxonomy":"product_cat","embeddable":true,"href":"https:\/\/www.modelcars24.de\/es\/wp-json\/wp\/v2\/product_cat?post=62225"},{"taxonomy":"product_tag","embeddable":true,"href":"https:\/\/www.modelcars24.de\/es\/wp-json\/wp\/v2\/product_tag?post=62225"}],"curies":[{"name":"wp","href":"https:\/\/api.w.org\/{rel}","templated":true}]}}