{"id":62285,"date":"2026-03-19T15:59:22","date_gmt":"2026-03-19T14:59:22","guid":{"rendered":"https:\/\/www.modelcars24.de\/?post_type=product&#038;p=62285"},"modified":"2026-03-25T10:04:21","modified_gmt":"2026-03-25T09:04:21","slug":"mercedes-benz-300-slr-hecho-por-tecni-art","status":"publish","type":"product","link":"https:\/\/www.modelcars24.de\/es\/mercedes-benz-300-slr-made-by-tecni-art\/","title":{"rendered":"Mercedes-Benz 300 SLR realizado por tecni-art - 1\/8"},"content":{"rendered":"<p>Mercedes-Benz 300 SLR realizado por tecni-art - 1\/8<\/p>\n<p data-path-to-node=\"1\">Una obra maestra \u00fanica<\/p>\n<p>Este modelo \u00fanico a escala 1\/8 del Mercedes-Benz 300 SLR de Bernhard Maier (tecni-art) es un hito en la fabricaci\u00f3n de modelos. Dise\u00f1ado como un magistral modelo de bordillo, se centra en la reproducci\u00f3n perfecta de las l\u00edneas ic\u00f3nicas: mientras que el cap\u00f3 y la tapa del maletero est\u00e1n firmemente cerrados, las caracter\u00edsticas puertas de ala de gaviota se pueden abrir para revelar el detallado interior.<\/p>\n<p>La precisi\u00f3n de Maier fue tan innovadora que esta obra sirvi\u00f3 de plantilla de dise\u00f1o directa para el posterior kit de Legrand. Una exclusiva pieza de coleccionista que combina artesan\u00eda e historia t\u00e9cnica.<\/p>\n<p>2-nuevo<\/p>","protected":false},"excerpt":{"rendered":"<p>BM &#8211; 2-neuwertig &#8211; 6500,00 \u20ac<\/p>","protected":false},"featured_media":62306,"comment_status":"open","ping_status":"closed","template":"","meta":[],"product_brand":[864],"product_cat":[286,45,56,21],"product_tag":[288,209,202],"class_list":{"0":"post-62285","1":"product","2":"type-product","3":"status-publish","4":"has-post-thumbnail","6":"product_brand-amalgam","7":"product_cat-amalgam","8":"product_cat-neuzugang","9":"product_cat-porsche","10":"product_cat-verfuegbar","11":"product_tag-amalgam","12":"product_tag-ferrari","13":"product_tag-verfuegbar","14":"pa_automarke-porsche","15":"pa_decade-1930s","16":"pa_fahrzeugtyp-cabrio","17":"pa_farbe-rot","18":"pa_limitiert-ja","19":"pa_massstab-1-8","20":"pa_modelmarke-amalgam","21":"pa_modeltyp-alles-zum-oeffnen","22":"pa_modeltyp-fertigmodell","23":"pa_status-beim-hersteller-verfuegbar","24":"pa_verfuegbarkeit-5-tage-lieferzeit","25":"pa_zustand_modell-2-neuwertig","26":"pa_zustand_verpackung-2-neuwertig","28":"first","29":"instock","30":"purchasable","31":"product-type-simple"},"jetpack_sharing_enabled":true,"_links":{"self":[{"href":"https:\/\/www.modelcars24.de\/es\/wp-json\/wp\/v2\/product\/62285","targetHints":{"allow":["GET"]}}],"collection":[{"href":"https:\/\/www.modelcars24.de\/es\/wp-json\/wp\/v2\/product"}],"about":[{"href":"https:\/\/www.modelcars24.de\/es\/wp-json\/wp\/v2\/types\/product"}],"replies":[{"embeddable":true,"href":"https:\/\/www.modelcars24.de\/es\/wp-json\/wp\/v2\/comments?post=62285"}],"version-history":[{"count":2,"href":"https:\/\/www.modelcars24.de\/es\/wp-json\/wp\/v2\/product\/62285\/revisions"}],"predecessor-version":[{"id":62313,"href":"https:\/\/www.modelcars24.de\/es\/wp-json\/wp\/v2\/product\/62285\/revisions\/62313"}],"wp:featuredmedia":[{"embeddable":true,"href":"https:\/\/www.modelcars24.de\/es\/wp-json\/wp\/v2\/media\/62306"}],"wp:attachment":[{"href":"https:\/\/www.modelcars24.de\/es\/wp-json\/wp\/v2\/media?parent=62285"}],"wp:term":[{"taxonomy":"product_brand","embeddable":true,"href":"https:\/\/www.modelcars24.de\/es\/wp-json\/wp\/v2\/product_brand?post=62285"},{"taxonomy":"product_cat","embeddable":true,"href":"https:\/\/www.modelcars24.de\/es\/wp-json\/wp\/v2\/product_cat?post=62285"},{"taxonomy":"product_tag","embeddable":true,"href":"https:\/\/www.modelcars24.de\/es\/wp-json\/wp\/v2\/product_tag?post=62285"}],"curies":[{"name":"wp","href":"https:\/\/api.w.org\/{rel}","templated":true}]}}