{"id":63864,"date":"2026-04-30T13:36:44","date_gmt":"2026-04-30T11:36:44","guid":{"rendered":"https:\/\/www.modelcars24.de\/?post_type=product&#038;p=63864"},"modified":"2026-04-30T13:39:34","modified_gmt":"2026-04-30T11:39:34","slug":"bbr-ferrari-488-pista-metal-diecast","status":"publish","type":"product","link":"https:\/\/www.modelcars24.de\/es\/bbr-ferrari-488-pista-metal-diecast\/","title":{"rendered":"BBR Ferrari 488 Pista &#8211; metal diecast &#8211; full open &#8211; POLYFOAM PACK &#8211;  1\/18"},"content":{"rendered":"<h2>BBR Ferrari 488 Pista &#8211; metal diecast &#8211; full open &#8211; Polyfoam Pack &#8211; 1\/18<\/h2>\n<p>PROTOTYP-BILDER<\/p>\n<p>\u00dcber zwanzig Jahre nach der Markteinf\u00fchrung des legend\u00e4ren Enzo \u2013 dem ersten Die-Cast-Modell, das die Standards f\u00fcr Sammlermodelle neu definierte \u2013 geht BBR einen weiteren Schritt nach vorn. Der neue Ferrari 488 Pista im Ma\u00dfstab 1:18 ist mehr als nur ein Modell. Er ist die Kr\u00f6nung von Erfahrung, Forschung und einer unstillbaren Detailverliebtheit.<\/p>\n<p>Ein exklusives, vollst\u00e4ndig zu \u00f6ffnendes Die-Cast-Metall-Projekt, das in dieser Pr\u00e4zision noch nie dagewesen ist. Jedes Element wurde entwickelt, um einen neuen H\u00f6hepunkt zu erreichen: von der hochwertigen Mehrschichtlackierung bis zur extrem detailgetreuen Nachbildung der Kohlefaser; von den T\u00fcren und der Motorhaube mit realistischen Mechanismen bis zum luxuri\u00f6sen Interieur.<\/p>\n<p>Ein einzigartiges Modell. Ein neuer Ma\u00dfstab f\u00fcr hochwertige Sammlerst\u00fccke.<\/p>\n<p>Der Ferrari 488 Pista tritt in die Tradition der renommierten V8-Sondermodelle von Ferrari, die das Serienmodell in eine extreme, leichte und rennstreckenorientierte Version verwandeln. Der 488 Pista ist vom Rennsport inspiriert, insbesondere von den Ferrari Challenge- und GTE-Programmen. Das Design des 488 Pista ist konsequent auf Performance ausgelegt. Der markante Lufteinlass (S-Duct) auf der Motorhaube leitet Luft und erh\u00f6ht so den Anpressdruck. Am Heck sorgen die leichtere Lexan-Heckscheibe und ein feststehender Spoiler f\u00fcr aerodynamischen Abtrieb. Das Ergebnis: maximale Bodenhaftung und Stabilit\u00e4t selbst bei sehr hohen Geschwindigkeiten.<\/p>\n<p>ohne Basis und Vitrine<\/p>\n<p>Artikelnummer: HE180055<\/p>","protected":false},"excerpt":{"rendered":"<p>HE180055 &#8211;\u00a0 preorder &#8211; 395,00 \u20ac inkl. 19% vat<\/p>","protected":false},"featured_media":63843,"comment_status":"open","ping_status":"closed","template":"","meta":{"_acf_changed":false},"product_brand":[851],"product_cat":[279,169,63,262],"product_tag":[173,209,202],"class_list":{"0":"post-63864","1":"product","2":"type-product","3":"status-publish","4":"has-post-thumbnail","6":"product_brand-bbr","7":"product_cat-1-m","8":"product_cat-bbr","9":"product_cat-ferrari","10":"product_cat-vorbestellbar","11":"product_tag-bbr","12":"product_tag-ferrari","13":"product_tag-verfuegbar","14":"pa_automarke-ferrari","15":"pa_decade-2020s","16":"pa_fahrzeugtyp-gt-rennen","17":"pa_farbe-rot","18":"pa_limitiert-ja","19":"pa_massstab-1-18","20":"pa_modelmarke-bbr","21":"pa_modeltyp-fertigmodell","22":"pa_modeltyp-geschlossen","23":"pa_status-beim-hersteller-verfuegbar","24":"pa_verfuegbarkeit-vorbestellbar","25":"pa_zustand_modell-1-brandneu","26":"pa_zustand_verpackung-1-brandneu","28":"first","29":"instock","30":"taxable","31":"shipping-taxable","32":"purchasable","33":"product-type-simple"},"acf":[],"jetpack_sharing_enabled":true,"_links":{"self":[{"href":"https:\/\/www.modelcars24.de\/es\/wp-json\/wp\/v2\/product\/63864","targetHints":{"allow":["GET"]}}],"collection":[{"href":"https:\/\/www.modelcars24.de\/es\/wp-json\/wp\/v2\/product"}],"about":[{"href":"https:\/\/www.modelcars24.de\/es\/wp-json\/wp\/v2\/types\/product"}],"replies":[{"embeddable":true,"href":"https:\/\/www.modelcars24.de\/es\/wp-json\/wp\/v2\/comments?post=63864"}],"version-history":[{"count":1,"href":"https:\/\/www.modelcars24.de\/es\/wp-json\/wp\/v2\/product\/63864\/revisions"}],"predecessor-version":[{"id":63865,"href":"https:\/\/www.modelcars24.de\/es\/wp-json\/wp\/v2\/product\/63864\/revisions\/63865"}],"wp:featuredmedia":[{"embeddable":true,"href":"https:\/\/www.modelcars24.de\/es\/wp-json\/wp\/v2\/media\/63843"}],"wp:attachment":[{"href":"https:\/\/www.modelcars24.de\/es\/wp-json\/wp\/v2\/media?parent=63864"}],"wp:term":[{"taxonomy":"product_brand","embeddable":true,"href":"https:\/\/www.modelcars24.de\/es\/wp-json\/wp\/v2\/product_brand?post=63864"},{"taxonomy":"product_cat","embeddable":true,"href":"https:\/\/www.modelcars24.de\/es\/wp-json\/wp\/v2\/product_cat?post=63864"},{"taxonomy":"product_tag","embeddable":true,"href":"https:\/\/www.modelcars24.de\/es\/wp-json\/wp\/v2\/product_tag?post=63864"}],"curies":[{"name":"wp","href":"https:\/\/api.w.org\/{rel}","templated":true}]}}