{"id":64034,"date":"2026-05-04T15:18:44","date_gmt":"2026-05-04T13:18:44","guid":{"rendered":"https:\/\/www.modelcars24.de\/?post_type=product&#038;p=64034"},"modified":"2026-05-04T15:32:01","modified_gmt":"2026-05-04T13:32:01","slug":"amalgam-ferrari-sf-26-charles-leclerc-leclerc","status":"publish","type":"product","link":"https:\/\/www.modelcars24.de\/es\/amalgam-ferrari-sf-26-charles-leclerc-leclerc\/","title":{"rendered":"Amalgam Ferrari SF-26 &#8211; Charles Leclerc Leclerc &#8211; 1:8"},"content":{"rendered":"<p>Amalgam Ferrari SF-26 &#8211; Charles Leclerc Leclerc 1:8. Hochwertiges Sammlermodell im Ma\u00dfstab 1:8<\/p>\n<ul>\n<li>Sondermodell in limitierter Auflage<\/li>\n<li>Rennspezifikation wird noch best\u00e4tigt<\/li>\n<li>Cada modelo es fabricado y ensamblado a mano por un peque\u00f1o equipo de artesanos.<\/li>\n<li>Modell im Ma\u00dfstab 1:8<\/li>\n<li>Fabricado con materiales de la m\u00e1xima calidad<\/li>\n<li>\u00dcber 2500 Stunden Entwicklungszeit<\/li>\n<li>\u00dcber 250 Stunden Bauzeit pro Modell<\/li>\n<li>Tausende pr\u00e4zise gefertigte Teile: Gussteile, Foto\u00e4tzteile und CNC-gefr\u00e4ste Metallkomponenten<\/li>\n<li>Gefertigt nach originalen CAD-Zeichnungen und Lackcodes der Scuderia FerrariDer am 23. Januar 2026 auf dem Circuit de Fiorano vorgestellte Scuderia Ferrari HP SF 26 ist der Rennwagen des Teams f\u00fcr die FIA \u200b\u200bFormel-1-Weltmeisterschaft 2026. Er ist der 72. in Maranello gebaute Formel-1-Wagen und wurde von Grund auf neu konzipiert, um den grundlegend \u00fcberarbeiteten technischen und sportlichen Bestimmungen der Formel 1 zu entsprechen \u2013 der bedeutendsten Transformation seit \u00fcber einem Jahrzehnt. Im Zentrum dieser neuen \u00c4ra stehen leichtere und agilere Fahrzeuge, ein fundamentaler Wandel in der Aerodynamik und eine v\u00f6llig neue Generation von Hybridantrieben.\n<p>Eine neue \u00c4ra<br \/>\nDer SF-26 wurde speziell f\u00fcr die neuen Reglements entwickelt, was eine grundlegende \u00dcberarbeitung der Fahrzeugarchitektur erforderlich machte. Das Chassis verzichtet auf Bodeneffekt-Aerodynamik und verfolgt stattdessen einen anderen Ansatz mit klareren Linien und einer Gesamtphilosophie, die auf Gewichtsreduzierung und Effizienzsteigerung abzielt \u2013 ganz im Sinne der Formel-1-Reglementvorgaben. Auch der Antrieb stellt einen bedeutenden Fortschritt dar: Eine neue Hybridgeneration ersetzt die MGU-H und steigert die Leistung der MGU-K auf 350 kW, wodurch der Beitrag des elektrischen Systems weiter erh\u00f6ht wird. Dies erforderte einen v\u00f6llig neuen Designansatz und eine enge Integration von Chassis und Antrieb.<\/p>\n<p>Design, Farbe und Identit\u00e4t<br \/>\nDer SF 26 spiegelt die neue aerodynamische und technische Ausrichtung wider und zeichnet sich durch klarere Oberfl\u00e4chen und verfeinerte Proportionen aus, die Leichtigkeit, Agilit\u00e4t und funktionale Klarheit zum Ausdruck bringen. Von Anfang an legten die Ferrari-Designer Wert auf ein robustes und anpassungsf\u00e4higes Konzept, um ein hohes Entwicklungspotenzial zu gew\u00e4hrleisten, w\u00e4hrend das Team im Laufe der Saison Daten aus der Praxis sammelt.<\/p>\n<p>Die Lackierung verbindet Ferraris Tradition mit seiner Zukunft und fungiert als visuelle Br\u00fccke in ein neues Kapitel der Teamgeschichte. Eine der bemerkenswertesten stilistischen Entscheidungen ist die R\u00fcckkehr zu einem Hochglanzlack nach sieben Jahren Mattlackierung. Der Rosso Scuderia 2026 ist leuchtender und kr\u00e4ftiger, inspiriert von der speziellen Monza-Lackierung von 2025 und zugleich eine Hommage an den ikonischen Farbton der Jahrtausendwende \u2013 ein Ausdruck von Ferraris Kernwerten: Leidenschaft, Mut und Identit\u00e4t.<\/p>\n<p>Das Rot wird durch eine neu interpretierte Verwendung von Wei\u00df erg\u00e4nzt, das historisch gesehen sparsam, aber mit starker symbolischer Wirkung eingesetzt wurde. Nun um das Cockpit und auf der Motorabdeckung platziert, erzeugt es einen klaren, markanten Kontrast, der die unverwechselbare Silhouette des SF 26 unterstreicht. Rot und Wei\u00df bilden gemeinsam einen visuellen Dialog zwischen Ferraris Tradition und seinen zukunftsorientierten Ambitionen \u2013 ein Gleichgewicht zwischen Tradition und Innovation, mit dem die Scuderia Ferrari HP die Herausforderungen der neuen technischen \u00c4ra der Formel 1 annimmt.<\/p>\n<p>Der Ferrari SF-26 im Ma\u00dfstab 1:8 befindet sich derzeit in Entwicklung. Bitte registrieren Sie Ihr Interesse, um die Reservierung Ihres Modells zu besprechen.<\/li>\n<\/ul>\n<p>1-nuevo<\/p>","protected":false},"excerpt":{"rendered":"<p>SF26-LE &#8211; preorder &#8211;\u00a0 10995,00 \u20ac inkl. 19% Vat<\/p>","protected":false},"featured_media":64042,"comment_status":"open","ping_status":"closed","template":"","meta":{"_acf_changed":false},"product_brand":[864],"product_cat":[506,286,63,45,262],"product_tag":[288,209,202],"class_list":{"0":"post-64034","1":"product","2":"type-product","3":"status-publish","4":"has-post-thumbnail","6":"product_brand-amalgam","7":"product_cat-1-o","8":"product_cat-amalgam","9":"product_cat-ferrari","10":"product_cat-neuzugang","11":"product_cat-vorbestellbar","12":"product_tag-amalgam","13":"product_tag-ferrari","14":"product_tag-verfuegbar","15":"pa_automarke-ferrari","16":"pa_decade-2000s","17":"pa_fahrzeugtyp-coupe","18":"pa_farbe-rot","19":"pa_limitiert-ja","20":"pa_massstab-1-18","21":"pa_modelmarke-amalgam","22":"pa_modeltyp-fertigmodell","23":"pa_modeltyp-geschlossen","24":"pa_status-beim-hersteller-verfuegbar","25":"pa_verfuegbarkeit-5-tage-lieferzeit","26":"pa_zustand_modell-2-neuwertig","27":"pa_zustand_verpackung-2-neuwertig","29":"first","30":"instock","31":"taxable","32":"shipping-taxable","33":"purchasable","34":"product-type-simple"},"acf":[],"jetpack_sharing_enabled":true,"_links":{"self":[{"href":"https:\/\/www.modelcars24.de\/es\/wp-json\/wp\/v2\/product\/64034","targetHints":{"allow":["GET"]}}],"collection":[{"href":"https:\/\/www.modelcars24.de\/es\/wp-json\/wp\/v2\/product"}],"about":[{"href":"https:\/\/www.modelcars24.de\/es\/wp-json\/wp\/v2\/types\/product"}],"replies":[{"embeddable":true,"href":"https:\/\/www.modelcars24.de\/es\/wp-json\/wp\/v2\/comments?post=64034"}],"version-history":[{"count":1,"href":"https:\/\/www.modelcars24.de\/es\/wp-json\/wp\/v2\/product\/64034\/revisions"}],"predecessor-version":[{"id":64044,"href":"https:\/\/www.modelcars24.de\/es\/wp-json\/wp\/v2\/product\/64034\/revisions\/64044"}],"wp:featuredmedia":[{"embeddable":true,"href":"https:\/\/www.modelcars24.de\/es\/wp-json\/wp\/v2\/media\/64042"}],"wp:attachment":[{"href":"https:\/\/www.modelcars24.de\/es\/wp-json\/wp\/v2\/media?parent=64034"}],"wp:term":[{"taxonomy":"product_brand","embeddable":true,"href":"https:\/\/www.modelcars24.de\/es\/wp-json\/wp\/v2\/product_brand?post=64034"},{"taxonomy":"product_cat","embeddable":true,"href":"https:\/\/www.modelcars24.de\/es\/wp-json\/wp\/v2\/product_cat?post=64034"},{"taxonomy":"product_tag","embeddable":true,"href":"https:\/\/www.modelcars24.de\/es\/wp-json\/wp\/v2\/product_tag?post=64034"}],"curies":[{"name":"wp","href":"https:\/\/api.w.org\/{rel}","templated":true}]}}