{"id":64310,"date":"2026-05-15T13:26:09","date_gmt":"2026-05-15T11:26:09","guid":{"rendered":"https:\/\/www.modelcars24.de\/?post_type=product&#038;p=64310"},"modified":"2026-05-15T13:30:45","modified_gmt":"2026-05-15T11:30:45","slug":"bbr-ferrari-f80-rosso-corsa-aluminium-gloss-1-18","status":"publish","type":"product","link":"https:\/\/www.modelcars24.de\/es\/bbr-ferrari-f80-rosso-corsa-aluminium-gloss-1-18\/","title":{"rendered":"BBR Ferrari F80 Rosso Corsa &#8211; Aluminium gloss &#8211; 1\/18"},"content":{"rendered":"<p>BBR Ferrari F80 Rosso Corsa &#8211; Aluminium gloss &#8211; 1\/18 one of 30<\/p>\n<p>El F80 supone una revoluci\u00f3n para el deportivo Ferrari, gracias al primer motor el\u00e9ctrico desarrollado, probado y fabricado \u00edntegramente en Maranello. El motor el\u00e9ctrico MGU-K se basa directamente en la experiencia de Ferrari en el mundo de la competici\u00f3n. Varios componentes proceden de la cadena cinem\u00e1tica del 499P, ganador de las 24 Horas de Le Mans de 2023 y 2024.<br \/>\nEl sistema de frenos CCM-R Plus, desarrollado conjuntamente con Brembo y una novedad absoluta para un veh\u00edculo de carretera, est\u00e1 formado por largas fibras de carbono y recubierto de carburo de silicio para mejorar su resistencia.<br \/>\nEl generoso canal en S que caracteriza la parte central del cap\u00f3 del F80 oculta un aler\u00f3n tripartito (triplane) que dirige el flujo de aire delantero hacia el aler\u00f3n trasero para generar la m\u00e1xima carga aerodin\u00e1mica.<br \/>\nEl dise\u00f1o exterior del F80 tiene una fuerte influencia futurista y una clara referencia a la industria aeroespacial.<br \/>\nEl puesto de conducci\u00f3n est\u00e1 inspirado en un monoplaza de F\u00f3rmula 1 y ofrece una soluci\u00f3n in\u00e9dita que convierte al conductor en protagonista absoluto y transforma el F80 en un \u201e1+\u201c. El F80 est\u00e1 equipado con un nuevo volante ligeramente m\u00e1s peque\u00f1o que el del modelo anterior y con una empu\u00f1adura refinada para mejorar el agarre de las manos al volante. Est\u00e1 equipado con botones f\u00edsicos para facilitar el manejo y el reconocimiento t\u00e1ctil.<\/p>\n<p>Artikelnummer: P18253E<\/p>","protected":false},"excerpt":{"rendered":"<p>&nbsp;<\/p>\n<p>P18253E &#8211; 1-brandneu &#8211; 445,00 \u20ac inkl. 19% vat<\/p>","protected":false},"featured_media":64313,"comment_status":"open","ping_status":"closed","template":"","meta":[],"product_brand":[851],"product_cat":[169,63,21],"product_tag":[173,209,202],"class_list":{"0":"post-64310","1":"product","2":"type-product","3":"status-publish","4":"has-post-thumbnail","6":"product_brand-bbr","7":"product_cat-bbr","8":"product_cat-ferrari","9":"product_cat-verfuegbar","10":"product_tag-bbr","11":"product_tag-ferrari","12":"product_tag-verfuegbar","13":"pa_automarke-ferrari","14":"pa_decade-2020s","15":"pa_fahrzeugtyp-gt-rennen","16":"pa_farbe-rot","17":"pa_limitiert-ja","18":"pa_massstab-1-18","19":"pa_modelmarke-bbr","20":"pa_modeltyp-fertigmodell","21":"pa_modeltyp-geschlossen","22":"pa_status-beim-hersteller-verfuegbar","23":"pa_zustand_modell-1-brandneu","24":"pa_zustand_verpackung-1-brandneu","26":"first","27":"instock","28":"taxable","29":"shipping-taxable","30":"purchasable","31":"product-type-simple"},"jetpack_sharing_enabled":true,"_links":{"self":[{"href":"https:\/\/www.modelcars24.de\/es\/wp-json\/wp\/v2\/product\/64310","targetHints":{"allow":["GET"]}}],"collection":[{"href":"https:\/\/www.modelcars24.de\/es\/wp-json\/wp\/v2\/product"}],"about":[{"href":"https:\/\/www.modelcars24.de\/es\/wp-json\/wp\/v2\/types\/product"}],"replies":[{"embeddable":true,"href":"https:\/\/www.modelcars24.de\/es\/wp-json\/wp\/v2\/comments?post=64310"}],"version-history":[{"count":0,"href":"https:\/\/www.modelcars24.de\/es\/wp-json\/wp\/v2\/product\/64310\/revisions"}],"wp:featuredmedia":[{"embeddable":true,"href":"https:\/\/www.modelcars24.de\/es\/wp-json\/wp\/v2\/media\/64313"}],"wp:attachment":[{"href":"https:\/\/www.modelcars24.de\/es\/wp-json\/wp\/v2\/media?parent=64310"}],"wp:term":[{"taxonomy":"product_brand","embeddable":true,"href":"https:\/\/www.modelcars24.de\/es\/wp-json\/wp\/v2\/product_brand?post=64310"},{"taxonomy":"product_cat","embeddable":true,"href":"https:\/\/www.modelcars24.de\/es\/wp-json\/wp\/v2\/product_cat?post=64310"},{"taxonomy":"product_tag","embeddable":true,"href":"https:\/\/www.modelcars24.de\/es\/wp-json\/wp\/v2\/product_tag?post=64310"}],"curies":[{"name":"wp","href":"https:\/\/api.w.org\/{rel}","templated":true}]}}