{"id":7085,"date":"2026-02-12T16:37:56","date_gmt":"2026-02-12T15:37:56","guid":{"rendered":"http:\/\/www.mondo-legno.com\/?post_type=product&#038;p=7085"},"modified":"2026-02-23T15:36:50","modified_gmt":"2026-02-23T14:36:50","slug":"autoart-porsche-911-gt3-rs","status":"publish","type":"product","link":"https:\/\/www.modelcars24.de\/es\/autoart-porsche-911-gt3-rs\/","title":{"rendered":"AUTOart Porsche 911 GT3 RS verde 77992 - 1\/18"},"content":{"rendered":"<h3>AUTOart Porsche 911 GT3 RS 997<\/h3>\n<article class=\"teaser teaser-hero full-page-width-s is-vertical-l no-hover-line\">\n<div><\/div>\n<div class=\"teaser-image\">El Porsche 911 GT3 con el motor b\u00f3xer de seis cilindros de 3,6 litros y 305 kW (415 CV) completamente revisado, que tambi\u00e9n ten\u00edan sus dos predecesores, hizo su debut en el Sal\u00f3n del Autom\u00f3vil de Ginebra en marzo de 2006 y lleg\u00f3 a los Centros Porsche en mayo de 2006. El 997 GT3 fue anunciado por los responsables de marketing de Porsche como \u201eLa doctrina pura\u201c y volv\u00eda a ser un GT3 \u201ede verdad\u201c a los ojos de la mayor\u00eda de los entusiastas de Porsche, ofreciendo s\u00f3lo el equipamiento necesario para el prop\u00f3sito de la conducci\u00f3n deportiva, aunque ahora se hab\u00edan a\u00f1adido algunas caracter\u00edsticas de serie en comparaci\u00f3n con sus dos predecesores, como la nueva Suspensi\u00f3n Activa Porsche. Por ejemplo, el nuevo chasis Porsche Active Suspension Management (PASM para abreviar), un sistema de ajuste electr\u00f3nico de los amortiguadores que regula de forma activa y continua la fuerza de amortiguaci\u00f3n de cada rueda en funci\u00f3n de la situaci\u00f3n y el estilo de conducci\u00f3n.<\/div>\n<\/article>\n<p>AUTOart ha producido el Porsche 911 GT3 en esta versi\u00f3n a escala 1:18.<br \/>\nN\u00famero de art\u00edculo: FR-030-M-1-2-1<\/p>","protected":false},"excerpt":{"rendered":"<p>77992 &#8211; 2-neuwertig &#8211; 175,00 \u20ac<\/p>","protected":false},"featured_media":7086,"comment_status":"open","ping_status":"closed","template":"","meta":{"_acf_changed":false},"product_brand":[846],"product_cat":[185,45,56,21],"product_tag":[186,187,188,189],"class_list":{"0":"post-7085","1":"product","2":"type-product","3":"status-publish","4":"has-post-thumbnail","6":"product_brand-autoart","7":"product_cat-autoart","8":"product_cat-neuzugang","9":"product_cat-porsche","10":"product_cat-verfuegbar","11":"product_tag-118-scale-diecast-replica-model","12":"product_tag-autoart","13":"product_tag-diecast-replica-model-by-autoart","14":"product_tag-gt3rs-for-sale","15":"pa_automarke-porsche","16":"pa_decade-2000s","17":"pa_fahrzeugtyp-coupe","18":"pa_farbe-gruen","19":"pa_limitiert-nein","20":"pa_massstab-1-18","21":"pa_modelmarke-autoart","22":"pa_modeltyp-alles-zum-oeffnen","23":"pa_modeltyp-fertigmodell","24":"pa_status-beim-hersteller-ausverkauft","25":"pa_verfuegbarkeit-sofort-verfuegbar","26":"pa_zustand_modell-2-neuwertig","27":"pa_zustand_verpackung-2-neuwertig","29":"first","30":"instock","31":"purchasable","32":"product-type-simple"},"acf":[],"jetpack_sharing_enabled":true,"_links":{"self":[{"href":"https:\/\/www.modelcars24.de\/es\/wp-json\/wp\/v2\/product\/7085","targetHints":{"allow":["GET"]}}],"collection":[{"href":"https:\/\/www.modelcars24.de\/es\/wp-json\/wp\/v2\/product"}],"about":[{"href":"https:\/\/www.modelcars24.de\/es\/wp-json\/wp\/v2\/types\/product"}],"replies":[{"embeddable":true,"href":"https:\/\/www.modelcars24.de\/es\/wp-json\/wp\/v2\/comments?post=7085"}],"version-history":[{"count":4,"href":"https:\/\/www.modelcars24.de\/es\/wp-json\/wp\/v2\/product\/7085\/revisions"}],"predecessor-version":[{"id":61153,"href":"https:\/\/www.modelcars24.de\/es\/wp-json\/wp\/v2\/product\/7085\/revisions\/61153"}],"wp:featuredmedia":[{"embeddable":true,"href":"https:\/\/www.modelcars24.de\/es\/wp-json\/wp\/v2\/media\/7086"}],"wp:attachment":[{"href":"https:\/\/www.modelcars24.de\/es\/wp-json\/wp\/v2\/media?parent=7085"}],"wp:term":[{"taxonomy":"product_brand","embeddable":true,"href":"https:\/\/www.modelcars24.de\/es\/wp-json\/wp\/v2\/product_brand?post=7085"},{"taxonomy":"product_cat","embeddable":true,"href":"https:\/\/www.modelcars24.de\/es\/wp-json\/wp\/v2\/product_cat?post=7085"},{"taxonomy":"product_tag","embeddable":true,"href":"https:\/\/www.modelcars24.de\/es\/wp-json\/wp\/v2\/product_tag?post=7085"}],"curies":[{"name":"wp","href":"https:\/\/api.w.org\/{rel}","templated":true}]}}