{"id":7168,"date":"2022-10-21T18:05:13","date_gmt":"2022-10-21T16:05:13","guid":{"rendered":"http:\/\/www.mondo-legno.com\/?post_type=product&#038;p=7168"},"modified":"2025-12-10T13:25:46","modified_gmt":"2025-12-10T12:25:46","slug":"vitrina-para-maquetas-de-coches-a-escala-118-base-de-cuero-marron","status":"publish","type":"product","link":"https:\/\/www.modelcars24.de\/es\/vitrine-fuer-automodelle-im-massstab-118-braune-grundplatte-aus-leder\/","title":{"rendered":"Vitrina para modelos de coche escala 1\/18 base de cuero marr\u00f3n - escala 1\/18"},"content":{"rendered":"<p>Vitrina moldeada por inyecci\u00f3n para modelos de autom\u00f3viles fabricada en plexigl\u00e1s puro resistente a los ara\u00f1azos. Novedad mundial de BBR, sin puntos de inyecci\u00f3n visibles. \u00danico en el mundo.<\/p>\n<ul>\n<li>3 MM de grosor, esquinas redondeadas.<\/li>\n<li>Garantizado contra roturas durante el transporte.<\/li>\n<li>A diferencia de las de tres partes hechas a mano con lados encolados, las uniones encoladas no pueden deshacerse.<\/li>\n<li>La vitrina tambi\u00e9n garantiza la protecci\u00f3n contra los rayos UV del sol.<\/li>\n<li>Blanco transparente, no azul como el resto de vitrinas del mercado<\/li>\n<\/ul>\n<p>Paquete compuesto por:<\/p>\n<ul>\n<li>Caja exterior con pel\u00edcula protectora blanca<\/li>\n<li>Embalaje de cart\u00f3n antipolvo<\/li>\n<li>Vitrina de plexigl\u00e1s puro<\/li>\n<\/ul>\n<p>Estas vitrinas son adecuadas para modelos a escala 1:18.<br \/>N\u00famero de art\u00edculo: <\/p>","protected":false},"excerpt":{"rendered":"<p>Vitrina para modelos de coches a escala 1:18 placa base de cuero marr\u00f3n, , disponible en modelcars24.de<\/p>","protected":false},"featured_media":7169,"comment_status":"closed","ping_status":"closed","template":"","meta":{"_acf_changed":false},"product_brand":[],"product_cat":[191,21],"product_tag":[],"class_list":{"0":"post-7168","1":"product","2":"type-product","3":"status-publish","4":"has-post-thumbnail","6":"product_cat-bbr-vitrinen","7":"product_cat-verfuegbar","8":"pa_farbe-braun","9":"pa_massstab-1-18","10":"pa_modelmarke-bbr-vitrinen","11":"pa_modeltyp-vitrine","13":"first","14":"outofstock","15":"taxable","16":"shipping-taxable","17":"purchasable","18":"product-type-simple"},"acf":[],"jetpack_sharing_enabled":true,"_links":{"self":[{"href":"https:\/\/www.modelcars24.de\/es\/wp-json\/wp\/v2\/product\/7168","targetHints":{"allow":["GET"]}}],"collection":[{"href":"https:\/\/www.modelcars24.de\/es\/wp-json\/wp\/v2\/product"}],"about":[{"href":"https:\/\/www.modelcars24.de\/es\/wp-json\/wp\/v2\/types\/product"}],"replies":[{"embeddable":true,"href":"https:\/\/www.modelcars24.de\/es\/wp-json\/wp\/v2\/comments?post=7168"}],"version-history":[{"count":2,"href":"https:\/\/www.modelcars24.de\/es\/wp-json\/wp\/v2\/product\/7168\/revisions"}],"predecessor-version":[{"id":57575,"href":"https:\/\/www.modelcars24.de\/es\/wp-json\/wp\/v2\/product\/7168\/revisions\/57575"}],"wp:featuredmedia":[{"embeddable":true,"href":"https:\/\/www.modelcars24.de\/es\/wp-json\/wp\/v2\/media\/7169"}],"wp:attachment":[{"href":"https:\/\/www.modelcars24.de\/es\/wp-json\/wp\/v2\/media?parent=7168"}],"wp:term":[{"taxonomy":"product_brand","embeddable":true,"href":"https:\/\/www.modelcars24.de\/es\/wp-json\/wp\/v2\/product_brand?post=7168"},{"taxonomy":"product_cat","embeddable":true,"href":"https:\/\/www.modelcars24.de\/es\/wp-json\/wp\/v2\/product_cat?post=7168"},{"taxonomy":"product_tag","embeddable":true,"href":"https:\/\/www.modelcars24.de\/es\/wp-json\/wp\/v2\/product_tag?post=7168"}],"curies":[{"name":"wp","href":"https:\/\/api.w.org\/{rel}","templated":true}]}}