{"id":75,"date":"2024-01-28T00:00:00","date_gmt":"2024-01-27T23:00:00","guid":{"rendered":"http:\/\/www.mondo-legno.com\/?post_type=product&#038;p=75"},"modified":"2025-12-10T13:24:54","modified_gmt":"2025-12-10T12:24:54","slug":"cmc-mercedes-benz-w154-1938","status":"publish","type":"product","link":"https:\/\/www.modelcars24.de\/es\/cmc-mercedes-benz-w154-1938\/","title":{"rendered":"CMC Mercedes-Benz W154, 1938 - 1\/18"},"content":{"rendered":"<h3>CMC Mercedes-Benz W 154, 1938<\/h3>\n<p>Mercedes-Benz desarroll\u00f3 un motor de doce cilindros en V completamente nuevo con 485 CV para el W154 debido a la nueva f\u00f3rmula de competici\u00f3n de motores de 3 litros que se introdujo en 1938. Result\u00f3 que el nuevo W154 con su potente motor de doce cilindros en V era muy competitivo, por no decir superior.<\/p>\n<ul>\n<li>Modelo de precisi\u00f3n ensamblado a mano con m\u00e1s de 530 piezas individuales<\/li>\n<li>Parabrisas plegable<\/li>\n<li>Cap\u00f3 desmontable<\/li>\n<li>Fiel reproducci\u00f3n del motor de doce cilindros en V con numerosos detalles y posici\u00f3n de montaje desaxada.<\/li>\n<li>Rejilla del radiador hecha a mano con alambres de acero inoxidable soldados individualmente<\/li>\n<li>Salpicadero detallado, parcialmente fabricado con acabado martillado<\/li>\n<li>Asientos con tapicer\u00eda textil de alta calidad<\/li>\n<li>Reproducci\u00f3n precisa del n\u00famero de ranuras de ventilaci\u00f3n<\/li>\n<li>Ruedas de radios desmontables con alambres dibujados a mano y montados individualmente y neum\u00e1ticos aut\u00e9nticos.<\/li>\n<li>Asiento de ba\u00f1era con funda textil aut\u00e9ntica<\/li>\n<li>Disco de freno perforado<\/li>\n<\/ul>\n<p>N\u00famero de art\u00edculo: M-025<\/p>","protected":false},"excerpt":{"rendered":"<p>M-025 &#8211; 2-neuwertig &#8211; 165,00 \u20ac<\/p>","protected":false},"featured_media":53896,"comment_status":"open","ping_status":"closed","template":"","meta":{"_acf_changed":false},"product_brand":[537],"product_cat":[17,18,19,20,21],"product_tag":[],"class_list":{"0":"post-75","1":"product","2":"type-product","3":"status-publish","4":"has-post-thumbnail","6":"product_brand-cmc","7":"product_cat-angebot","8":"product_cat-cmc","9":"product_cat-mercedes-benz","10":"product_cat-titel","11":"product_cat-verfuegbar","12":"pa_automarke-mercedes","13":"pa_decade-1930s","14":"pa_fahrzeugtyp-formel-1","15":"pa_farbe-silber","16":"pa_limitiert-nein","17":"pa_massstab-1-18","18":"pa_modelmarke-cmc","19":"pa_modeltyp-alles-zum-oeffnen","20":"pa_modeltyp-fertigmodell","21":"pa_verfuegbarkeit-5-tage-lieferzeit","22":"pa_zustand_modell-1-brandneu","23":"pa_zustand_verpackung-1-brandneu","25":"first","26":"outofstock","27":"purchasable","28":"product-type-simple"},"acf":[],"jetpack_sharing_enabled":true,"_links":{"self":[{"href":"https:\/\/www.modelcars24.de\/es\/wp-json\/wp\/v2\/product\/75","targetHints":{"allow":["GET"]}}],"collection":[{"href":"https:\/\/www.modelcars24.de\/es\/wp-json\/wp\/v2\/product"}],"about":[{"href":"https:\/\/www.modelcars24.de\/es\/wp-json\/wp\/v2\/types\/product"}],"replies":[{"embeddable":true,"href":"https:\/\/www.modelcars24.de\/es\/wp-json\/wp\/v2\/comments?post=75"}],"version-history":[{"count":6,"href":"https:\/\/www.modelcars24.de\/es\/wp-json\/wp\/v2\/product\/75\/revisions"}],"predecessor-version":[{"id":57402,"href":"https:\/\/www.modelcars24.de\/es\/wp-json\/wp\/v2\/product\/75\/revisions\/57402"}],"wp:featuredmedia":[{"embeddable":true,"href":"https:\/\/www.modelcars24.de\/es\/wp-json\/wp\/v2\/media\/53896"}],"wp:attachment":[{"href":"https:\/\/www.modelcars24.de\/es\/wp-json\/wp\/v2\/media?parent=75"}],"wp:term":[{"taxonomy":"product_brand","embeddable":true,"href":"https:\/\/www.modelcars24.de\/es\/wp-json\/wp\/v2\/product_brand?post=75"},{"taxonomy":"product_cat","embeddable":true,"href":"https:\/\/www.modelcars24.de\/es\/wp-json\/wp\/v2\/product_cat?post=75"},{"taxonomy":"product_tag","embeddable":true,"href":"https:\/\/www.modelcars24.de\/es\/wp-json\/wp\/v2\/product_tag?post=75"}],"curies":[{"name":"wp","href":"https:\/\/api.w.org\/{rel}","templated":true}]}}