{"id":7603,"date":"2024-10-09T12:00:00","date_gmt":"2024-10-09T10:00:00","guid":{"rendered":"http:\/\/www.mondo-legno.com\/?post_type=product&#038;p=7603"},"modified":"2026-03-24T15:06:44","modified_gmt":"2026-03-24T14:06:44","slug":"cmc-ferrari-250-gto-stirling-moss","status":"publish","type":"product","link":"https:\/\/www.modelcars24.de\/es\/cmc-ferrari-250-gto-stirling-moss\/","title":{"rendered":"CMC Ferrari 250 GTO Stirling Moss\/Innes Ireland, Ganador, 1962 Goodwood #15 Chasis 3505GT, Edici\u00f3n Limitada 2200 M-247 - 1\/18"},"content":{"rendered":"<div id=\"description\">\n<div class=\"long_desc\">\n<h3>CMC Ferrari 250 GTO Stirling Moss\/Innes Ireland, Ganador, 1962 Goodwood #15 Chasis 3505GT, Edici\u00f3n Limitada 2.200 Volante a la Derecha M-247<\/h3>\n<div>\n<ul>\n<li>Modelo de precisi\u00f3n met\u00e1lico montado a mano como modelo con volante a la derecha que consta de 1.863 piezas, de las cuales s\u00f3lo 1.223 son de metal.<\/li>\n<li>Cap\u00f3 abatible con barra de apoyo y cierres r\u00e1pidos funcionales con protecci\u00f3n de correa de cuero<\/li>\n<li>Puertas funcionales con ventanas correderas m\u00f3viles<\/li>\n<li>Tapa del maletero con barra de apoyo y rueda de repuesto<\/li>\n<li>Boca de llenado del dep\u00f3sito trasero con tap\u00f3n de apertura<\/li>\n<li>Ruedas de radios perfectamente dise\u00f1adas y cierres centrales Borrani atornillables con rosca derecha\/izquierda<\/li>\n<li>Motor V-12 muy detallado con unidades complementarias y tendido de cables \/ cableado<\/li>\n<li>Interior de veh\u00edculo prototipo con jaula antivuelco y cinturones de seguridad. Asientos con ribete de cuero y revestimiento textil<\/li>\n<li>Cuadro de mandos coherente<\/li>\n<li>R\u00e9plica exacta del conjunto del suelo. Perfecta suspensi\u00f3n de las ruedas delanteras y traseras. Dep\u00f3sito de aceite y gasolina de chapa de acero inoxidable. Sistema de escape de competici\u00f3n.<\/li>\n<li>Placa base de acero inoxidable desenroscable<\/li>\n<\/ul>\n<\/div>\n<div><\/div>\n<div>Pintado con los llamativos colores de Laystall (verde claro), fue el primer 250 GTO con volante a la derecha. En un principio, Stirling Moss iba a conducir el coche con el equipo UDT Laystall, pero tras su accidente y el final de su carrera en Goodwood, Innes Ireland consigui\u00f3 en su lugar la victoria absoluta en el Tourist Trophy de Goodwood el 18 de agosto de 1962 con el n\u00famero de salida 15. El M-247 representa exactamente este veh\u00edculo. Ireland a\u00fan estaba extasiado despu\u00e9s: \u201eRecogimos el coche en Maranello, lo condujimos directamente a Goodwood y, tras un r\u00e1pido cambio de buj\u00edas y neum\u00e1ticos, salimos para una prueba de una hora en la pista.\u201c<\/div>\n<div>El chasis 3506 fue pilotado con \u00e9xito por varios pilotos famosos, como Willy Mairesse (Le Mans Trial), Masten Gregory (Silverstone), Innes Ireland (Le Mans, Brands Hatch, Goodwood) y Gunther Philipp, un propietario y piloto austriaco que hizo pintar de nuevo el chasis 3505GT y pilot\u00f3 el coche triunfalmente en el GP de Vienne, el GP de Austria y el Preis von Wien, carreras de GT. En 2012, el coche fue adquirido por su actual propietario por 35 millones de d\u00f3lares, la puja m\u00e1s alta jam\u00e1s pagada por un coche.<\/div>\n<\/div>\n<\/div>\n<div><\/div>\n<div>La imagen del producto que se muestra es una animaci\u00f3n CAD de\u00a0<a href=\"https:\/\/www.cgtrader.com\/sj-automotive-design\" target=\"_blank\" rel=\"noopener\">sj-automotive-design<\/a>. Lo m\u00e1s probable es que el dise\u00f1o del modelo CMC difiera de este dise\u00f1o.<\/div>\n<div class=\"clearfix\"><\/div>\n<p>N\u00famero de art\u00edculo: M-247<\/p>","protected":false},"excerpt":{"rendered":"<p>M-247 \u2013 1-brandneu \u2013 anstatt 694,00 \u20ac jetzt 614,00 \u20ac inkl. 19% Vat<\/p>","protected":false},"featured_media":45640,"comment_status":"open","ping_status":"closed","template":"","meta":[],"product_brand":[537],"product_cat":[960,18,63,21],"product_tag":[78,152,212],"class_list":{"0":"post-7603","1":"product","2":"type-product","3":"status-publish","4":"has-post-thumbnail","6":"product_brand-cmc","7":"product_cat-aktion","8":"product_cat-cmc","9":"product_cat-ferrari","10":"product_cat-verfuegbar","11":"product_tag-angebot","12":"product_tag-cmc-ferrari-250-gto","13":"product_tag-rennversion-tour-de-france-1964-172","14":"pa_automarke-ferrari","15":"pa_decade-1960s","16":"pa_fahrzeugtyp-gt-rennen","17":"pa_farbe-hellgruen","18":"pa_limitiert-ja","19":"pa_massstab-1-18","20":"pa_modelmarke-cmc","21":"pa_modeltyp-alles-zum-oeffnen","22":"pa_modeltyp-fertigmodell","23":"pa_status-beim-hersteller-verfuegbar","24":"pa_verfuegbarkeit-sofort-verfuegbar","25":"pa_zustand_modell-1-brandneu","26":"pa_zustand_verpackung-1-brandneu","28":"first","29":"instock","30":"sale","31":"taxable","32":"shipping-taxable","33":"purchasable","34":"product-type-simple"},"jetpack_sharing_enabled":true,"_links":{"self":[{"href":"https:\/\/www.modelcars24.de\/es\/wp-json\/wp\/v2\/product\/7603","targetHints":{"allow":["GET"]}}],"collection":[{"href":"https:\/\/www.modelcars24.de\/es\/wp-json\/wp\/v2\/product"}],"about":[{"href":"https:\/\/www.modelcars24.de\/es\/wp-json\/wp\/v2\/types\/product"}],"replies":[{"embeddable":true,"href":"https:\/\/www.modelcars24.de\/es\/wp-json\/wp\/v2\/comments?post=7603"}],"version-history":[{"count":3,"href":"https:\/\/www.modelcars24.de\/es\/wp-json\/wp\/v2\/product\/7603\/revisions"}],"predecessor-version":[{"id":57586,"href":"https:\/\/www.modelcars24.de\/es\/wp-json\/wp\/v2\/product\/7603\/revisions\/57586"}],"wp:featuredmedia":[{"embeddable":true,"href":"https:\/\/www.modelcars24.de\/es\/wp-json\/wp\/v2\/media\/45640"}],"wp:attachment":[{"href":"https:\/\/www.modelcars24.de\/es\/wp-json\/wp\/v2\/media?parent=7603"}],"wp:term":[{"taxonomy":"product_brand","embeddable":true,"href":"https:\/\/www.modelcars24.de\/es\/wp-json\/wp\/v2\/product_brand?post=7603"},{"taxonomy":"product_cat","embeddable":true,"href":"https:\/\/www.modelcars24.de\/es\/wp-json\/wp\/v2\/product_cat?post=7603"},{"taxonomy":"product_tag","embeddable":true,"href":"https:\/\/www.modelcars24.de\/es\/wp-json\/wp\/v2\/product_tag?post=7603"}],"curies":[{"name":"wp","href":"https:\/\/api.w.org\/{rel}","templated":true}]}}