{"id":7837,"date":"2024-10-09T12:00:00","date_gmt":"2024-10-09T10:00:00","guid":{"rendered":"http:\/\/www.mondo-legno.com\/?post_type=product&#038;p=7837"},"modified":"2026-03-24T15:06:44","modified_gmt":"2026-03-24T14:06:44","slug":"cmc-ferrari-250-gto-david-piper-44-m-248","status":"publish","type":"product","link":"https:\/\/www.modelcars24.de\/es\/cmc-ferrari-250-gto-david-piper-44-m-248\/","title":{"rendered":"CMC Ferrari 250 GTO, David Piper #44 M-248, 2nd OA &amp; 2nd GT Class, 1962 Silverstone Chasis 4491GT, Edici\u00f3n Limitada 2000 - 1\/18"},"content":{"rendered":"<div id=\"description\">\n<div class=\"long_desc\">\n<h3>\u00a0CMC Ferrari 250 GTO, David Piper #44 M-248, 2nd OA &amp; 2nd GT Class, 1962 Silverstone Chasis 4491GT, Edici\u00f3n Limitada 2000<\/h3>\n<div>\n<ul>\n<li>Modelo met\u00e1lico de precisi\u00f3n ensamblado a mano como volante a la izquierda compuesto por 1.863 piezas, de las cuales 1.223 son s\u00f3lo piezas met\u00e1licas<\/li>\n<li>Reproducci\u00f3n exacta de la imagen de la carrera del Tour de Francia<\/li>\n<li>Cap\u00f3 abatible con barra de apoyo y cierres r\u00e1pidos funcionales con protecci\u00f3n de correa de cuero<\/li>\n<li>Puertas funcionales con ventanas correderas m\u00f3viles<\/li>\n<li>Tapa del maletero con barra de apoyo y rueda de repuesto<\/li>\n<li>Boca de llenado del dep\u00f3sito trasero con tap\u00f3n de apertura<\/li>\n<li>Ruedas de radios perfectamente dise\u00f1adas y cierres centrales Borrani atornillables con rosca derecha\/izquierda<\/li>\n<li>Motor V-12 muy detallado con unidades complementarias y tendido de cables \/ cableado<\/li>\n<li>Interior de veh\u00edculo prototipo con jaula antivuelco y cinturones de seguridad. Asientos con ribete de cuero y revestimiento textil<\/li>\n<li>Cuadro de mandos coherente<\/li>\n<li>R\u00e9plica exacta del conjunto del suelo. Perfecta suspensi\u00f3n de las ruedas delanteras y traseras. Dep\u00f3sito de aceite y gasolina de chapa de acero inoxidable. Sistema de escape de competici\u00f3n.<\/li>\n<li>Placa base de acero inoxidable desenroscable<\/li>\n<\/ul>\n<\/div>\n<div><\/div>\n<div>El chasis 4491GT se vendi\u00f3 nuevo en 1963 a David Piper, un piloto de carreras brit\u00e1nico, y se pint\u00f3 en el brillante verde de carreras BP. Piper condujo el coche con<br \/>\nTuvo un \u00e9xito considerable en muchos circuitos, como Mallory Park, Silverstone, Brands Hatch, Daytona y Monza, etc. En el invierno de 1963\/64, hizo equipar el # 4491 con un<br \/>\nparabrisas acortado y un techo de nueva forma. Posteriormente, el coche cambi\u00f3 de manos varias veces hasta que su actual propietario italiano<br \/>\nEl propietario lo hizo restaurar a su estado original en 1981 y se eliminaron las modificaciones de Piper.<\/div>\n<div>El coche presentado por CMC se condujo en Silverstone el 20 de julio de 1963 y termin\u00f3 2\u00ba en la OA y 2\u00ba en la clase GT. Otros \u00e9xitos incluyen el 4\u00ba puesto.<br \/>\nOA en Monza y el 1er OA en Kyalami, por nombrar s\u00f3lo algunos.<\/div>\n<\/div>\n<\/div>\n<div><\/div>\n<div class=\"clearfix\">La imagen del producto que se muestra es una animaci\u00f3n CAD de\u00a0<a href=\"https:\/\/www.cgtrader.com\/sj-automotive-design\" target=\"_blank\" rel=\"noopener\">sj-automotive-design<\/a>. Lo m\u00e1s probable es que el dise\u00f1o del modelo CMC difiera de este dise\u00f1o. En nuestro <a href=\"https:\/\/www.modelcars24.de\/es\/cmc-ferrari-250-gto-ranking-modelcars24\/\">Clasificaci\u00f3n GTO<\/a> para averiguar cu\u00e1l de las diez nuevas variantes del CMC Ferrari 250 GTO es la m\u00e1s popular.<\/div>\n<p>N\u00famero de art\u00edculo: M-248<\/p>","protected":false},"excerpt":{"rendered":"<p>M-248 - 1 nuevo - en lugar de \u20ac 694.00 ahora \u20ac 539.00 incl, 19% IVA<\/p>","protected":false},"featured_media":49660,"comment_status":"open","ping_status":"closed","template":"","meta":{"_acf_changed":false},"product_brand":[537],"product_cat":[960,18,63,20,21],"product_tag":[78,152,212],"class_list":{"0":"post-7837","1":"product","2":"type-product","3":"status-publish","4":"has-post-thumbnail","6":"product_brand-cmc","7":"product_cat-aktion","8":"product_cat-cmc","9":"product_cat-ferrari","10":"product_cat-titel","11":"product_cat-verfuegbar","12":"product_tag-angebot","13":"product_tag-cmc-ferrari-250-gto","14":"product_tag-rennversion-tour-de-france-1964-172","15":"pa_automarke-ferrari","16":"pa_decade-1960s","17":"pa_fahrzeugtyp-gt-rennen","18":"pa_farbe-gruen","19":"pa_limitiert-ja","20":"pa_massstab-1-18","21":"pa_modelmarke-cmc","22":"pa_modeltyp-alles-zum-oeffnen","23":"pa_modeltyp-fertigmodell","24":"pa_status-beim-hersteller-verfuegbar","25":"pa_verfuegbarkeit-sofort-verfuegbar","26":"pa_zustand_modell-1-brandneu","27":"pa_zustand_verpackung-1-brandneu","29":"first","30":"instock","31":"sale","32":"taxable","33":"shipping-taxable","34":"purchasable","35":"product-type-simple"},"acf":[],"jetpack_sharing_enabled":true,"_links":{"self":[{"href":"https:\/\/www.modelcars24.de\/es\/wp-json\/wp\/v2\/product\/7837","targetHints":{"allow":["GET"]}}],"collection":[{"href":"https:\/\/www.modelcars24.de\/es\/wp-json\/wp\/v2\/product"}],"about":[{"href":"https:\/\/www.modelcars24.de\/es\/wp-json\/wp\/v2\/types\/product"}],"replies":[{"embeddable":true,"href":"https:\/\/www.modelcars24.de\/es\/wp-json\/wp\/v2\/comments?post=7837"}],"version-history":[{"count":5,"href":"https:\/\/www.modelcars24.de\/es\/wp-json\/wp\/v2\/product\/7837\/revisions"}],"predecessor-version":[{"id":57589,"href":"https:\/\/www.modelcars24.de\/es\/wp-json\/wp\/v2\/product\/7837\/revisions\/57589"}],"wp:featuredmedia":[{"embeddable":true,"href":"https:\/\/www.modelcars24.de\/es\/wp-json\/wp\/v2\/media\/49660"}],"wp:attachment":[{"href":"https:\/\/www.modelcars24.de\/es\/wp-json\/wp\/v2\/media?parent=7837"}],"wp:term":[{"taxonomy":"product_brand","embeddable":true,"href":"https:\/\/www.modelcars24.de\/es\/wp-json\/wp\/v2\/product_brand?post=7837"},{"taxonomy":"product_cat","embeddable":true,"href":"https:\/\/www.modelcars24.de\/es\/wp-json\/wp\/v2\/product_cat?post=7837"},{"taxonomy":"product_tag","embeddable":true,"href":"https:\/\/www.modelcars24.de\/es\/wp-json\/wp\/v2\/product_tag?post=7837"}],"curies":[{"name":"wp","href":"https:\/\/api.w.org\/{rel}","templated":true}]}}