{"id":7839,"date":"2024-10-09T12:00:00","date_gmt":"2024-10-09T10:00:00","guid":{"rendered":"http:\/\/www.mondo-legno.com\/?post_type=product&#038;p=7839"},"modified":"2026-03-24T15:06:44","modified_gmt":"2026-03-24T14:06:44","slug":"cmc-ferrari-250-gto-surtees-parks-m-249","status":"publish","type":"product","link":"https:\/\/www.modelcars24.de\/es\/cmc-ferrari-250-gto-surtees-parks-m-249\/","title":{"rendered":"CMC Ferrari 250 GTO Surtees Parks M-249 #11 2\u00ba OA &amp; 2\u00ba IC 1962 1000km Par\u00eds Montlhery #11 Chasis 3647GT, Edici\u00f3n Limitada 2000 - 1\/18"},"content":{"rendered":"<div id=\"description\">\n<div class=\"long_desc\">\n<h3>CMC Ferrari 250 GTO Surtees Parks M-249 #11 2\u00ba OA &amp; 2\u00ba IC 1962 1000km Par\u00eds Montlhery #11 Chasis 3647GT, Edici\u00f3n Limitada 2000<\/h3>\n<div>\n<ul>\n<li>Modelo met\u00e1lico de precisi\u00f3n ensamblado a mano como volante a la izquierda compuesto por 1.863 piezas, de las cuales 1.223 son s\u00f3lo piezas met\u00e1licas<\/li>\n<li>Cap\u00f3 abatible con barra de apoyo y cierres r\u00e1pidos funcionales con protecci\u00f3n de correa de cuero<\/li>\n<li>Puertas funcionales con ventanas correderas m\u00f3viles<\/li>\n<li>Tapa del maletero con barra de apoyo y rueda de repuesto<\/li>\n<li>Boca de llenado del dep\u00f3sito trasero con tap\u00f3n de apertura<\/li>\n<li>Ruedas de radios perfectamente dise\u00f1adas y cierres centrales Borrani atornillables con rosca derecha\/izquierda<\/li>\n<li>Motor V-12 muy detallado con unidades complementarias y tendido de cables \/ cableado<\/li>\n<li>Interior de veh\u00edculo prototipo con jaula antivuelco y cinturones de seguridad. Asientos con ribete de cuero y revestimiento textil<\/li>\n<li>Cuadro de mandos coherente<\/li>\n<li>R\u00e9plica exacta del conjunto del suelo. Perfecta suspensi\u00f3n de las ruedas delanteras y traseras. Dep\u00f3sito de aceite y gasolina de chapa de acero inoxidable. Sistema de escape de competici\u00f3n.<\/li>\n<li>Placa base de acero inoxidable desenroscable<\/li>\n<\/ul>\n<\/div>\n<div><\/div>\n<div>El chasis 3647GT, que se complet\u00f3 en junio de 1962, estaba destinado originalmente al equipo de carreras Bowmaker del coronel Ronnie Hoare en Inglaterra. John Surtees lo condujo con mucho \u00e9xito hasta que sufri\u00f3 un grave accidente en Goodwood en agosto. Tras reconstruirlo, el coche se vendi\u00f3 a un pr\u00edncipe ruso afincado en Francia, Zourab Tchkotoua, que lo utiliz\u00f3 para eventos especiales, pero sufri\u00f3 otro grave accidente en Goodwood en 1963, casi un a\u00f1o despu\u00e9s de la fecha. Tras la segunda reconstrucci\u00f3n, el chasis 3647GT compiti\u00f3 en eventos menores en Italia antes de ser vendido a Estados Unidos.<br \/>\nEl coche presentado por CMC fue conducido por John Surtees\/Mike Parks con el n\u00famero de salida #11 para terminar 2\u00ba OA y 2\u00ba IC en los 1000 km de Par\u00eds, Montlhery, el 21 de octubre de 1962. En nuestro <a href=\"https:\/\/www.modelcars24.de\/es\/cmc-ferrari-250-gto-ranking-modelcars24\/\">Clasificaci\u00f3n GTO<\/a> para averiguar cu\u00e1l de las diez nuevas variantes del CMC Ferrari 250 GTO es la m\u00e1s popular.<\/div>\n<\/div>\n<\/div>\n<div class=\"clearfix\"><\/div>\n<p>N\u00famero de art\u00edculo: M-249<\/p>","protected":false},"excerpt":{"rendered":"<p>M-249 \u2013 1-brandneu \u2013 en lugar de 694,00 \u20ac \u00a1ahora 614,00 \u20ac incl. 19% iva<\/p>","protected":false},"featured_media":45674,"comment_status":"open","ping_status":"closed","template":"","meta":[],"product_brand":[537],"product_cat":[960,18,63,217],"product_tag":[152,218,212],"class_list":{"0":"post-7839","1":"product","2":"type-product","3":"status-publish","4":"has-post-thumbnail","6":"product_brand-cmc","7":"product_cat-aktion","8":"product_cat-cmc","9":"product_cat-ferrari","10":"product_cat-sofort-verfuegbar","11":"product_tag-cmc-ferrari-250-gto","12":"product_tag-cmc-ferrari-250-gto-surtees-parks-11-m-249","13":"product_tag-rennversion-tour-de-france-1964-172","14":"pa_automarke-ferrari","15":"pa_decade-1960s","16":"pa_fahrzeugtyp-gt-rennen","17":"pa_farbe-rot","18":"pa_limitiert-ja","19":"pa_massstab-1-18","20":"pa_modelmarke-cmc","21":"pa_modeltyp-alles-zum-oeffnen","22":"pa_modeltyp-fertigmodell","23":"pa_status-beim-hersteller-verfuegbar","24":"pa_verfuegbarkeit-sofort-verfuegbar","25":"pa_zustand_modell-1-brandneu","26":"pa_zustand_verpackung-1-brandneu","28":"first","29":"instock","30":"sale","31":"taxable","32":"shipping-taxable","33":"purchasable","34":"product-type-simple"},"jetpack_sharing_enabled":true,"_links":{"self":[{"href":"https:\/\/www.modelcars24.de\/es\/wp-json\/wp\/v2\/product\/7839","targetHints":{"allow":["GET"]}}],"collection":[{"href":"https:\/\/www.modelcars24.de\/es\/wp-json\/wp\/v2\/product"}],"about":[{"href":"https:\/\/www.modelcars24.de\/es\/wp-json\/wp\/v2\/types\/product"}],"replies":[{"embeddable":true,"href":"https:\/\/www.modelcars24.de\/es\/wp-json\/wp\/v2\/comments?post=7839"}],"version-history":[{"count":0,"href":"https:\/\/www.modelcars24.de\/es\/wp-json\/wp\/v2\/product\/7839\/revisions"}],"wp:featuredmedia":[{"embeddable":true,"href":"https:\/\/www.modelcars24.de\/es\/wp-json\/wp\/v2\/media\/45674"}],"wp:attachment":[{"href":"https:\/\/www.modelcars24.de\/es\/wp-json\/wp\/v2\/media?parent=7839"}],"wp:term":[{"taxonomy":"product_brand","embeddable":true,"href":"https:\/\/www.modelcars24.de\/es\/wp-json\/wp\/v2\/product_brand?post=7839"},{"taxonomy":"product_cat","embeddable":true,"href":"https:\/\/www.modelcars24.de\/es\/wp-json\/wp\/v2\/product_cat?post=7839"},{"taxonomy":"product_tag","embeddable":true,"href":"https:\/\/www.modelcars24.de\/es\/wp-json\/wp\/v2\/product_tag?post=7839"}],"curies":[{"name":"wp","href":"https:\/\/api.w.org\/{rel}","templated":true}]}}