{"id":8858,"date":"2023-04-27T00:00:00","date_gmt":"2023-04-26T22:00:00","guid":{"rendered":"http:\/\/www.mondo-legno.com\/?post_type=product&#038;p=8858"},"modified":"2025-12-10T13:26:05","modified_gmt":"2025-12-10T12:26:05","slug":"https-www-modelcars24-de-modelos-lcd-toyota-century-plateado","status":"publish","type":"product","link":"https:\/\/www.modelcars24.de\/es\/https-www-modelcars24-de-lcd-models-toyota-century-silver\/","title":{"rendered":"LCD Models Toyota Century Plata - 1\/18"},"content":{"rendered":"<p>Maqueta de coleccionista de zinc fundido a presi\u00f3n de alta calidad a escala 1:18 con puertas y cap\u00f3 que se abren, ruedas delanteras dirigibles, interior y compartimento del motor detallados. El Toyota Century es un lujoso autom\u00f3vil de cuatro plazas fabricado por Toyota Motors desde 1967. Es un buque insignia de la industria japonesa de autom\u00f3viles de lujo. El Century se ofrece normalmente como berlina, pero tambi\u00e9n est\u00e1 disponible como descapotable y con techo r\u00edgido. Est\u00e1 equipado con un motor V12 de 5,0 litros, con una potencia de 280 CV y un par de 470 Nm. El Century est\u00e1 equipado con elementos de alta tecnolog\u00eda, como suspensi\u00f3n adaptativa, sistemas de asistencia al conductor y c\u00e1mara de conducci\u00f3n nocturna. El Century est\u00e1 equipado con lujosos elementos interiores, como tapicer\u00eda de cuero, sistema de audio con cinco altavoces y cristales tintados.<br \/>N\u00famero de art\u00edculo: LCD18011-SI<\/p>","protected":false},"excerpt":{"rendered":"<p>R\u00e9plica de coche modelo LCD Toyota Century Plata, LCD18011-SI, de LCD Models, ya disponible en www.modelcars24.de<\/p>","protected":false},"featured_media":8859,"comment_status":"open","ping_status":"closed","template":"","meta":{"_acf_changed":false},"product_brand":[856],"product_cat":[236,246,21],"product_tag":[238,247,202],"class_list":{"0":"post-8858","1":"product","2":"type-product","3":"status-publish","4":"has-post-thumbnail","6":"product_brand-lcd-models","7":"product_cat-lcd-models","8":"product_cat-toyota","9":"product_cat-verfuegbar","10":"product_tag-lcd-models","11":"product_tag-toyota","12":"product_tag-verfuegbar","13":"pa_automarke-toyota","14":"pa_decade-2020s","15":"pa_fahrzeugtyp-gelaendewagen","16":"pa_farbe-silber","17":"pa_limitiert-nein","18":"pa_massstab-1-18","19":"pa_modelmarke-lcd-models","20":"pa_modeltyp-alles-zum-oeffnen","21":"pa_modeltyp-fertigmodell","22":"pa_status-beim-hersteller-ausverkauft","23":"pa_verfuegbarkeit-5-tage-lieferzeit","24":"pa_zustand_modell-1-brandneu","25":"pa_zustand_verpackung-1-brandneu","27":"first","28":"instock","29":"taxable","30":"shipping-taxable","31":"purchasable","32":"product-type-simple"},"acf":[],"jetpack_sharing_enabled":true,"_links":{"self":[{"href":"https:\/\/www.modelcars24.de\/es\/wp-json\/wp\/v2\/product\/8858","targetHints":{"allow":["GET"]}}],"collection":[{"href":"https:\/\/www.modelcars24.de\/es\/wp-json\/wp\/v2\/product"}],"about":[{"href":"https:\/\/www.modelcars24.de\/es\/wp-json\/wp\/v2\/types\/product"}],"replies":[{"embeddable":true,"href":"https:\/\/www.modelcars24.de\/es\/wp-json\/wp\/v2\/comments?post=8858"}],"version-history":[{"count":2,"href":"https:\/\/www.modelcars24.de\/es\/wp-json\/wp\/v2\/product\/8858\/revisions"}],"predecessor-version":[{"id":57605,"href":"https:\/\/www.modelcars24.de\/es\/wp-json\/wp\/v2\/product\/8858\/revisions\/57605"}],"wp:featuredmedia":[{"embeddable":true,"href":"https:\/\/www.modelcars24.de\/es\/wp-json\/wp\/v2\/media\/8859"}],"wp:attachment":[{"href":"https:\/\/www.modelcars24.de\/es\/wp-json\/wp\/v2\/media?parent=8858"}],"wp:term":[{"taxonomy":"product_brand","embeddable":true,"href":"https:\/\/www.modelcars24.de\/es\/wp-json\/wp\/v2\/product_brand?post=8858"},{"taxonomy":"product_cat","embeddable":true,"href":"https:\/\/www.modelcars24.de\/es\/wp-json\/wp\/v2\/product_cat?post=8858"},{"taxonomy":"product_tag","embeddable":true,"href":"https:\/\/www.modelcars24.de\/es\/wp-json\/wp\/v2\/product_tag?post=8858"}],"curies":[{"name":"wp","href":"https:\/\/api.w.org\/{rel}","templated":true}]}}