{"id":8866,"date":"2023-04-27T00:00:00","date_gmt":"2023-04-26T22:00:00","guid":{"rendered":"http:\/\/www.mondo-legno.com\/?post_type=product&#038;p=8866"},"modified":"2025-12-10T13:26:07","modified_gmt":"2025-12-10T12:26:07","slug":"https-www-modelcars24-de-lcd-models-pagani-huayra-bc-roadster-blanco","status":"publish","type":"product","link":"https:\/\/www.modelcars24.de\/es\/https-www-modelcars24-de-lcd-models-pagani-huayra-bc-roadster-white\/","title":{"rendered":"LCD Models Pagani Huayra Bc Roadster Blanco - 1\/18"},"content":{"rendered":"<p>Modelo de coleccionista de zinc fundido a presi\u00f3n de alta calidad a escala 1:18 con puertas y cap\u00f3 que se abren, ruedas delanteras dirigibles, interior y compartimento del motor detallados. El Pagani Huayra BC Roadster Orange es un modelo de edici\u00f3n limitada del legendario supercoche Huayra BC, disponible en exclusiva para el mercado estadounidense. El coche tiene un llamativo acabado naranja que destaca maravillosamente y ofrece un dise\u00f1o \u00fanico. El Huayra BC Roadster Orange est\u00e1 equipado con un motor V12 de 6,0 litros que entrega 790 CV y 811 lb-pie de par. El coche tambi\u00e9n est\u00e1 equipado con una transmisi\u00f3n autom\u00e1tica de 7 velocidades para arranques suaves y una aceleraci\u00f3n sensible.<br \/>N\u00famero de art\u00edculo: LCD18008-WH<\/p>","protected":false},"excerpt":{"rendered":"<p>Coche modelo LCD Models Pagani Huayra Bc Roadster Blanco, LCD18008-WH, de LCD Models, ya disponible en www.modelcars24.de<\/p>","protected":false},"featured_media":8867,"comment_status":"open","ping_status":"closed","template":"","meta":{"_acf_changed":false},"product_brand":[856],"product_cat":[236,249,21],"product_tag":[238,250,202],"class_list":{"0":"post-8866","1":"product","2":"type-product","3":"status-publish","4":"has-post-thumbnail","6":"product_brand-lcd-models","7":"product_cat-lcd-models","8":"product_cat-pagani","9":"product_cat-verfuegbar","10":"product_tag-lcd-models","11":"product_tag-pagani","12":"product_tag-verfuegbar","13":"pa_automarke-pagani","14":"pa_decade-2020s","15":"pa_fahrzeugtyp-gelaendewagen","16":"pa_farbe-weiss","17":"pa_limitiert-nein","18":"pa_massstab-1-18","19":"pa_modelmarke-lcd-models","20":"pa_modeltyp-alles-zum-oeffnen","21":"pa_modeltyp-fertigmodell","22":"pa_status-beim-hersteller-ausverkauft","23":"pa_verfuegbarkeit-5-tage-lieferzeit","24":"pa_zustand_modell-1-brandneu","25":"pa_zustand_verpackung-1-brandneu","27":"first","28":"instock","29":"taxable","30":"shipping-taxable","31":"purchasable","32":"product-type-simple"},"acf":[],"jetpack_sharing_enabled":true,"_links":{"self":[{"href":"https:\/\/www.modelcars24.de\/es\/wp-json\/wp\/v2\/product\/8866","targetHints":{"allow":["GET"]}}],"collection":[{"href":"https:\/\/www.modelcars24.de\/es\/wp-json\/wp\/v2\/product"}],"about":[{"href":"https:\/\/www.modelcars24.de\/es\/wp-json\/wp\/v2\/types\/product"}],"replies":[{"embeddable":true,"href":"https:\/\/www.modelcars24.de\/es\/wp-json\/wp\/v2\/comments?post=8866"}],"version-history":[{"count":2,"href":"https:\/\/www.modelcars24.de\/es\/wp-json\/wp\/v2\/product\/8866\/revisions"}],"predecessor-version":[{"id":57607,"href":"https:\/\/www.modelcars24.de\/es\/wp-json\/wp\/v2\/product\/8866\/revisions\/57607"}],"wp:featuredmedia":[{"embeddable":true,"href":"https:\/\/www.modelcars24.de\/es\/wp-json\/wp\/v2\/media\/8867"}],"wp:attachment":[{"href":"https:\/\/www.modelcars24.de\/es\/wp-json\/wp\/v2\/media?parent=8866"}],"wp:term":[{"taxonomy":"product_brand","embeddable":true,"href":"https:\/\/www.modelcars24.de\/es\/wp-json\/wp\/v2\/product_brand?post=8866"},{"taxonomy":"product_cat","embeddable":true,"href":"https:\/\/www.modelcars24.de\/es\/wp-json\/wp\/v2\/product_cat?post=8866"},{"taxonomy":"product_tag","embeddable":true,"href":"https:\/\/www.modelcars24.de\/es\/wp-json\/wp\/v2\/product_tag?post=8866"}],"curies":[{"name":"wp","href":"https:\/\/api.w.org\/{rel}","templated":true}]}}