{"id":39201,"date":"2025-03-08T11:26:38","date_gmt":"2025-03-08T10:26:38","guid":{"rendered":"http:\/\/www.mondo-legno.com\/versandarten\/"},"modified":"2025-03-08T12:21:56","modified_gmt":"2025-03-08T11:21:56","slug":"modes-dexpedition","status":"publish","type":"page","link":"https:\/\/www.modelcars24.de\/fr\/versandarten\/","title":{"rendered":"Modes d'envoi"},"content":{"rendered":"<div data-elementor-type=\"wp-page\" data-elementor-id=\"39201\" class=\"elementor elementor-39201\" data-elementor-post-type=\"page\">\n\t\t\t\t<div class=\"elementor-element elementor-element-3013884 e-flex e-con-boxed e-con e-parent\" data-id=\"3013884\" data-element_type=\"container\" data-e-type=\"container\">\n\t\t\t\t\t<div class=\"e-con-inner\">\n\t\t\t\t<div class=\"elementor-element elementor-element-d65cbc2 elementor-widget elementor-widget-text-editor\" data-id=\"d65cbc2\" data-element_type=\"widget\" data-e-type=\"widget\" data-widget_type=\"text-editor.default\">\n\t\t\t\t<div class=\"elementor-widget-container\">\n\t\t\t\t\t\t\t\t\t<p><strong>Prix, frais de port et informations sur la livraison<\/strong><\/p>\n<p>Les prix indiqu\u00e9s sur les pages des produits incluent la TVA et d'autres \u00e9l\u00e9ments de prix.<\/p>\n<p>Il n'y a pas de frais d'envoi pour les contenus num\u00e9riques (e-books, logiciels, etc.).<\/p>\n<p>Les frais d'exp\u00e9dition comprennent la TVA l\u00e9gale. \u00c9tant donn\u00e9 que la TVA sur les frais d'exp\u00e9dition est calcul\u00e9e en fonction des marchandises achet\u00e9es, elle peut \u00eatre r\u00e9duite si les marchandises sont achet\u00e9es \u00e0 des taux de TVA inf\u00e9rieurs (par exemple, lors de l'achat de livres). Cela signifie que les frais d'exp\u00e9dition ne peuvent \u00eatre calcul\u00e9s d\u00e9finitivement que dans le cadre du processus de commande. Ils ne peuvent toutefois pas \u00eatre augment\u00e9s \u00e0 cette occasion, mais seulement diminu\u00e9s en votre faveur.<\/p>\t\t\t\t\t\t\t\t<\/div>\n\t\t\t\t<\/div>\n\t\t\t\t\t<\/div>\n\t\t\t\t<\/div>\n\t\t\t\t<\/div>","protected":false},"excerpt":{"rendered":"<p>Preise, Versandkosten und Lieferinformationen Die auf den Produktseiten genannten Preise enthalten die gesetzliche Mehrwertsteuer und sonstige Preisbestandteile. F\u00fcr digitale Inhalte (E-Books, Software, etc.) fallen keine Versandkosten an. Die Versandkosten enthalten die gesetzliche Mehrwertsteuer. Da die Mehrwertsteuer auf die Versandkosten abh\u00e4ngig von den erworbenen Waren berechnet wird, kann sie sich mindern, wenn Waren zu niedrigeren Umsatzsteuers\u00e4tzen [&hellip;]<\/p>\n","protected":false},"author":1,"featured_media":0,"parent":0,"menu_order":0,"comment_status":"closed","ping_status":"closed","template":"","meta":{"_acf_changed":false,"footnotes":""},"class_list":["post-39201","page","type-page","status-publish","hentry"],"acf":[],"jetpack_sharing_enabled":true,"_links":{"self":[{"href":"https:\/\/www.modelcars24.de\/fr\/wp-json\/wp\/v2\/pages\/39201","targetHints":{"allow":["GET"]}}],"collection":[{"href":"https:\/\/www.modelcars24.de\/fr\/wp-json\/wp\/v2\/pages"}],"about":[{"href":"https:\/\/www.modelcars24.de\/fr\/wp-json\/wp\/v2\/types\/page"}],"author":[{"embeddable":true,"href":"https:\/\/www.modelcars24.de\/fr\/wp-json\/wp\/v2\/users\/1"}],"replies":[{"embeddable":true,"href":"https:\/\/www.modelcars24.de\/fr\/wp-json\/wp\/v2\/comments?post=39201"}],"version-history":[{"count":6,"href":"https:\/\/www.modelcars24.de\/fr\/wp-json\/wp\/v2\/pages\/39201\/revisions"}],"predecessor-version":[{"id":39243,"href":"https:\/\/www.modelcars24.de\/fr\/wp-json\/wp\/v2\/pages\/39201\/revisions\/39243"}],"wp:attachment":[{"href":"https:\/\/www.modelcars24.de\/fr\/wp-json\/wp\/v2\/media?parent=39201"}],"curies":[{"name":"wp","href":"https:\/\/api.w.org\/{rel}","templated":true}]}}