{"id":10167,"date":"2026-02-15T14:58:06","date_gmt":"2026-02-15T13:58:06","guid":{"rendered":"http:\/\/www.mondo-legno.com\/?post_type=product&#038;p=10167"},"modified":"2026-02-23T15:36:23","modified_gmt":"2026-02-23T14:36:23","slug":"auto-art-jaguar-lightweight-e-type-dark-grey-1-18","status":"publish","type":"product","link":"https:\/\/www.modelcars24.de\/fr\/auto-art-jaguar-lightweight-e-type-dark-grey-1-18\/","title":{"rendered":"AUTOart Jaguar Lightweight E-Type (Dark Grey) 1\/18 - 1\/18"},"content":{"rendered":"<h3>AUTOart Jaguar Lightweight E-Type (Dark Grey)1\/18<\/h3>\n<p>Mod\u00e8le tr\u00e8s d\u00e9taill\u00e9 et de haute qualit\u00e9 de la Jaguar E en version composite.<\/p>\n<p>AUTOart JAGUAR LIGHTWEIGHT E-TYPE 2015 produit dans cette version \u00e0 l'\u00e9chelle 1:18.<br \/>Num\u00e9ro d'article : 73647<\/p>","protected":false},"excerpt":{"rendered":"<p>AA73647 &#8211; 1-brandneu &#8211; 282,00 \u20ac inkl. 19% Vat<\/p>","protected":false},"featured_media":10168,"comment_status":"open","ping_status":"closed","template":"","meta":{"_acf_changed":false},"product_brand":[846],"product_cat":[185,139,21],"product_tag":[172,173,269,175,270,181,182],"class_list":{"0":"post-10167","1":"product","2":"type-product","3":"status-publish","4":"has-post-thumbnail","6":"product_brand-autoart","7":"product_cat-autoart","8":"product_cat-jaguar","9":"product_cat-verfuegbar","10":"product_tag-atelier","11":"product_tag-bbr","12":"product_tag-bbr-ferrari-250-lusso-red","13":"product_tag-competizione","14":"product_tag-ferrari-250-lusso-1963-118","15":"product_tag-mrcollection","16":"product_tag-perfectly-embodies-ferraris","17":"pa_automarke-jaguar","18":"pa_decade-1960s","19":"pa_fahrzeugtyp-gt-rennen","20":"pa_farbe-gruen","21":"pa_limitiert-nein","22":"pa_massstab-1-18","23":"pa_modelmarke-autoart","24":"pa_modeltyp-alles-zum-oeffnen","25":"pa_modeltyp-fertigmodell","26":"pa_status-beim-hersteller-verfuegbar","27":"pa_verfuegbarkeit-5-tage-lieferzeit","28":"pa_zustand_modell-1-brandneu","29":"pa_zustand_verpackung-1-brandneu","31":"first","32":"instock","33":"taxable","34":"shipping-taxable","35":"purchasable","36":"product-type-simple"},"acf":[],"jetpack_sharing_enabled":true,"_links":{"self":[{"href":"https:\/\/www.modelcars24.de\/fr\/wp-json\/wp\/v2\/product\/10167","targetHints":{"allow":["GET"]}}],"collection":[{"href":"https:\/\/www.modelcars24.de\/fr\/wp-json\/wp\/v2\/product"}],"about":[{"href":"https:\/\/www.modelcars24.de\/fr\/wp-json\/wp\/v2\/types\/product"}],"replies":[{"embeddable":true,"href":"https:\/\/www.modelcars24.de\/fr\/wp-json\/wp\/v2\/comments?post=10167"}],"version-history":[{"count":3,"href":"https:\/\/www.modelcars24.de\/fr\/wp-json\/wp\/v2\/product\/10167\/revisions"}],"predecessor-version":[{"id":57699,"href":"https:\/\/www.modelcars24.de\/fr\/wp-json\/wp\/v2\/product\/10167\/revisions\/57699"}],"wp:featuredmedia":[{"embeddable":true,"href":"https:\/\/www.modelcars24.de\/fr\/wp-json\/wp\/v2\/media\/10168"}],"wp:attachment":[{"href":"https:\/\/www.modelcars24.de\/fr\/wp-json\/wp\/v2\/media?parent=10167"}],"wp:term":[{"taxonomy":"product_brand","embeddable":true,"href":"https:\/\/www.modelcars24.de\/fr\/wp-json\/wp\/v2\/product_brand?post=10167"},{"taxonomy":"product_cat","embeddable":true,"href":"https:\/\/www.modelcars24.de\/fr\/wp-json\/wp\/v2\/product_cat?post=10167"},{"taxonomy":"product_tag","embeddable":true,"href":"https:\/\/www.modelcars24.de\/fr\/wp-json\/wp\/v2\/product_tag?post=10167"}],"curies":[{"name":"wp","href":"https:\/\/api.w.org\/{rel}","templated":true}]}}