{"id":102,"date":"2023-03-07T11:54:00","date_gmt":"2023-03-07T10:54:00","guid":{"rendered":"http:\/\/www.mondo-legno.com\/?post_type=product&#038;p=102"},"modified":"2025-12-10T13:24:57","modified_gmt":"2025-12-10T12:24:57","slug":"cmc-mercedes-benz-slr-mclaren-2003-2","status":"publish","type":"product","link":"https:\/\/www.modelcars24.de\/fr\/cmc-mercedes-benz-slr-mclaren-2003-2\/","title":{"rendered":"CMC Mercedes-Benz SLR McLaren, 2003 - 1\/18"},"content":{"rendered":"<p>CMC Mercedes-Benz SLR McLaren, 2003, mod\u00e8le de collection hautement d\u00e9taill\u00e9 en m\u00e9tal, pi\u00e8ces rapport\u00e9es chrom\u00e9es en grande partie en m\u00e9tal, assembl\u00e9es \u00e0 la main, mat\u00e9riaux conformes \u00e0 l'original, si\u00e8ges en cuir ou rembourr\u00e9s, version d\u00e9taill\u00e9e de l'original, nombreuses fonctions et d\u00e9tails.<\/p>\n<p><span data-offset-key=\"dk8bp-16-0\">Le site<\/span><span data-offset-key=\"dk8bp-17-0\"> Mercedes<\/span><span data-offset-key=\"dk8bp-18-0\">-<\/span><span data-offset-key=\"dk8bp-19-0\">Mc<\/span><span data-offset-key=\"dk8bp-20-0\">L<\/span><span data-offset-key=\"dk8bp-21-0\">aren<\/span><span data-offset-key=\"dk8bp-22-0\"> SL<\/span><span data-offset-key=\"dk8bp-23-0\">R<\/span><span data-offset-key=\"dk8bp-24-0\"> is<\/span><span data-offset-key=\"dk8bp-25-0\">t<\/span><span data-offset-key=\"dk8bp-26-0\"> e<\/span><span data-offset-key=\"dk8bp-27-0\">dans<\/span><span data-offset-key=\"dk8bp-28-0\"> Lux<\/span><span data-offset-key=\"dk8bp-29-0\">uss<\/span><span data-offset-key=\"dk8bp-30-0\">port<\/span><span data-offset-key=\"dk8bp-31-0\">chariot<\/span><span data-offset-key=\"dk8bp-32-0\">,<\/span><span data-offset-key=\"dk8bp-33-0\"> le<\/span><span data-offset-key=\"dk8bp-34-0\"> de<\/span><span data-offset-key=\"dk8bp-35-0\"> 2003<\/span><span data-offset-key=\"dk8bp-36-0\"> jusqu'\u00e0<\/span><span data-offset-key=\"dk8bp-37-0\"> 2010<\/span><span data-offset-key=\"dk8bp-38-0\"> de<\/span><span data-offset-key=\"dk8bp-39-0\"> le<\/span><span data-offset-key=\"dk8bp-40-0\"> Mercedes<\/span><span data-offset-key=\"dk8bp-41-0\">-<\/span><span data-offset-key=\"dk8bp-42-0\">Mc<\/span><span data-offset-key=\"dk8bp-43-0\">L<\/span><span data-offset-key=\"dk8bp-44-0\">aren<\/span><span data-offset-key=\"dk8bp-45-0\"> Automatique<\/span><span data-offset-key=\"dk8bp-46-0\">otive<\/span><span data-offset-key=\"dk8bp-47-0\">-<\/span><span data-offset-key=\"dk8bp-48-0\">Partie<\/span><span data-offset-key=\"dk8bp-49-0\">ners<\/span><span data-offset-key=\"dk8bp-50-0\">cha<\/span><span data-offset-key=\"dk8bp-51-0\">ft<\/span><span data-offset-key=\"dk8bp-52-0\"> her<\/span><span data-offset-key=\"dk8bp-53-0\">est n\u00e9<\/span><span data-offset-key=\"dk8bp-54-0\">ell<\/span><span data-offset-key=\"dk8bp-55-0\">t<\/span><span data-offset-key=\"dk8bp-56-0\"> w<\/span><span data-offset-key=\"dk8bp-57-0\">urd<\/span><span data-offset-key=\"dk8bp-58-0\">e<\/span><span data-offset-key=\"dk8bp-59-0\">.<\/span><span data-offset-key=\"dk8bp-60-0\"> Le site<\/span><span data-offset-key=\"dk8bp-61-0\"> SL<\/span><span data-offset-key=\"dk8bp-62-0\">R<\/span><span data-offset-key=\"dk8bp-63-0\"> ver<\/span><span data-offset-key=\"dk8bp-64-0\">f<\/span><span data-offset-key=\"dk8bp-65-0\">\u00fc<\/span><span data-offset-key=\"dk8bp-66-0\">gt<\/span><span data-offset-key=\"dk8bp-67-0\"> \u00fc<\/span><span data-offset-key=\"dk8bp-68-0\">\u00e0 propos de<\/span><span data-offset-key=\"dk8bp-69-0\"> e<\/span><span data-offset-key=\"dk8bp-70-0\">en un<\/span><span data-offset-key=\"dk8bp-71-0\"> 5<\/span><span data-offset-key=\"dk8bp-72-0\">,<\/span><span data-offset-key=\"dk8bp-73-0\">4<\/span><span data-offset-key=\"dk8bp-74-0\">-<\/span><span data-offset-key=\"dk8bp-75-0\">Litres<\/span><span data-offset-key=\"dk8bp-76-0\">-<\/span><span data-offset-key=\"dk8bp-77-0\">V<\/span><span data-offset-key=\"dk8bp-78-0\">8<\/span><span data-offset-key=\"dk8bp-79-0\">-<\/span><span data-offset-key=\"dk8bp-80-0\">Moteur<\/span><span data-offset-key=\"dk8bp-81-0\"> avec<\/span><span data-offset-key=\"dk8bp-82-0\"> e<\/span><span data-offset-key=\"dk8bp-83-0\">dans un<\/span><span data-offset-key=\"dk8bp-84-0\"> Le<\/span><span data-offset-key=\"dk8bp-85-0\">est<\/span><span data-offset-key=\"dk8bp-86-0\">\u00e0<\/span><span data-offset-key=\"dk8bp-87-0\"> de<\/span><span data-offset-key=\"dk8bp-88-0\"> 6<\/span><span data-offset-key=\"dk8bp-89-0\">17<\/span><span data-offset-key=\"dk8bp-90-0\"> PS<\/span><span data-offset-key=\"dk8bp-91-0\">,<\/span><span data-offset-key=\"dk8bp-92-0\"> ce que<\/span><span data-offset-key=\"dk8bp-93-0\"> e<\/span><span data-offset-key=\"dk8bp-94-0\">ine<\/span><span data-offset-key=\"dk8bp-95-0\"> H<\/span><span data-offset-key=\"dk8bp-96-0\">\u00f6<\/span><span data-offset-key=\"dk8bp-97-0\">ch<\/span><span data-offset-key=\"dk8bp-98-0\">st<\/span><span data-offset-key=\"dk8bp-99-0\">ges<\/span><span data-offset-key=\"dk8bp-100-0\">ch<\/span><span data-offset-key=\"dk8bp-101-0\">vent<\/span><span data-offset-key=\"dk8bp-102-0\">ig<\/span><span data-offset-key=\"dk8bp-103-0\">ke<\/span><span data-offset-key=\"dk8bp-104-0\">it<\/span><span data-offset-key=\"dk8bp-105-0\"> de<\/span><span data-offset-key=\"dk8bp-106-0\"> 209<\/span><span data-offset-key=\"dk8bp-107-0\"> mph<\/span><span data-offset-key=\"dk8bp-108-0\"> (<\/span><span data-offset-key=\"dk8bp-109-0\">336<\/span><span data-offset-key=\"dk8bp-110-0\"> km<\/span><span data-offset-key=\"dk8bp-111-0\">\/<\/span><span data-offset-key=\"dk8bp-112-0\">h<\/span><span data-offset-key=\"dk8bp-113-0\">)<\/span><span data-offset-key=\"dk8bp-114-0\"> erg<\/span><span data-offset-key=\"dk8bp-115-0\">ib<\/span><span data-offset-key=\"dk8bp-116-0\">t<\/span><span data-offset-key=\"dk8bp-117-0\">.<\/span><span data-offset-key=\"dk8bp-118-0\"> Le site<\/span><span data-offset-key=\"dk8bp-119-0\"> SL<\/span><span data-offset-key=\"dk8bp-120-0\">R<\/span><span data-offset-key=\"dk8bp-121-0\"> is<\/span><span data-offset-key=\"dk8bp-122-0\">t<\/span><span data-offset-key=\"dk8bp-123-0\"> avec<\/span><span data-offset-key=\"dk8bp-124-0\"> e<\/span><span data-offset-key=\"dk8bp-125-0\">inem<\/span><span data-offset-key=\"dk8bp-126-0\"> 5<\/span><span data-offset-key=\"dk8bp-127-0\">-<\/span><span data-offset-key=\"dk8bp-128-0\">G<\/span><span data-offset-key=\"dk8bp-129-0\">ang<\/span><span data-offset-key=\"dk8bp-130-0\">-<\/span><span data-offset-key=\"dk8bp-131-0\">Automatique<\/span><span data-offset-key=\"dk8bp-132-0\">\u00e0<\/span><span data-offset-key=\"dk8bp-133-0\">ik<\/span><span data-offset-key=\"dk8bp-134-0\">get<\/span><span data-offset-key=\"dk8bp-135-0\">rie<\/span><span data-offset-key=\"dk8bp-136-0\">be<\/span><span data-offset-key=\"dk8bp-137-0\"> a<\/span><span data-offset-key=\"dk8bp-138-0\">us<\/span><span data-offset-key=\"dk8bp-139-0\">est n\u00e9<\/span><span data-offset-key=\"dk8bp-140-0\">att<\/span><span data-offset-key=\"dk8bp-141-0\">et<\/span><span data-offset-key=\"dk8bp-142-0\">,<\/span><span data-offset-key=\"dk8bp-143-0\"> d<\/span><span data-offset-key=\"dk8bp-144-0\">as<\/span><span data-offset-key=\"dk8bp-145-0\"> le<\/span><span data-offset-key=\"dk8bp-146-0\"> Force<\/span><span data-offset-key=\"dk8bp-147-0\"> a<\/span><span data-offset-key=\"dk8bp-148-0\">uf<\/span><span data-offset-key=\"dk8bp-149-0\"> le<\/span><span data-offset-key=\"dk8bp-150-0\"> H<\/span><span data-offset-key=\"dk8bp-151-0\">inter<\/span><span data-offset-key=\"dk8bp-152-0\">r<\/span><span data-offset-key=\"dk8bp-153-0\">\u00e4<\/span><span data-offset-key=\"dk8bp-154-0\">le<\/span><span data-offset-key=\"dk8bp-155-0\"> \u00fc<\/span><span data-offset-key=\"dk8bp-156-0\">\u00e0 propos de<\/span><span data-offset-key=\"dk8bp-157-0\">tr<\/span><span data-offset-key=\"dk8bp-158-0\">\u00e4<\/span><span data-offset-key=\"dk8bp-159-0\">gt<\/span><span data-offset-key=\"dk8bp-160-0\">.<\/span><span data-offset-key=\"dk8bp-161-0\"> Le site<\/span><span data-offset-key=\"dk8bp-162-0\"> SL<\/span><span data-offset-key=\"dk8bp-163-0\">R<\/span><span data-offset-key=\"dk8bp-164-0\"> is<\/span><span data-offset-key=\"dk8bp-165-0\">t<\/span><span data-offset-key=\"dk8bp-166-0\"> avec<\/span><span data-offset-key=\"dk8bp-167-0\"> e<\/span><span data-offset-key=\"dk8bp-168-0\">inem<\/span><span data-offset-key=\"dk8bp-169-0\"> Carbone<\/span><span data-offset-key=\"dk8bp-170-0\">-<\/span><span data-offset-key=\"dk8bp-171-0\">K<\/span><span data-offset-key=\"dk8bp-172-0\">il<\/span><span data-offset-key=\"dk8bp-173-0\">sur le site<\/span><span data-offset-key=\"dk8bp-174-0\">ik<\/span><span data-offset-key=\"dk8bp-175-0\">-<\/span><span data-offset-key=\"dk8bp-176-0\">Bre<\/span><span data-offset-key=\"dk8bp-177-0\">ms<\/span><span data-offset-key=\"dk8bp-178-0\">en<\/span><span data-offset-key=\"dk8bp-179-0\">-<\/span><span data-offset-key=\"dk8bp-180-0\">Syst\u00e8me<\/span><span data-offset-key=\"dk8bp-181-0\">,<\/span><span data-offset-key=\"dk8bp-182-0\"> e<\/span><span data-offset-key=\"dk8bp-183-0\">inem<\/span><span data-offset-key=\"dk8bp-184-0\"> Carbone<\/span><span data-offset-key=\"dk8bp-185-0\">-<\/span><span data-offset-key=\"dk8bp-186-0\">F<\/span><span data-offset-key=\"dk8bp-187-0\">aser<\/span><span data-offset-key=\"dk8bp-188-0\">-<\/span><span data-offset-key=\"dk8bp-189-0\">Corps<\/span><span data-offset-key=\"dk8bp-190-0\">-<\/span><span data-offset-key=\"dk8bp-191-0\">Kit<\/span><span data-offset-key=\"dk8bp-192-0\">,<\/span><span data-offset-key=\"dk8bp-193-0\"> e<\/span><span data-offset-key=\"dk8bp-194-0\">inem<\/span><span data-offset-key=\"dk8bp-195-0\"> ne<\/span><span data-offset-key=\"dk8bp-196-0\">u<\/span><span data-offset-key=\"dk8bp-197-0\">en<\/span><span data-offset-key=\"dk8bp-198-0\"> Front<\/span><span data-offset-key=\"dk8bp-199-0\">-<\/span><span data-offset-key=\"dk8bp-200-0\"> et<\/span><span data-offset-key=\"dk8bp-201-0\"> Arri\u00e8re<\/span><span data-offset-key=\"dk8bp-202-0\">design<\/span><span data-offset-key=\"dk8bp-203-0\"> sow<\/span><span data-offset-key=\"dk8bp-204-0\">ie<\/span><span data-offset-key=\"dk8bp-205-0\"> e<\/span><span data-offset-key=\"dk8bp-206-0\">inem<\/span><span data-offset-key=\"dk8bp-207-0\"> aer<\/span><span data-offset-key=\"dk8bp-208-0\">odynam<\/span><span data-offset-key=\"dk8bp-209-0\">isc<\/span><span data-offset-key=\"dk8bp-210-0\">hen<\/span><span data-offset-key=\"dk8bp-211-0\"> Design<\/span><span data-offset-key=\"dk8bp-212-0\"> a<\/span><span data-offset-key=\"dk8bp-213-0\">us<\/span><span data-offset-key=\"dk8bp-214-0\">est n\u00e9<\/span><span data-offset-key=\"dk8bp-215-0\">att<\/span><span data-offset-key=\"dk8bp-216-0\">et<\/span><span data-offset-key=\"dk8bp-217-0\">.<\/span><span data-offset-key=\"dk8bp-218-0\"> Le site<\/span><span data-offset-key=\"dk8bp-219-0\"> Auberge<\/span><span data-offset-key=\"dk8bp-220-0\">en<\/span><span data-offset-key=\"dk8bp-221-0\">ra<\/span><span data-offset-key=\"dk8bp-222-0\">pour<\/span><span data-offset-key=\"dk8bp-223-0\"> du site<\/span><span data-offset-key=\"dk8bp-224-0\"> SL<\/span><span data-offset-key=\"dk8bp-225-0\">R<\/span><span data-offset-key=\"dk8bp-226-0\"> is<\/span><span data-offset-key=\"dk8bp-227-0\">t<\/span><span data-offset-key=\"dk8bp-228-0\"> avec<\/span><span data-offset-key=\"dk8bp-229-0\"> e<\/span><span data-offset-key=\"dk8bp-230-0\">inem<\/span><span data-offset-key=\"dk8bp-231-0\"> lux<\/span><span data-offset-key=\"dk8bp-232-0\">uri<\/span><span data-offset-key=\"dk8bp-233-0\">\u00f6<\/span><span data-offset-key=\"dk8bp-234-0\">sen<\/span><span data-offset-key=\"dk8bp-235-0\"> Inter<\/span><span data-offset-key=\"dk8bp-236-0\">ie<\/span><span data-offset-key=\"dk8bp-237-0\">ur<\/span><span data-offset-key=\"dk8bp-238-0\"> a<\/span><span data-offset-key=\"dk8bp-239-0\">us<\/span><span data-offset-key=\"dk8bp-240-0\">est n\u00e9<\/span><span data-offset-key=\"dk8bp-241-0\">att<\/span><span data-offset-key=\"dk8bp-242-0\">et<\/span><span data-offset-key=\"dk8bp-243-0\">,<\/span><span data-offset-key=\"dk8bp-244-0\"> d<\/span><span data-offset-key=\"dk8bp-245-0\">as<\/span><span data-offset-key=\"dk8bp-246-0\"> L<\/span><span data-offset-key=\"dk8bp-247-0\">eder<\/span><span data-offset-key=\"dk8bp-248-0\">,<\/span><span data-offset-key=\"dk8bp-249-0\"> Va chercher<\/span><span data-offset-key=\"dk8bp-250-0\">z<\/span><span data-offset-key=\"dk8bp-251-0\"> et<\/span><span data-offset-key=\"dk8bp-252-0\"> Al<\/span><span data-offset-key=\"dk8bp-253-0\">uminium<\/span><span data-offset-key=\"dk8bp-254-0\"> ver<\/span><span data-offset-key=\"dk8bp-255-0\">w<\/span><span data-offset-key=\"dk8bp-256-0\">end<\/span><span data-offset-key=\"dk8bp-257-0\">et<\/span><span data-offset-key=\"dk8bp-258-0\">.<\/span><br \/>\nNum\u00e9ro d'article : M-045B<\/p>\n<p>Malheureusement, ce mod\u00e8le ne comporte pas les signes McLaren sur le capot.<\/p>","protected":false},"excerpt":{"rendered":"<p>Mercedes-Benz SLR McLaren, 2003 modelcar, M-045B, from CMC, now available at www.modelcars24.de<\/p>","protected":false},"featured_media":50233,"comment_status":"open","ping_status":"closed","template":"","meta":{"_acf_changed":false},"product_brand":[537],"product_cat":[18,19,34],"product_tag":[],"class_list":{"0":"post-102","1":"product","2":"type-product","3":"status-publish","4":"has-post-thumbnail","6":"product_brand-cmc","7":"product_cat-cmc","8":"product_cat-mercedes-benz","9":"product_cat-nicht-verfuegbar","10":"pa_automarke-mercedes","11":"pa_decade-2000s","12":"pa_fahrzeugtyp-coupe","13":"pa_farbe-anthrazit","14":"pa_limitiert-nein","15":"pa_massstab-1-18","16":"pa_modelmarke-cmc","17":"pa_modeltyp-alles-zum-oeffnen","18":"pa_modeltyp-fertigmodell","19":"pa_status-beim-hersteller-ausverkauft","20":"pa_verfuegbarkeit-sofort-verfuegbar","21":"pa_zustand_modell-2-neuwertig","22":"pa_zustand_verpackung-2-neuwertig","24":"first","25":"outofstock","26":"sale","27":"purchasable","28":"product-type-simple"},"acf":[],"jetpack_sharing_enabled":true,"_links":{"self":[{"href":"https:\/\/www.modelcars24.de\/fr\/wp-json\/wp\/v2\/product\/102","targetHints":{"allow":["GET"]}}],"collection":[{"href":"https:\/\/www.modelcars24.de\/fr\/wp-json\/wp\/v2\/product"}],"about":[{"href":"https:\/\/www.modelcars24.de\/fr\/wp-json\/wp\/v2\/types\/product"}],"replies":[{"embeddable":true,"href":"https:\/\/www.modelcars24.de\/fr\/wp-json\/wp\/v2\/comments?post=102"}],"version-history":[{"count":5,"href":"https:\/\/www.modelcars24.de\/fr\/wp-json\/wp\/v2\/product\/102\/revisions"}],"predecessor-version":[{"id":57416,"href":"https:\/\/www.modelcars24.de\/fr\/wp-json\/wp\/v2\/product\/102\/revisions\/57416"}],"wp:featuredmedia":[{"embeddable":true,"href":"https:\/\/www.modelcars24.de\/fr\/wp-json\/wp\/v2\/media\/50233"}],"wp:attachment":[{"href":"https:\/\/www.modelcars24.de\/fr\/wp-json\/wp\/v2\/media?parent=102"}],"wp:term":[{"taxonomy":"product_brand","embeddable":true,"href":"https:\/\/www.modelcars24.de\/fr\/wp-json\/wp\/v2\/product_brand?post=102"},{"taxonomy":"product_cat","embeddable":true,"href":"https:\/\/www.modelcars24.de\/fr\/wp-json\/wp\/v2\/product_cat?post=102"},{"taxonomy":"product_tag","embeddable":true,"href":"https:\/\/www.modelcars24.de\/fr\/wp-json\/wp\/v2\/product_tag?post=102"}],"curies":[{"name":"wp","href":"https:\/\/api.w.org\/{rel}","templated":true}]}}