{"id":10329,"date":"2023-06-21T12:46:55","date_gmt":"2023-06-21T10:46:55","guid":{"rendered":"http:\/\/www.mondo-legno.com\/?post_type=product&#038;p=10329"},"modified":"2025-12-10T13:27:11","modified_gmt":"2025-12-10T12:27:11","slug":"bbr-ferrari-812-competizione-red-corsa-322-112-one-of-150","status":"publish","type":"product","link":"https:\/\/www.modelcars24.de\/fr\/bbr-ferrari-812-competizione-red-corsa-322-112-one-of-150\/","title":{"rendered":"BBR Ferrari 812 Competizione Red Corsa 322 1:12 one of 150 - 1\/12"},"content":{"rendered":"<h3>BBR Ferrari 812 Competizione Red Corsa 322<\/h3>\n<p>La BBR Ferrari 812 Competizione Red Corsa 322, l'expression ultime du concept Extr\u00eame Berlinetta \u00e0 moteur avant, \u00e9l\u00e8ve les caract\u00e9ristiques de la 812 Superfast prim\u00e9e \u00e0 un nouveau niveau. La voiture incarne parfaitement l'ADN sportif de Ferrari et s'appuie sur plus de soixante-dix ans d'exp\u00e9rience de Maranello sur les circuits du monde entier, dans une combinaison parfaite de performances, de forme et de fonctionnalit\u00e9. D\u00e9di\u00e9e \u00e0 un petit groupe de fans et de connaisseurs du cheval dansant, elle regorge de solutions techniques extr\u00eames visant \u00e0 garantir un plaisir de conduite maximal.<\/p>\n<p>Cette voiture miniature est une v\u00e9ritable pi\u00e8ce de collection, enti\u00e8rement fabriqu\u00e9e \u00e0 la main.<br \/>\nReproduction fid\u00e8le de tous les d\u00e9tails, de la fibre de carbone \u00e0 l'alcantara.<br \/>\nEmball\u00e9 sur une base en carbone v\u00e9ritable et prot\u00e9g\u00e9 par une vitrine en plexiglas pur.<br \/>\nCe mod\u00e8le est produit en s\u00e9rie limit\u00e9e et num\u00e9rot\u00e9e \u00e0 seulement 232 exemplaires.<\/p>\n<p>BBR a produit la BBR Ferrari 812 Competizione 1:12 argent dans cette version \u00e0 l'\u00e9chelle 1:12 en r\u00e9sine.<br \/>Num\u00e9ro d'article : BBR1215B1<\/p>","protected":false},"excerpt":{"rendered":"<p>BBR Ferrari 812 Competizione Red Corsa 322 1:12 one of 150 modelcar, BBR1215B1, from BBR, now available at www.modelcars24.de<\/p>","protected":false},"featured_media":10330,"comment_status":"open","ping_status":"closed","template":"","meta":[],"product_brand":[851],"product_cat":[169,63,21],"product_tag":[172,173,283,175,284,285,181,182],"class_list":{"0":"post-10329","1":"product","2":"type-product","3":"status-publish","4":"has-post-thumbnail","6":"product_brand-bbr","7":"product_cat-bbr","8":"product_cat-ferrari","9":"product_cat-verfuegbar","10":"product_tag-atelier","11":"product_tag-bbr","12":"product_tag-bbr182221-6die-ferrari-2012-die-cast-red-corsa","13":"product_tag-competizione","14":"product_tag-laferrari-aperta","15":"product_tag-laferrari-price-2020","16":"product_tag-mrcollection","17":"product_tag-perfectly-embodies-ferraris","18":"pa_automarke-ferrari","19":"pa_decade-2020s","20":"pa_fahrzeugtyp-coupe","21":"pa_farbe-blau","22":"pa_limitiert-ja","23":"pa_massstab-1-12","24":"pa_modelmarke-bbr","25":"pa_modeltyp-fertigmodell","26":"pa_modeltyp-geschlossen","27":"pa_status-beim-hersteller-ausverkauft","28":"pa_zustand_modell-1-brandneu","29":"pa_zustand_verpackung-1-brandneu","31":"first","32":"instock","33":"taxable","34":"shipping-taxable","35":"purchasable","36":"product-type-simple"},"jetpack_sharing_enabled":true,"_links":{"self":[{"href":"https:\/\/www.modelcars24.de\/fr\/wp-json\/wp\/v2\/product\/10329","targetHints":{"allow":["GET"]}}],"collection":[{"href":"https:\/\/www.modelcars24.de\/fr\/wp-json\/wp\/v2\/product"}],"about":[{"href":"https:\/\/www.modelcars24.de\/fr\/wp-json\/wp\/v2\/types\/product"}],"replies":[{"embeddable":true,"href":"https:\/\/www.modelcars24.de\/fr\/wp-json\/wp\/v2\/comments?post=10329"}],"version-history":[{"count":2,"href":"https:\/\/www.modelcars24.de\/fr\/wp-json\/wp\/v2\/product\/10329\/revisions"}],"predecessor-version":[{"id":57703,"href":"https:\/\/www.modelcars24.de\/fr\/wp-json\/wp\/v2\/product\/10329\/revisions\/57703"}],"wp:featuredmedia":[{"embeddable":true,"href":"https:\/\/www.modelcars24.de\/fr\/wp-json\/wp\/v2\/media\/10330"}],"wp:attachment":[{"href":"https:\/\/www.modelcars24.de\/fr\/wp-json\/wp\/v2\/media?parent=10329"}],"wp:term":[{"taxonomy":"product_brand","embeddable":true,"href":"https:\/\/www.modelcars24.de\/fr\/wp-json\/wp\/v2\/product_brand?post=10329"},{"taxonomy":"product_cat","embeddable":true,"href":"https:\/\/www.modelcars24.de\/fr\/wp-json\/wp\/v2\/product_cat?post=10329"},{"taxonomy":"product_tag","embeddable":true,"href":"https:\/\/www.modelcars24.de\/fr\/wp-json\/wp\/v2\/product_tag?post=10329"}],"curies":[{"name":"wp","href":"https:\/\/api.w.org\/{rel}","templated":true}]}}