{"id":11089,"date":"2023-07-18T00:00:00","date_gmt":"2023-07-17T22:00:00","guid":{"rendered":"http:\/\/www.mondo-legno.com\/?post_type=product&#038;p=11089"},"modified":"2025-12-10T13:27:27","modified_gmt":"2025-12-10T12:27:27","slug":"https-www-modelcars24-de-tecnomodel-lotus-21-climax-1962-22-belgian-gp-driven-by-jo-siffert-118","status":"publish","type":"product","link":"https:\/\/www.modelcars24.de\/fr\/https-www-modelcars24-de-tecnomodel-lotus-21-climax-1962-22-belgian-gp-driven-by-jo-siffert-118\/","title":{"rendered":"Tecnomodel Lotus 21 Climax 1962 #22 Belgian GP Driven by : Jo Siffert 1:18 - 1\/18"},"content":{"rendered":"<p>Tecnomodel Lotus 21 Climax 1962 #22 Belgian GP Driven by : Jo Siffert 1:18. Mod\u00e8le de collection de haute qualit\u00e9 \u00e0 l'\u00e9chelle 1:18.<br \/>Num\u00e9ro d'article : TM18182D<\/p>","protected":false},"excerpt":{"rendered":"<p>Tecnomodel Lotus 21 Climax 1962 #22 Belgian GP Driven by : Jo Siffert 1:18 modelcar, TM18182D, from Tecnomodel, now available at www.modelcars24.de<\/p>","protected":false},"featured_media":11090,"comment_status":"open","ping_status":"closed","template":"","meta":[],"product_brand":[865],"product_cat":[291,230,21],"product_tag":[292,290,202],"class_list":{"0":"post-11089","1":"product","2":"type-product","3":"status-publish","4":"has-post-thumbnail","6":"product_brand-tecnomodel","7":"product_cat-lotus","8":"product_cat-tecnomodel","9":"product_cat-verfuegbar","10":"product_tag-lotus","11":"product_tag-tecnomodel","12":"product_tag-verfuegbar","13":"pa_automarke-lotus","14":"pa_decade-1980s","15":"pa_fahrzeugtyp-formel-1","16":"pa_limitiert-ja","17":"pa_massstab-1-18","18":"pa_modelmarke-tecnomodel","19":"pa_modeltyp-fertigmodell","20":"pa_modeltyp-geschlossen","21":"pa_status-beim-hersteller-ausverkauft","22":"pa_verfuegbarkeit-5-tage-lieferzeit","23":"pa_zustand_modell-1-brandneu","24":"pa_zustand_verpackung-1-brandneu","26":"first","27":"instock","28":"sale","29":"taxable","30":"shipping-taxable","31":"purchasable","32":"product-type-simple"},"jetpack_sharing_enabled":true,"_links":{"self":[{"href":"https:\/\/www.modelcars24.de\/fr\/wp-json\/wp\/v2\/product\/11089","targetHints":{"allow":["GET"]}}],"collection":[{"href":"https:\/\/www.modelcars24.de\/fr\/wp-json\/wp\/v2\/product"}],"about":[{"href":"https:\/\/www.modelcars24.de\/fr\/wp-json\/wp\/v2\/types\/product"}],"replies":[{"embeddable":true,"href":"https:\/\/www.modelcars24.de\/fr\/wp-json\/wp\/v2\/comments?post=11089"}],"version-history":[{"count":2,"href":"https:\/\/www.modelcars24.de\/fr\/wp-json\/wp\/v2\/product\/11089\/revisions"}],"predecessor-version":[{"id":57729,"href":"https:\/\/www.modelcars24.de\/fr\/wp-json\/wp\/v2\/product\/11089\/revisions\/57729"}],"wp:featuredmedia":[{"embeddable":true,"href":"https:\/\/www.modelcars24.de\/fr\/wp-json\/wp\/v2\/media\/11090"}],"wp:attachment":[{"href":"https:\/\/www.modelcars24.de\/fr\/wp-json\/wp\/v2\/media?parent=11089"}],"wp:term":[{"taxonomy":"product_brand","embeddable":true,"href":"https:\/\/www.modelcars24.de\/fr\/wp-json\/wp\/v2\/product_brand?post=11089"},{"taxonomy":"product_cat","embeddable":true,"href":"https:\/\/www.modelcars24.de\/fr\/wp-json\/wp\/v2\/product_cat?post=11089"},{"taxonomy":"product_tag","embeddable":true,"href":"https:\/\/www.modelcars24.de\/fr\/wp-json\/wp\/v2\/product_tag?post=11089"}],"curies":[{"name":"wp","href":"https:\/\/api.w.org\/{rel}","templated":true}]}}