{"id":11315,"date":"2023-12-19T00:00:00","date_gmt":"2023-12-18T23:00:00","guid":{"rendered":"http:\/\/www.mondo-legno.com\/?post_type=product&#038;p=11315"},"modified":"2025-12-10T13:27:30","modified_gmt":"2025-12-10T12:27:30","slug":"bbr-ferrari-sf90-xx-stradale-arctic-white","status":"publish","type":"product","link":"https:\/\/www.modelcars24.de\/fr\/bbr-ferrari-sf90-xx-stradale-arctic-white\/","title":{"rendered":"BBR Ferrari SF90 XX Stradale Arctic White - 1\/18"},"content":{"rendered":"<p>BBR Ferrari SF90 XX Stradale Arctic White. Mod\u00e8le de collection de haute qualit\u00e9 \u00e0 l'\u00e9chelle 1:18.<br \/>Num\u00e9ro d'article : P18237A<\/p>","protected":false},"excerpt":{"rendered":"<p>BBR Ferrari SF90 XX Stradale modelcar, P18237A, scale 1:18 available at www.modelcars24.de<\/p>","protected":false},"featured_media":11316,"comment_status":"open","ping_status":"closed","template":"","meta":{"_acf_changed":false},"product_brand":[851],"product_cat":[169,63,262],"product_tag":[173,209,263],"class_list":{"0":"post-11315","1":"product","2":"type-product","3":"status-publish","4":"has-post-thumbnail","6":"product_brand-bbr","7":"product_cat-bbr","8":"product_cat-ferrari","9":"product_cat-vorbestellbar","10":"product_tag-bbr","11":"product_tag-ferrari","12":"product_tag-vorbestellbar","13":"pa_automarke-ferrari","14":"pa_decade-2020s","15":"pa_fahrzeugtyp-coupe","16":"pa_limitiert-ja","17":"pa_massstab-1-18","18":"pa_modelmarke-bbr","19":"pa_modeltyp-fertigmodell","20":"pa_modeltyp-geschlossen","21":"pa_status-beim-hersteller-verfuegbar","22":"pa_verfuegbarkeit-vorbestellbar","23":"pa_zustand_modell-1-brandneu","24":"pa_zustand_verpackung-1-brandneu","26":"first","27":"instock","28":"taxable","29":"shipping-taxable","30":"purchasable","31":"product-type-simple"},"acf":[],"jetpack_sharing_enabled":true,"_links":{"self":[{"href":"https:\/\/www.modelcars24.de\/fr\/wp-json\/wp\/v2\/product\/11315","targetHints":{"allow":["GET"]}}],"collection":[{"href":"https:\/\/www.modelcars24.de\/fr\/wp-json\/wp\/v2\/product"}],"about":[{"href":"https:\/\/www.modelcars24.de\/fr\/wp-json\/wp\/v2\/types\/product"}],"replies":[{"embeddable":true,"href":"https:\/\/www.modelcars24.de\/fr\/wp-json\/wp\/v2\/comments?post=11315"}],"version-history":[{"count":2,"href":"https:\/\/www.modelcars24.de\/fr\/wp-json\/wp\/v2\/product\/11315\/revisions"}],"predecessor-version":[{"id":57735,"href":"https:\/\/www.modelcars24.de\/fr\/wp-json\/wp\/v2\/product\/11315\/revisions\/57735"}],"wp:featuredmedia":[{"embeddable":true,"href":"https:\/\/www.modelcars24.de\/fr\/wp-json\/wp\/v2\/media\/11316"}],"wp:attachment":[{"href":"https:\/\/www.modelcars24.de\/fr\/wp-json\/wp\/v2\/media?parent=11315"}],"wp:term":[{"taxonomy":"product_brand","embeddable":true,"href":"https:\/\/www.modelcars24.de\/fr\/wp-json\/wp\/v2\/product_brand?post=11315"},{"taxonomy":"product_cat","embeddable":true,"href":"https:\/\/www.modelcars24.de\/fr\/wp-json\/wp\/v2\/product_cat?post=11315"},{"taxonomy":"product_tag","embeddable":true,"href":"https:\/\/www.modelcars24.de\/fr\/wp-json\/wp\/v2\/product_tag?post=11315"}],"curies":[{"name":"wp","href":"https:\/\/api.w.org\/{rel}","templated":true}]}}