{"id":11473,"date":"2025-11-24T19:05:58","date_gmt":"2025-11-24T18:05:58","guid":{"rendered":"https:\/\/www.modelcars24.de\/?post_type=product&#038;p=11473"},"modified":"2026-04-24T12:46:51","modified_gmt":"2026-04-24T10:46:51","slug":"bugatti-type-35-grand-prix-nation-color-project-niederlande-2","status":"publish","type":"product","link":"https:\/\/www.modelcars24.de\/fr\/bugatti-type-35-grand-prix-nation-color-project-niederlande-2\/","title":{"rendered":"CMC Bugatti Type 35 Grand Prix, Nation Color Project - Pays-Bas - 1\/18"},"content":{"rendered":"<p>CMC Bugatti Type 35 Nation Colour Project - Pays-Bas, 1924 Edition limit\u00e9e \u00e0 500 exemplaires<\/p>\n<p>Pour Ettore Bugatti, la construction automobile \u00e9tait une question de perfection ou, en d'autres termes, une forme d'art avec laquelle il fallait \u201ccr\u00e9er en beaut\u00e9\u201d. La Type 35 a marqu\u00e9 le d\u00e9but d'une p\u00e9riode d'environ sept ans pendant laquelle la marque Bugatti a domin\u00e9 le sport automobile. Avec notre \u201eNation Colour Project\u201c, nous voulons faire entrer dans votre salon la sc\u00e8ne color\u00e9e des voitures de course des ann\u00e9es vingt et trente. Pour chaque pays, le r\u00e8glement du Grand Prix imposait des couleurs nationales pour les voitures de course autoris\u00e9es \u00e0 prendre le d\u00e9part. Le mod\u00e8le pr\u00e9sent\u00e9 ici repr\u00e9sente la peinture des voitures de course des Pays-Bas, sp\u00e9cifique \u00e0 chaque pays.<\/p>\n<ul>\n<li>Mod\u00e8le de pr\u00e9cision en m\u00e9tal assembl\u00e9 \u00e0 la main \u00e0 partir de plus de 930 pi\u00e8ces<\/li>\n<li>Carrosserie authentique et moul\u00e9e \u00e0 l'\u00e9chelle<\/li>\n<li>Peinture orange de course Grand Prix Pays-Bas (n\u00b0 de d\u00e9part 23 fictif)<\/li>\n<li>Roue de secours mont\u00e9e sur le c\u00f4t\u00e9 avec fixation par sangle en cuir<\/li>\n<li>Essieu avant en m\u00e9tal massif peint en argent mat<\/li>\n<li>Suspension avant en position inclin\u00e9e typique de Bugatti, c'est-\u00e0-dire roues avec carrossage positif<\/li>\n<li>Capot moteur \u00e0 deux battants avec fentes de refroidissement ajour\u00e9es, ouvrable et s\u00e9curis\u00e9 par une double sangle en cuir<\/li>\n<li>Longerons de cadre en m\u00e9tal. C\u00f4t\u00e9 longitudinal inf\u00e9rieur de la carrosserie pourvu de fentes d'a\u00e9ration ajour\u00e9es<\/li>\n<li>Grille de calandre et grille de protection contre les gravillons en m\u00e9tal<\/li>\n<li>Ressorts \u00e0 lames m\u00e9talliques sur les essieux avant et arri\u00e8re avec fonction de suspension<\/li>\n<li>Bouchon de r\u00e9servoir \u00e0 deux battants en acier inoxydable et d\u00e9vissable<\/li>\n<li>Moteur 8 cylindres en ligne hautement d\u00e9taill\u00e9 avec tous les accessoires et le c\u00e2blage complet.<\/li>\n<li>Levier ext\u00e9rieur de changement de vitesse et de frein \u00e0 main mobile<\/li>\n<li>Pare-brise conducteur mobile avec jupe en cuir<\/li>\n<li>R\u00e9troviseur rapport\u00e9 fix\u00e9 avec des \u00e9crous borgnes<\/li>\n<li>Bo\u00eetier de direction fid\u00e8le \u00e0 l'original avec engrenage \u00e0 vis sans fin<\/li>\n<li>Double tuyau d'\u00e9chappement en m\u00e9tal<\/li>\n<li>Manivelle rotative de d\u00e9marrage du moteur en m\u00e9tal<\/li>\n<li>Roues m\u00e9talliques r\u00e9alistes en fonte d'aluminium avec tambour de frein nervur\u00e9 fix\u00e9 par bride (construction de roue en 35 pi\u00e8ces)<\/li>\n<li>Roues amovibles avec anneaux filet\u00e9s \u00e0 quatre oreilles reproduits \u00e0 l'identique<\/li>\n<li>Diff\u00e9rents profils de pneus avant \/ arri\u00e8re<\/li>\n<li>Si\u00e8ges et dossier recouverts de cuir brun v\u00e9ritable<\/li>\n<li>Volant \u00e0 rayons m\u00e9talliques et jante de volant avec enroulement de cordon<\/li>\n<li>Tableau de bord d'origine en finition bross\u00e9e soleil m\u00e9tallique avec tous les instruments ronds et un aimant d'allumage ins\u00e9r\u00e9<\/li>\n<li>Levier de la pompe \u00e0 huile manuelle du cockpit mobile<\/li>\n<\/ul>\n<p>M-100 B-010-1<\/p>","protected":false},"excerpt":{"rendered":"<p>M-100 B-010 &#8211; 1-brandneu &#8211; ansatt 415,00 \u20ac jetzt 325,00 inkl. 19% Vat<\/p>","protected":false},"featured_media":42732,"comment_status":"open","ping_status":"closed","template":"","meta":{"_acf_changed":false},"product_brand":[537],"product_cat":[77,18,21],"product_tag":[],"class_list":{"0":"post-11473","1":"product","2":"type-product","3":"status-publish","4":"has-post-thumbnail","6":"product_brand-cmc","7":"product_cat-bugatti","8":"product_cat-cmc","9":"product_cat-verfuegbar","10":"pa_automarke-bugatti","11":"pa_decade-1930s","12":"pa_fahrzeugtyp-formel-1","13":"pa_farbe-orange","14":"pa_limitiert-ja","15":"pa_massstab-1-18","16":"pa_modelmarke-cmc","17":"pa_modeltyp-alles-zum-oeffnen","18":"pa_modeltyp-fertigmodell","19":"pa_status-beim-hersteller-ausverkauft","20":"pa_verfuegbarkeit-sofort-verfuegbar","21":"pa_zustand_modell-1-brandneu","22":"pa_zustand_verpackung-1-brandneu","24":"first","25":"instock","26":"sale","27":"taxable","28":"shipping-taxable","29":"purchasable","30":"product-type-simple"},"acf":[],"jetpack_sharing_enabled":true,"_links":{"self":[{"href":"https:\/\/www.modelcars24.de\/fr\/wp-json\/wp\/v2\/product\/11473","targetHints":{"allow":["GET"]}}],"collection":[{"href":"https:\/\/www.modelcars24.de\/fr\/wp-json\/wp\/v2\/product"}],"about":[{"href":"https:\/\/www.modelcars24.de\/fr\/wp-json\/wp\/v2\/types\/product"}],"replies":[{"embeddable":true,"href":"https:\/\/www.modelcars24.de\/fr\/wp-json\/wp\/v2\/comments?post=11473"}],"version-history":[{"count":9,"href":"https:\/\/www.modelcars24.de\/fr\/wp-json\/wp\/v2\/product\/11473\/revisions"}],"predecessor-version":[{"id":62063,"href":"https:\/\/www.modelcars24.de\/fr\/wp-json\/wp\/v2\/product\/11473\/revisions\/62063"}],"wp:featuredmedia":[{"embeddable":true,"href":"https:\/\/www.modelcars24.de\/fr\/wp-json\/wp\/v2\/media\/42732"}],"wp:attachment":[{"href":"https:\/\/www.modelcars24.de\/fr\/wp-json\/wp\/v2\/media?parent=11473"}],"wp:term":[{"taxonomy":"product_brand","embeddable":true,"href":"https:\/\/www.modelcars24.de\/fr\/wp-json\/wp\/v2\/product_brand?post=11473"},{"taxonomy":"product_cat","embeddable":true,"href":"https:\/\/www.modelcars24.de\/fr\/wp-json\/wp\/v2\/product_cat?post=11473"},{"taxonomy":"product_tag","embeddable":true,"href":"https:\/\/www.modelcars24.de\/fr\/wp-json\/wp\/v2\/product_tag?post=11473"}],"curies":[{"name":"wp","href":"https:\/\/api.w.org\/{rel}","templated":true}]}}