{"id":12181,"date":"2023-08-25T00:00:00","date_gmt":"2023-08-24T22:00:00","guid":{"rendered":"http:\/\/www.mondo-legno.com\/?post_type=product&#038;p=12181"},"modified":"2025-12-10T13:27:41","modified_gmt":"2025-12-10T12:27:41","slug":"https-www-modelcars24-de-matrix-aston-martin-db-mkii-lmlgreen-49","status":"publish","type":"product","link":"https:\/\/www.modelcars24.de\/fr\/https-www-modelcars24-de-matrix-aston-martin-db-mkii-lmlgreen-49\/","title":{"rendered":"Matrix Aston Martin DB MKII LMLgreen \u201949 - 1\/18"},"content":{"rendered":"<p>Matrix Aston Martin DB MKII LMLgreen 49. Mod\u00e8le de collection de haute qualit\u00e9 \u00e0 l'\u00e9chelle 1:18.<br \/>R\u00e9f\u00e9rence article : MXL0108-012<\/p>","protected":false},"excerpt":{"rendered":"<p>Matrix Aston Martin DB MKII LMLgreen &#8217;49 modelcar,  MXL0108-012, from Matrix, now available at www.modelcars24.de<\/p>","protected":false},"featured_media":12182,"comment_status":"open","ping_status":"closed","template":"","meta":{"_acf_changed":false},"product_brand":[870],"product_cat":[310,297,21],"product_tag":[311,298,202],"class_list":{"0":"post-12181","1":"product","2":"type-product","3":"status-publish","4":"has-post-thumbnail","6":"product_brand-matrix","7":"product_cat-astin-martin","8":"product_cat-matrix","9":"product_cat-verfuegbar","10":"product_tag-astin-martin","11":"product_tag-matrix","12":"product_tag-verfuegbar","13":"pa_automarke-aston-martin","14":"pa_decade-1950s","15":"pa_fahrzeugtyp-coupe","16":"pa_limitiert-ja","17":"pa_massstab-1-18","18":"pa_modelmarke-matrix","19":"pa_modeltyp-fertigmodell","20":"pa_modeltyp-geschlossen","21":"pa_status-beim-hersteller-verfuegbar","22":"pa_verfuegbarkeit-vorbestellbar","23":"pa_zustand_modell-1-brandneu","24":"pa_zustand_verpackung-1-brandneu","26":"first","27":"instock","28":"taxable","29":"shipping-taxable","30":"purchasable","31":"product-type-simple"},"acf":[],"jetpack_sharing_enabled":true,"_links":{"self":[{"href":"https:\/\/www.modelcars24.de\/fr\/wp-json\/wp\/v2\/product\/12181","targetHints":{"allow":["GET"]}}],"collection":[{"href":"https:\/\/www.modelcars24.de\/fr\/wp-json\/wp\/v2\/product"}],"about":[{"href":"https:\/\/www.modelcars24.de\/fr\/wp-json\/wp\/v2\/types\/product"}],"replies":[{"embeddable":true,"href":"https:\/\/www.modelcars24.de\/fr\/wp-json\/wp\/v2\/comments?post=12181"}],"version-history":[{"count":2,"href":"https:\/\/www.modelcars24.de\/fr\/wp-json\/wp\/v2\/product\/12181\/revisions"}],"predecessor-version":[{"id":57775,"href":"https:\/\/www.modelcars24.de\/fr\/wp-json\/wp\/v2\/product\/12181\/revisions\/57775"}],"wp:featuredmedia":[{"embeddable":true,"href":"https:\/\/www.modelcars24.de\/fr\/wp-json\/wp\/v2\/media\/12182"}],"wp:attachment":[{"href":"https:\/\/www.modelcars24.de\/fr\/wp-json\/wp\/v2\/media?parent=12181"}],"wp:term":[{"taxonomy":"product_brand","embeddable":true,"href":"https:\/\/www.modelcars24.de\/fr\/wp-json\/wp\/v2\/product_brand?post=12181"},{"taxonomy":"product_cat","embeddable":true,"href":"https:\/\/www.modelcars24.de\/fr\/wp-json\/wp\/v2\/product_cat?post=12181"},{"taxonomy":"product_tag","embeddable":true,"href":"https:\/\/www.modelcars24.de\/fr\/wp-json\/wp\/v2\/product_tag?post=12181"}],"curies":[{"name":"wp","href":"https:\/\/api.w.org\/{rel}","templated":true}]}}