{"id":12196,"date":"2023-08-25T00:00:00","date_gmt":"2023-08-24T22:00:00","guid":{"rendered":"http:\/\/www.mondo-legno.com\/?post_type=product&#038;p=12196"},"modified":"2025-12-10T13:27:42","modified_gmt":"2025-12-10T12:27:42","slug":"https-www-modelcars24-de-matrix-duesenberg-sj2583-torpedo-lagrande-red","status":"publish","type":"product","link":"https:\/\/www.modelcars24.de\/fr\/https-www-modelcars24-de-matrix-duesenberg-sj2583-torpedo-lagrande-red\/","title":{"rendered":"Matrix Duesenberg SJ2583 Torpedo LaGrande red - 1\/18"},"content":{"rendered":"<p>Matrix Duesenberg SJ2583 Torpedo LaGrande red. Mod\u00e8le de collection de haute qualit\u00e9 \u00e0 l'\u00e9chelle 1:18.<br \/>Num\u00e9ro d'article : MXL0406-012<\/p>","protected":false},"excerpt":{"rendered":"<p>Matrix Duesenberg SJ2583 Torpedo LaGrande red modelcar, MXL0406-012, from Matrix, now available at www.modelcars24.de<\/p>","protected":false},"featured_media":12197,"comment_status":"open","ping_status":"closed","template":"","meta":[],"product_brand":[870],"product_cat":[313,297,21],"product_tag":[314,298,202],"class_list":{"0":"post-12196","1":"product","2":"type-product","3":"status-publish","4":"has-post-thumbnail","6":"product_brand-matrix","7":"product_cat-duesenberg","8":"product_cat-matrix","9":"product_cat-verfuegbar","10":"product_tag-duesenberg","11":"product_tag-matrix","12":"product_tag-verfuegbar","13":"pa_automarke-duesenberg","14":"pa_decade-1930s","15":"pa_fahrzeugtyp-gt-rennen","16":"pa_limitiert-ja","17":"pa_massstab-1-18","18":"pa_modelmarke-matrix","19":"pa_modeltyp-fertigmodell","20":"pa_modeltyp-geschlossen","21":"pa_status-beim-hersteller-verfuegbar","22":"pa_verfuegbarkeit-vorbestellbar","23":"pa_zustand_modell-1-brandneu","24":"pa_zustand_verpackung-1-brandneu","26":"first","27":"instock","28":"taxable","29":"shipping-taxable","30":"purchasable","31":"product-type-simple"},"jetpack_sharing_enabled":true,"_links":{"self":[{"href":"https:\/\/www.modelcars24.de\/fr\/wp-json\/wp\/v2\/product\/12196","targetHints":{"allow":["GET"]}}],"collection":[{"href":"https:\/\/www.modelcars24.de\/fr\/wp-json\/wp\/v2\/product"}],"about":[{"href":"https:\/\/www.modelcars24.de\/fr\/wp-json\/wp\/v2\/types\/product"}],"replies":[{"embeddable":true,"href":"https:\/\/www.modelcars24.de\/fr\/wp-json\/wp\/v2\/comments?post=12196"}],"version-history":[{"count":2,"href":"https:\/\/www.modelcars24.de\/fr\/wp-json\/wp\/v2\/product\/12196\/revisions"}],"predecessor-version":[{"id":57777,"href":"https:\/\/www.modelcars24.de\/fr\/wp-json\/wp\/v2\/product\/12196\/revisions\/57777"}],"wp:featuredmedia":[{"embeddable":true,"href":"https:\/\/www.modelcars24.de\/fr\/wp-json\/wp\/v2\/media\/12197"}],"wp:attachment":[{"href":"https:\/\/www.modelcars24.de\/fr\/wp-json\/wp\/v2\/media?parent=12196"}],"wp:term":[{"taxonomy":"product_brand","embeddable":true,"href":"https:\/\/www.modelcars24.de\/fr\/wp-json\/wp\/v2\/product_brand?post=12196"},{"taxonomy":"product_cat","embeddable":true,"href":"https:\/\/www.modelcars24.de\/fr\/wp-json\/wp\/v2\/product_cat?post=12196"},{"taxonomy":"product_tag","embeddable":true,"href":"https:\/\/www.modelcars24.de\/fr\/wp-json\/wp\/v2\/product_tag?post=12196"}],"curies":[{"name":"wp","href":"https:\/\/api.w.org\/{rel}","templated":true}]}}