{"id":12255,"date":"2023-08-25T00:00:00","date_gmt":"2023-08-24T22:00:00","guid":{"rendered":"http:\/\/www.mondo-legno.com\/?post_type=product&#038;p=12255"},"modified":"2025-12-10T13:27:55","modified_gmt":"2025-12-10T12:27:55","slug":"https-www-modelcars24-de-cult-scale-peugeot-304-cabrio-1973-gold-metallic","status":"publish","type":"product","link":"https:\/\/www.modelcars24.de\/fr\/https-www-modelcars24-de-cult-scale-peugeot-304-cabrio-1973-gold-metallic\/","title":{"rendered":"Cult Scale Peugeot 304 cabrio 1973 or m\u00e9tallis\u00e9 - 1\/18"},"content":{"rendered":"<p>Cult Scale Peugeot 304 cabrio 1973 or m\u00e9tallis\u00e9. Mod\u00e8le de collection de haute qualit\u00e9 \u00e0 l'\u00e9chelle 1:18.<br \/>Num\u00e9ro d'article : CML013-3<\/p>","protected":false},"excerpt":{"rendered":"<p>Cult Scale Peugeot 304 cabrio 1973 gold metallic modelcar, CML013-3, from Cult Scale, now available at www.modelcars24.de<\/p>","protected":false},"featured_media":12256,"comment_status":"open","ping_status":"closed","template":"","meta":{"_acf_changed":false},"product_brand":[874],"product_cat":[322,328,21],"product_tag":[324,329,202],"class_list":{"0":"post-12255","1":"product","2":"type-product","3":"status-publish","4":"has-post-thumbnail","6":"product_brand-cult-scale","7":"product_cat-cult-scale","8":"product_cat-peugeot","9":"product_cat-verfuegbar","10":"product_tag-cult-scale","11":"product_tag-peugeot","12":"product_tag-verfuegbar","13":"pa_automarke-peugeot","14":"pa_decade-1970s","15":"pa_fahrzeugtyp-cabrio","16":"pa_limitiert-ja","17":"pa_massstab-1-18","18":"pa_modelmarke-cult-scale","19":"pa_modeltyp-fertigmodell","20":"pa_modeltyp-geschlossen","21":"pa_status-beim-hersteller-verfuegbar","22":"pa_verfuegbarkeit-vorbestellbar","23":"pa_zustand_modell-1-brandneu","24":"pa_zustand_verpackung-1-brandneu","26":"first","27":"instock","28":"taxable","29":"shipping-taxable","30":"purchasable","31":"product-type-simple"},"acf":[],"jetpack_sharing_enabled":true,"_links":{"self":[{"href":"https:\/\/www.modelcars24.de\/fr\/wp-json\/wp\/v2\/product\/12255","targetHints":{"allow":["GET"]}}],"collection":[{"href":"https:\/\/www.modelcars24.de\/fr\/wp-json\/wp\/v2\/product"}],"about":[{"href":"https:\/\/www.modelcars24.de\/fr\/wp-json\/wp\/v2\/types\/product"}],"replies":[{"embeddable":true,"href":"https:\/\/www.modelcars24.de\/fr\/wp-json\/wp\/v2\/comments?post=12255"}],"version-history":[{"count":2,"href":"https:\/\/www.modelcars24.de\/fr\/wp-json\/wp\/v2\/product\/12255\/revisions"}],"predecessor-version":[{"id":57794,"href":"https:\/\/www.modelcars24.de\/fr\/wp-json\/wp\/v2\/product\/12255\/revisions\/57794"}],"wp:featuredmedia":[{"embeddable":true,"href":"https:\/\/www.modelcars24.de\/fr\/wp-json\/wp\/v2\/media\/12256"}],"wp:attachment":[{"href":"https:\/\/www.modelcars24.de\/fr\/wp-json\/wp\/v2\/media?parent=12255"}],"wp:term":[{"taxonomy":"product_brand","embeddable":true,"href":"https:\/\/www.modelcars24.de\/fr\/wp-json\/wp\/v2\/product_brand?post=12255"},{"taxonomy":"product_cat","embeddable":true,"href":"https:\/\/www.modelcars24.de\/fr\/wp-json\/wp\/v2\/product_cat?post=12255"},{"taxonomy":"product_tag","embeddable":true,"href":"https:\/\/www.modelcars24.de\/fr\/wp-json\/wp\/v2\/product_tag?post=12255"}],"curies":[{"name":"wp","href":"https:\/\/api.w.org\/{rel}","templated":true}]}}