{"id":12297,"date":"2023-08-25T00:00:00","date_gmt":"2023-08-24T22:00:00","guid":{"rendered":"http:\/\/www.mondo-legno.com\/?post_type=product&#038;p=12297"},"modified":"2025-12-10T13:28:05","modified_gmt":"2025-12-10T12:28:05","slug":"https-www-modelcars24-de-cult-scale-rr-25-30-gurney-nutting-all-weather-mar","status":"publish","type":"product","link":"https:\/\/www.modelcars24.de\/fr\/https-www-modelcars24-de-cult-scale-rr-25-30-gurney-nutting-all-weather-mar\/","title":{"rendered":"Cult Scale RR 25-30 Gurney Nutting All Weather mar - 1\/18"},"content":{"rendered":"<p>Cult Scale RR 25-30 Gurney Nutting All Weather mar. Mod\u00e8le de collection de haute qualit\u00e9 \u00e0 l'\u00e9chelle 1:18.<br \/>Num\u00e9ro d'article : CML060-2<\/p>","protected":false},"excerpt":{"rendered":"<p>Cult Scale RR 25-30 Gurney Nutting All Weather mar modelcar, CML060-2, from Cult Scale, now available at www.modelcars24.de<\/p>","protected":false},"featured_media":12298,"comment_status":"open","ping_status":"closed","template":"","meta":{"_acf_changed":false},"product_brand":[874],"product_cat":[322,317,21],"product_tag":[324,318,202],"class_list":{"0":"post-12297","1":"product","2":"type-product","3":"status-publish","4":"has-post-thumbnail","6":"product_brand-cult-scale","7":"product_cat-cult-scale","8":"product_cat-rolls-royce","9":"product_cat-verfuegbar","10":"product_tag-cult-scale","11":"product_tag-rolls-royce","12":"product_tag-verfuegbar","13":"pa_automarke-rolls-royce-2","14":"pa_decade-1930s","15":"pa_fahrzeugtyp-cabrio","16":"pa_limitiert-ja","17":"pa_massstab-1-18","18":"pa_modelmarke-cult-scale","19":"pa_modeltyp-fertigmodell","20":"pa_modeltyp-geschlossen","21":"pa_status-beim-hersteller-verfuegbar","22":"pa_verfuegbarkeit-vorbestellbar","23":"pa_zustand_modell-1-brandneu","24":"pa_zustand_verpackung-1-brandneu","26":"first","27":"instock","28":"taxable","29":"shipping-taxable","30":"purchasable","31":"product-type-simple"},"acf":[],"jetpack_sharing_enabled":true,"_links":{"self":[{"href":"https:\/\/www.modelcars24.de\/fr\/wp-json\/wp\/v2\/product\/12297","targetHints":{"allow":["GET"]}}],"collection":[{"href":"https:\/\/www.modelcars24.de\/fr\/wp-json\/wp\/v2\/product"}],"about":[{"href":"https:\/\/www.modelcars24.de\/fr\/wp-json\/wp\/v2\/types\/product"}],"replies":[{"embeddable":true,"href":"https:\/\/www.modelcars24.de\/fr\/wp-json\/wp\/v2\/comments?post=12297"}],"version-history":[{"count":2,"href":"https:\/\/www.modelcars24.de\/fr\/wp-json\/wp\/v2\/product\/12297\/revisions"}],"predecessor-version":[{"id":57808,"href":"https:\/\/www.modelcars24.de\/fr\/wp-json\/wp\/v2\/product\/12297\/revisions\/57808"}],"wp:featuredmedia":[{"embeddable":true,"href":"https:\/\/www.modelcars24.de\/fr\/wp-json\/wp\/v2\/media\/12298"}],"wp:attachment":[{"href":"https:\/\/www.modelcars24.de\/fr\/wp-json\/wp\/v2\/media?parent=12297"}],"wp:term":[{"taxonomy":"product_brand","embeddable":true,"href":"https:\/\/www.modelcars24.de\/fr\/wp-json\/wp\/v2\/product_brand?post=12297"},{"taxonomy":"product_cat","embeddable":true,"href":"https:\/\/www.modelcars24.de\/fr\/wp-json\/wp\/v2\/product_cat?post=12297"},{"taxonomy":"product_tag","embeddable":true,"href":"https:\/\/www.modelcars24.de\/fr\/wp-json\/wp\/v2\/product_tag?post=12297"}],"curies":[{"name":"wp","href":"https:\/\/api.w.org\/{rel}","templated":true}]}}