{"id":12305,"date":"2023-08-25T00:00:00","date_gmt":"2023-08-24T22:00:00","guid":{"rendered":"http:\/\/www.mondo-legno.com\/?post_type=product&#038;p=12305"},"modified":"2025-12-10T13:28:08","modified_gmt":"2025-12-10T12:28:08","slug":"https-www-modelcars24-de-cult-scale-mini-1275-gt-yellow","status":"publish","type":"product","link":"https:\/\/www.modelcars24.de\/fr\/https-www-modelcars24-de-cult-scale-mini-1275-gt-yellow\/","title":{"rendered":"Cult Scale Mini 1275 GT jaune - 1\/18"},"content":{"rendered":"<p>Cult Scale Mini 1275 GT jaune. Mod\u00e8le de collection de haute qualit\u00e9 \u00e0 l'\u00e9chelle 1:18.<br \/>Num\u00e9ro d'article : CML065-1<\/p>","protected":false},"excerpt":{"rendered":"<p>Cult Scale Mini 1275 GT yellow modelcar, CML065-1, from Cult Scale, now available at www.modelcars24.de<\/p>","protected":false},"featured_media":12306,"comment_status":"open","ping_status":"closed","template":"","meta":{"_acf_changed":false},"product_brand":[874],"product_cat":[322,340,21],"product_tag":[324,341,202],"class_list":{"0":"post-12305","1":"product","2":"type-product","3":"status-publish","4":"has-post-thumbnail","6":"product_brand-cult-scale","7":"product_cat-cult-scale","8":"product_cat-mini","9":"product_cat-verfuegbar","10":"product_tag-cult-scale","11":"product_tag-mini","12":"product_tag-verfuegbar","13":"pa_automarke-mini","14":"pa_decade-1960s","15":"pa_fahrzeugtyp-limousine","16":"pa_limitiert-ja","17":"pa_massstab-1-18","18":"pa_modelmarke-cult-scale","19":"pa_modeltyp-fertigmodell","20":"pa_modeltyp-geschlossen","21":"pa_status-beim-hersteller-verfuegbar","22":"pa_verfuegbarkeit-vorbestellbar","23":"pa_zustand_modell-1-brandneu","24":"pa_zustand_verpackung-1-brandneu","26":"first","27":"instock","28":"taxable","29":"shipping-taxable","30":"purchasable","31":"product-type-simple"},"acf":[],"jetpack_sharing_enabled":true,"_links":{"self":[{"href":"https:\/\/www.modelcars24.de\/fr\/wp-json\/wp\/v2\/product\/12305","targetHints":{"allow":["GET"]}}],"collection":[{"href":"https:\/\/www.modelcars24.de\/fr\/wp-json\/wp\/v2\/product"}],"about":[{"href":"https:\/\/www.modelcars24.de\/fr\/wp-json\/wp\/v2\/types\/product"}],"replies":[{"embeddable":true,"href":"https:\/\/www.modelcars24.de\/fr\/wp-json\/wp\/v2\/comments?post=12305"}],"version-history":[{"count":2,"href":"https:\/\/www.modelcars24.de\/fr\/wp-json\/wp\/v2\/product\/12305\/revisions"}],"predecessor-version":[{"id":57812,"href":"https:\/\/www.modelcars24.de\/fr\/wp-json\/wp\/v2\/product\/12305\/revisions\/57812"}],"wp:featuredmedia":[{"embeddable":true,"href":"https:\/\/www.modelcars24.de\/fr\/wp-json\/wp\/v2\/media\/12306"}],"wp:attachment":[{"href":"https:\/\/www.modelcars24.de\/fr\/wp-json\/wp\/v2\/media?parent=12305"}],"wp:term":[{"taxonomy":"product_brand","embeddable":true,"href":"https:\/\/www.modelcars24.de\/fr\/wp-json\/wp\/v2\/product_brand?post=12305"},{"taxonomy":"product_cat","embeddable":true,"href":"https:\/\/www.modelcars24.de\/fr\/wp-json\/wp\/v2\/product_cat?post=12305"},{"taxonomy":"product_tag","embeddable":true,"href":"https:\/\/www.modelcars24.de\/fr\/wp-json\/wp\/v2\/product_tag?post=12305"}],"curies":[{"name":"wp","href":"https:\/\/api.w.org\/{rel}","templated":true}]}}