{"id":12432,"date":"2023-08-25T00:00:00","date_gmt":"2023-08-24T22:00:00","guid":{"rendered":"http:\/\/www.mondo-legno.com\/?post_type=product&#038;p=12432"},"modified":"2025-12-10T13:28:39","modified_gmt":"2025-12-10T12:28:39","slug":"https-www-modelcars24-de-lotus-excel-se-verte-culte-1988-1990","status":"publish","type":"product","link":"https:\/\/www.modelcars24.de\/fr\/https-www-modelcars24-de-cult-scale-lotus-excel-se-green-1988-1990\/","title":{"rendered":"Cult Scale Lotus Excel SE verte 1988-1990 - 1\/18"},"content":{"rendered":"<p>Cult Scale Lotus Excel SE verte 1988-1990. Mod\u00e8le de collection de haute qualit\u00e9 \u00e0 l'\u00e9chelle 1:18.<br \/>Num\u00e9ro d'article : CML140-2<\/p>","protected":false},"excerpt":{"rendered":"<p>Voiture miniature Cult Scale Lotus Excel SE verte 1988-1990, CML140-2, de Cult Scale, maintenant disponible sur www.modelcars24.de<\/p>","protected":false},"featured_media":12433,"comment_status":"open","ping_status":"closed","template":"","meta":{"_acf_changed":false},"product_brand":[874],"product_cat":[322,291,21],"product_tag":[324,292,202],"class_list":{"0":"post-12432","1":"product","2":"type-product","3":"status-publish","4":"has-post-thumbnail","6":"product_brand-cult-scale","7":"product_cat-cult-scale","8":"product_cat-lotus","9":"product_cat-verfuegbar","10":"product_tag-cult-scale","11":"product_tag-lotus","12":"product_tag-verfuegbar","13":"pa_automarke-lotus","14":"pa_decade-1980s","15":"pa_fahrzeugtyp-coupe","16":"pa_limitiert-ja","17":"pa_massstab-1-18","18":"pa_modelmarke-cult-scale","19":"pa_modeltyp-fertigmodell","20":"pa_modeltyp-geschlossen","21":"pa_status-beim-hersteller-verfuegbar","22":"pa_verfuegbarkeit-vorbestellbar","23":"pa_zustand_modell-1-brandneu","24":"pa_zustand_verpackung-1-brandneu","26":"first","27":"instock","28":"taxable","29":"shipping-taxable","30":"purchasable","31":"product-type-simple"},"acf":[],"jetpack_sharing_enabled":true,"_links":{"self":[{"href":"https:\/\/www.modelcars24.de\/fr\/wp-json\/wp\/v2\/product\/12432","targetHints":{"allow":["GET"]}}],"collection":[{"href":"https:\/\/www.modelcars24.de\/fr\/wp-json\/wp\/v2\/product"}],"about":[{"href":"https:\/\/www.modelcars24.de\/fr\/wp-json\/wp\/v2\/types\/product"}],"replies":[{"embeddable":true,"href":"https:\/\/www.modelcars24.de\/fr\/wp-json\/wp\/v2\/comments?post=12432"}],"version-history":[{"count":2,"href":"https:\/\/www.modelcars24.de\/fr\/wp-json\/wp\/v2\/product\/12432\/revisions"}],"predecessor-version":[{"id":57859,"href":"https:\/\/www.modelcars24.de\/fr\/wp-json\/wp\/v2\/product\/12432\/revisions\/57859"}],"wp:featuredmedia":[{"embeddable":true,"href":"https:\/\/www.modelcars24.de\/fr\/wp-json\/wp\/v2\/media\/12433"}],"wp:attachment":[{"href":"https:\/\/www.modelcars24.de\/fr\/wp-json\/wp\/v2\/media?parent=12432"}],"wp:term":[{"taxonomy":"product_brand","embeddable":true,"href":"https:\/\/www.modelcars24.de\/fr\/wp-json\/wp\/v2\/product_brand?post=12432"},{"taxonomy":"product_cat","embeddable":true,"href":"https:\/\/www.modelcars24.de\/fr\/wp-json\/wp\/v2\/product_cat?post=12432"},{"taxonomy":"product_tag","embeddable":true,"href":"https:\/\/www.modelcars24.de\/fr\/wp-json\/wp\/v2\/product_tag?post=12432"}],"curies":[{"name":"wp","href":"https:\/\/api.w.org\/{rel}","templated":true}]}}