{"id":126,"date":"2023-09-08T11:54:02","date_gmt":"2023-09-08T09:54:02","guid":{"rendered":"https:\/\/www.modelcars24.de\/?post_type=product&#038;p=126"},"modified":"2026-04-09T09:19:49","modified_gmt":"2026-04-09T07:19:49","slug":"cmc-mercedes-benz-w25-1934-2","status":"publish","type":"product","link":"https:\/\/www.modelcars24.de\/fr\/cmc-mercedes-benz-w25-1934-2\/","title":{"rendered":"CMC Mercedes-Benz W25, 1934 - 1\/18"},"content":{"rendered":"<h3>CMC Mercedes-Benz W25, 1934<\/h3>\n<div>\n<ul>\n<li>Mod\u00e8le de pr\u00e9cision enti\u00e8rement en m\u00e9tal, assembl\u00e9 \u00e0 la main, compos\u00e9 de plus de 610 pi\u00e8ces<\/li>\n<li>Chacune des nouvelles roues \u00e0 rayons se compose de 75 pi\u00e8ces<\/li>\n<li>Masque de radiateur en acier inoxydable fabriqu\u00e9 \u00e0 la main, avec grille de radiateur en m\u00e9tal, barres transversales plates et barres verticales soud\u00e9es.<\/li>\n<li>Si\u00e8ge de cockpit avec rev\u00eatement textile v\u00e9ritable<\/li>\n<li>le clapet de fermeture du r\u00e9servoir peut \u00eatre ouvert<\/li>\n<li>Tableau de bord en acier inoxydable avec surface marbr\u00e9e et instruments ins\u00e9r\u00e9s \u00e0 la main<\/li>\n<li>Collecteur d'\u00e9chappement en m\u00e9tal avec chromage brillant<\/li>\n<li>Jante et moyeu en tant que pi\u00e8ces tourn\u00e9es en aluminium<\/li>\n<li>140 trous dans le moyeu et la jante pour la fixation des rayons<\/li>\n<li>70 rayons en fil d'acier inoxydable sont ins\u00e9r\u00e9s manuellement dans chaque roue.<\/li>\n<li>possibilit\u00e9 de fixer et de d\u00e9monter les roues gr\u00e2ce \u00e0 une fermeture centrale \u00e0 deux battants avec filetage fin<\/li>\n<li>Capot moteur amovible avec crochets de verrouillage \u00e0 ressort<\/li>\n<li>Reproduction fid\u00e8le du moteur 8 cylindres en ligne avec de nombreux d\u00e9tails<\/li>\n<\/ul>\n<\/div>\n<div>Description du v\u00e9hicule original :<\/div>\n<div>3 juin 1934 : la veille de la course de l'Eifel sur le N\u00fcrburgring a lieu la r\u00e9ception des voitures de course Mercedes-Benz W 25 qui participent pour la premi\u00e8re fois \u00e0 la nouvelle formule de course de 750 kg. La pes\u00e9e des monopostes peints en blanc \u00e9clatant r\u00e9v\u00e8le un poids de 751 kg. Une v\u00e9ritable catastrophe, car cela signifie l'interdiction de prendre le d\u00e9part. Mais l'\u00e9quipe Mercedes n'abandonne pas si facilement. Le kilo de trop doit dispara\u00eetre - mais comment ? On finit par trouver une solution g\u00e9niale : la seule chose dont on n'a pas besoin, c'est la peinture ! Les voitures de course sont donc enti\u00e8rement ponc\u00e9es au cours d'une longue et p\u00e9nible nuit de travail.<br \/>\nLe matin, un bolide de course \u00e0 la robe d'aluminium argent\u00e9e et brillante est sur la ligne de d\u00e9part, il p\u00e8se exactement 750 kg - et il gagne. Un succ\u00e8s fulgurant pour Mercedes-Benz et le vainqueur Manfred von Brauchitsch. La presse enthousiaste baptise la voiture de course \u201eFl\u00e8che d'argent\u201c. \u00c0 juste titre : sur les huit courses de Grand Prix organis\u00e9es au cours de la premi\u00e8re saison de course, les bolides argent\u00e9s remportent quatre premi\u00e8res places et trois secondes. Un mythe est n\u00e9, qui n'a rien perdu de sa magie.<\/div>\n<p>Num\u00e9ro d'article : M-065<\/p>\n<p>1-marque neuve<\/p>","protected":false},"excerpt":{"rendered":"<p>1:18 &#8211; M-065 &#8211; 1-brandneu &#8211; anstatt 295,00 \u20ac jetzt 255,00 \u20ac inkl. 19% Vat<\/p>","protected":false},"featured_media":40224,"comment_status":"open","ping_status":"closed","template":"","meta":{"_acf_changed":false},"product_brand":[537],"product_cat":[18,19,45,21],"product_tag":[573,563],"class_list":{"0":"post-126","1":"product","2":"type-product","3":"status-publish","4":"has-post-thumbnail","6":"product_brand-cmc","7":"product_cat-cmc","8":"product_cat-mercedes-benz","9":"product_cat-neuzugang","10":"product_cat-verfuegbar","11":"product_tag-573","12":"product_tag-cmc-mercedes-benz-w25","13":"pa_automarke-mercedes","14":"pa_decade-1930s","15":"pa_fahrzeugtyp-formel-1","16":"pa_farbe-weiss","17":"pa_limitiert-ja","18":"pa_massstab-1-18","19":"pa_modelmarke-cmc","20":"pa_modeltyp-alles-zum-oeffnen","21":"pa_modeltyp-fertigmodell","22":"pa_status-beim-hersteller-ausverkauft","23":"pa_verfuegbarkeit-sofort-verfuegbar","24":"pa_zustand_modell-2-neuwertig","25":"pa_zustand_verpackung-2-neuwertig","27":"first","28":"instock","29":"sale","30":"taxable","31":"shipping-taxable","32":"purchasable","33":"product-type-simple"},"acf":[],"jetpack_sharing_enabled":true,"_links":{"self":[{"href":"https:\/\/www.modelcars24.de\/fr\/wp-json\/wp\/v2\/product\/126","targetHints":{"allow":["GET"]}}],"collection":[{"href":"https:\/\/www.modelcars24.de\/fr\/wp-json\/wp\/v2\/product"}],"about":[{"href":"https:\/\/www.modelcars24.de\/fr\/wp-json\/wp\/v2\/types\/product"}],"replies":[{"embeddable":true,"href":"https:\/\/www.modelcars24.de\/fr\/wp-json\/wp\/v2\/comments?post=126"}],"version-history":[{"count":8,"href":"https:\/\/www.modelcars24.de\/fr\/wp-json\/wp\/v2\/product\/126\/revisions"}],"predecessor-version":[{"id":62929,"href":"https:\/\/www.modelcars24.de\/fr\/wp-json\/wp\/v2\/product\/126\/revisions\/62929"}],"wp:featuredmedia":[{"embeddable":true,"href":"https:\/\/www.modelcars24.de\/fr\/wp-json\/wp\/v2\/media\/40224"}],"wp:attachment":[{"href":"https:\/\/www.modelcars24.de\/fr\/wp-json\/wp\/v2\/media?parent=126"}],"wp:term":[{"taxonomy":"product_brand","embeddable":true,"href":"https:\/\/www.modelcars24.de\/fr\/wp-json\/wp\/v2\/product_brand?post=126"},{"taxonomy":"product_cat","embeddable":true,"href":"https:\/\/www.modelcars24.de\/fr\/wp-json\/wp\/v2\/product_cat?post=126"},{"taxonomy":"product_tag","embeddable":true,"href":"https:\/\/www.modelcars24.de\/fr\/wp-json\/wp\/v2\/product_tag?post=126"}],"curies":[{"name":"wp","href":"https:\/\/api.w.org\/{rel}","templated":true}]}}