{"id":12603,"date":"2023-09-11T12:48:14","date_gmt":"2023-09-11T10:48:14","guid":{"rendered":"http:\/\/www.mondo-legno.com\/?post_type=product&#038;p=12603"},"modified":"2025-12-10T13:28:57","modified_gmt":"2025-12-10T12:28:57","slug":"bbr-ferrari-daytona-sp3-icona-series-metallic-red-magma","status":"publish","type":"product","link":"https:\/\/www.modelcars24.de\/fr\/bbr-ferrari-daytona-sp3-icona-series-metallic-red-magma\/","title":{"rendered":"BBR Ferrari Daytona SP3 Icona Series Metallic Red Magma with display - 1\/18"},"content":{"rendered":"<p>BBR Ferrari Daytona SP3 Icona Series Metallic Red Magma. Mod\u00e8le de collection de haute qualit\u00e9 \u00e0 l'\u00e9chelle 1:18 en r\u00e9sine avec vitrine.<br \/>Num\u00e9ro d'article : P18214A<\/p>","protected":false},"excerpt":{"rendered":"<p>BBR Ferrari Daytona SP3 Icona Series Metallic Red Magma with display modelcar, P18214A, from BBR, now available at www.modelcars24.de<\/p>","protected":false},"featured_media":12604,"comment_status":"open","ping_status":"closed","template":"","meta":{"_acf_changed":false},"product_brand":[851],"product_cat":[169,63,20,21],"product_tag":[173,209,202],"class_list":{"0":"post-12603","1":"product","2":"type-product","3":"status-publish","4":"has-post-thumbnail","6":"product_brand-bbr","7":"product_cat-bbr","8":"product_cat-ferrari","9":"product_cat-titel","10":"product_cat-verfuegbar","11":"product_tag-bbr","12":"product_tag-ferrari","13":"product_tag-verfuegbar","14":"pa_automarke-ferrari","15":"pa_decade-2020s","16":"pa_fahrzeugtyp-cabrio","17":"pa_farbe-rot","18":"pa_limitiert-ja","19":"pa_massstab-1-18","20":"pa_modelmarke-bbr","21":"pa_modeltyp-fertigmodell","22":"pa_modeltyp-geschlossen","23":"pa_status-beim-hersteller-verfuegbar","24":"pa_verfuegbarkeit-5-tage-lieferzeit","25":"pa_zustand_modell-1-brandneu","26":"pa_zustand_verpackung-1-brandneu","28":"first","29":"outofstock","30":"taxable","31":"shipping-taxable","32":"purchasable","33":"product-type-simple"},"acf":[],"jetpack_sharing_enabled":true,"_links":{"self":[{"href":"https:\/\/www.modelcars24.de\/fr\/wp-json\/wp\/v2\/product\/12603","targetHints":{"allow":["GET"]}}],"collection":[{"href":"https:\/\/www.modelcars24.de\/fr\/wp-json\/wp\/v2\/product"}],"about":[{"href":"https:\/\/www.modelcars24.de\/fr\/wp-json\/wp\/v2\/types\/product"}],"replies":[{"embeddable":true,"href":"https:\/\/www.modelcars24.de\/fr\/wp-json\/wp\/v2\/comments?post=12603"}],"version-history":[{"count":2,"href":"https:\/\/www.modelcars24.de\/fr\/wp-json\/wp\/v2\/product\/12603\/revisions"}],"predecessor-version":[{"id":57880,"href":"https:\/\/www.modelcars24.de\/fr\/wp-json\/wp\/v2\/product\/12603\/revisions\/57880"}],"wp:featuredmedia":[{"embeddable":true,"href":"https:\/\/www.modelcars24.de\/fr\/wp-json\/wp\/v2\/media\/12604"}],"wp:attachment":[{"href":"https:\/\/www.modelcars24.de\/fr\/wp-json\/wp\/v2\/media?parent=12603"}],"wp:term":[{"taxonomy":"product_brand","embeddable":true,"href":"https:\/\/www.modelcars24.de\/fr\/wp-json\/wp\/v2\/product_brand?post=12603"},{"taxonomy":"product_cat","embeddable":true,"href":"https:\/\/www.modelcars24.de\/fr\/wp-json\/wp\/v2\/product_cat?post=12603"},{"taxonomy":"product_tag","embeddable":true,"href":"https:\/\/www.modelcars24.de\/fr\/wp-json\/wp\/v2\/product_tag?post=12603"}],"curies":[{"name":"wp","href":"https:\/\/api.w.org\/{rel}","templated":true}]}}