{"id":12774,"date":"2025-03-24T00:00:00","date_gmt":"2025-03-23T23:00:00","guid":{"rendered":"http:\/\/www.mondo-legno.com\/?post_type=product&#038;p=12774"},"modified":"2026-01-09T10:32:50","modified_gmt":"2026-01-09T09:32:50","slug":"tecnomodel-ferrari-275-gtb-c-competizione-targa","status":"publish","type":"product","link":"https:\/\/www.modelcars24.de\/fr\/tecnomodel-ferrari-275-gtb-c-competizione-targa\/","title":{"rendered":"Tecnomodel Ferrari 275 GTB\/C Competizione Targa Florio 1965 #196 Driven by : G. Biscaldi, B. Deserti - 1\/18"},"content":{"rendered":"<p>Tecnomodel Ferrari 275 GTB\/C Competizione Targa Florio 1965 #196 Driven by : G. Biscaldi, B. Deserti . Mod\u00e8le de collection de haute qualit\u00e9 \u00e0 l'\u00e9chelle 1:18.<br \/>\nNum\u00e9ro d'article : TM1885F<\/p>","protected":false},"excerpt":{"rendered":"<p>TM1885F &#8211; 1-brandneu &#8211; anstatt 232,00 \u20ac jetzt 185,00 \u20ac inkl. 19% Vat<\/p>","protected":false},"featured_media":52724,"comment_status":"open","ping_status":"closed","template":"","meta":{"_acf_changed":false},"product_brand":[865],"product_cat":[63,230,21],"product_tag":[209,290,202],"class_list":{"0":"post-12774","1":"product","2":"type-product","3":"status-publish","4":"has-post-thumbnail","6":"product_brand-tecnomodel","7":"product_cat-ferrari","8":"product_cat-tecnomodel","9":"product_cat-verfuegbar","10":"product_tag-ferrari","11":"product_tag-tecnomodel","12":"product_tag-verfuegbar","13":"pa_automarke-ferrari","14":"pa_decade-1960s","15":"pa_fahrzeugtyp-gt-rennen","16":"pa_limitiert-ja","17":"pa_massstab-1-18","18":"pa_modelmarke-tecnomodel","19":"pa_modeltyp-fertigmodell","20":"pa_modeltyp-geschlossen","21":"pa_status-beim-hersteller-verfuegbar","22":"pa_verfuegbarkeit-vorbestellbar","23":"pa_zustand_modell-1-brandneu","24":"pa_zustand_verpackung-1-brandneu","26":"first","27":"instock","28":"sale","29":"taxable","30":"shipping-taxable","31":"purchasable","32":"product-type-simple"},"acf":[],"jetpack_sharing_enabled":true,"_links":{"self":[{"href":"https:\/\/www.modelcars24.de\/fr\/wp-json\/wp\/v2\/product\/12774","targetHints":{"allow":["GET"]}}],"collection":[{"href":"https:\/\/www.modelcars24.de\/fr\/wp-json\/wp\/v2\/product"}],"about":[{"href":"https:\/\/www.modelcars24.de\/fr\/wp-json\/wp\/v2\/types\/product"}],"replies":[{"embeddable":true,"href":"https:\/\/www.modelcars24.de\/fr\/wp-json\/wp\/v2\/comments?post=12774"}],"version-history":[{"count":6,"href":"https:\/\/www.modelcars24.de\/fr\/wp-json\/wp\/v2\/product\/12774\/revisions"}],"predecessor-version":[{"id":57883,"href":"https:\/\/www.modelcars24.de\/fr\/wp-json\/wp\/v2\/product\/12774\/revisions\/57883"}],"wp:featuredmedia":[{"embeddable":true,"href":"https:\/\/www.modelcars24.de\/fr\/wp-json\/wp\/v2\/media\/52724"}],"wp:attachment":[{"href":"https:\/\/www.modelcars24.de\/fr\/wp-json\/wp\/v2\/media?parent=12774"}],"wp:term":[{"taxonomy":"product_brand","embeddable":true,"href":"https:\/\/www.modelcars24.de\/fr\/wp-json\/wp\/v2\/product_brand?post=12774"},{"taxonomy":"product_cat","embeddable":true,"href":"https:\/\/www.modelcars24.de\/fr\/wp-json\/wp\/v2\/product_cat?post=12774"},{"taxonomy":"product_tag","embeddable":true,"href":"https:\/\/www.modelcars24.de\/fr\/wp-json\/wp\/v2\/product_tag?post=12774"}],"curies":[{"name":"wp","href":"https:\/\/api.w.org\/{rel}","templated":true}]}}