{"id":12776,"date":"2023-08-24T00:00:00","date_gmt":"2023-08-23T22:00:00","guid":{"rendered":"http:\/\/www.mondo-legno.com\/?post_type=product&#038;p=12776"},"modified":"2025-12-10T13:28:59","modified_gmt":"2025-12-10T12:28:59","slug":"tecnomodel-ferrari-275-gtb-c-competizione-nassa","status":"publish","type":"product","link":"https:\/\/www.modelcars24.de\/fr\/tecnomodel-ferrari-275-gtb-c-competizione-nassa\/","title":{"rendered":"Tecnomodel Ferrari 275 GTB\/C Competizione Nassau Tourist Trophy 1965 #7 Winner Driven by : C. Kolb - 1\/18"},"content":{"rendered":"<p>Tecnomodel Ferrari 275 GTB\/C Competizione Nassau Tourist Trophy 1965 #7 Winner Driven by : C. Kolb. Mod\u00e8le de collection de haute qualit\u00e9 \u00e0 l'\u00e9chelle 1:18.<br \/>\nNum\u00e9ro d'article : TM1885G<\/p>","protected":false},"excerpt":{"rendered":"<p>TM1885G &#8211; 1-brandneu &#8211; anstatt 232,00 \u20ac jetzt 219,00 \u20ac inkl. 19% Vat<\/p>","protected":false},"featured_media":52740,"comment_status":"open","ping_status":"closed","template":"","meta":[],"product_brand":[865],"product_cat":[63,230,21],"product_tag":[209,290,202],"class_list":{"0":"post-12776","1":"product","2":"type-product","3":"status-publish","4":"has-post-thumbnail","6":"product_brand-tecnomodel","7":"product_cat-ferrari","8":"product_cat-tecnomodel","9":"product_cat-verfuegbar","10":"product_tag-ferrari","11":"product_tag-tecnomodel","12":"product_tag-verfuegbar","13":"pa_automarke-ferrari","14":"pa_decade-1960s","15":"pa_fahrzeugtyp-gt-rennen","16":"pa_limitiert-ja","17":"pa_massstab-1-18","18":"pa_modelmarke-tecnomodel","19":"pa_modeltyp-fertigmodell","20":"pa_modeltyp-geschlossen","21":"pa_status-beim-hersteller-verfuegbar","22":"pa_verfuegbarkeit-vorbestellbar","23":"pa_zustand_modell-1-brandneu","24":"pa_zustand_verpackung-1-brandneu","26":"first","27":"instock","28":"sale","29":"taxable","30":"shipping-taxable","31":"purchasable","32":"product-type-simple"},"jetpack_sharing_enabled":true,"_links":{"self":[{"href":"https:\/\/www.modelcars24.de\/fr\/wp-json\/wp\/v2\/product\/12776","targetHints":{"allow":["GET"]}}],"collection":[{"href":"https:\/\/www.modelcars24.de\/fr\/wp-json\/wp\/v2\/product"}],"about":[{"href":"https:\/\/www.modelcars24.de\/fr\/wp-json\/wp\/v2\/types\/product"}],"replies":[{"embeddable":true,"href":"https:\/\/www.modelcars24.de\/fr\/wp-json\/wp\/v2\/comments?post=12776"}],"version-history":[{"count":4,"href":"https:\/\/www.modelcars24.de\/fr\/wp-json\/wp\/v2\/product\/12776\/revisions"}],"predecessor-version":[{"id":57884,"href":"https:\/\/www.modelcars24.de\/fr\/wp-json\/wp\/v2\/product\/12776\/revisions\/57884"}],"wp:featuredmedia":[{"embeddable":true,"href":"https:\/\/www.modelcars24.de\/fr\/wp-json\/wp\/v2\/media\/52740"}],"wp:attachment":[{"href":"https:\/\/www.modelcars24.de\/fr\/wp-json\/wp\/v2\/media?parent=12776"}],"wp:term":[{"taxonomy":"product_brand","embeddable":true,"href":"https:\/\/www.modelcars24.de\/fr\/wp-json\/wp\/v2\/product_brand?post=12776"},{"taxonomy":"product_cat","embeddable":true,"href":"https:\/\/www.modelcars24.de\/fr\/wp-json\/wp\/v2\/product_cat?post=12776"},{"taxonomy":"product_tag","embeddable":true,"href":"https:\/\/www.modelcars24.de\/fr\/wp-json\/wp\/v2\/product_tag?post=12776"}],"curies":[{"name":"wp","href":"https:\/\/api.w.org\/{rel}","templated":true}]}}