{"id":12904,"date":"2025-11-25T16:17:03","date_gmt":"2025-11-25T15:17:03","guid":{"rendered":"http:\/\/www.mondo-legno.com\/?post_type=product&#038;p=12904"},"modified":"2026-03-23T09:13:05","modified_gmt":"2026-03-23T08:13:05","slug":"martisan-ferrari-250-gto","status":"publish","type":"product","link":"https:\/\/www.modelcars24.de\/fr\/martisan-ferrari-250-gto\/","title":{"rendered":"Ch\u00e2ssis Martisan 250 GTO - 1\/18"},"content":{"rendered":"<h3 class=\"product_title entry-title\">Ch\u00e2ssis Martisan 250 GTO<\/h3>\n<div class=\"woocommerce-product-details__short-description\">\n<p>Le ch\u00e2ssis Martisan 250 GTO pose de nouveaux jalons dans le domaine du mod\u00e9lisme haut de gamme. Bien au-del\u00e0 d'une simple reproduction statique, ce mod\u00e8le se distingue par une complexit\u00e9 m\u00e9canique et une fid\u00e9lit\u00e9 fonctionnelle sans pr\u00e9c\u00e9dent.<\/p>\n<p>Une prouesse m\u00e9canique<br \/>\nMartisan attache la plus grande importance \u00e0 la reproduction authentique des processus techniques. La pi\u00e8ce ma\u00eetresse du mod\u00e8le est le moteur V12 hautement d\u00e9taill\u00e9 :<\/p>\n<ul>\n<li>Une m\u00e9canique compl\u00e8te : Le moteur dispose d'un vilebrequin fid\u00e8le \u00e0 la r\u00e9alit\u00e9, y compris la bielle et le piston.<\/li>\n<li>Liaison par adh\u00e9rence : l'ensemble du syst\u00e8me est reli\u00e9 par adh\u00e9rence, du moteur aux roues arri\u00e8re en passant par la bo\u00eete de vitesses.<\/li>\n<li>Cin\u00e9matique interactive : lorsque le mod\u00e8le est d\u00e9plac\u00e9, les pistons sont soumis \u00e0 un mouvement r\u00e9aliste de haut en bas via la cha\u00eene cin\u00e9matique (diff\u00e9rentiel et bo\u00eete de vitesses).<\/li>\n<\/ul>\n<p>Niveau de d\u00e9tail &amp; mat\u00e9rialit\u00e9<br \/>\nLe mod\u00e8le est principalement constitu\u00e9 de composants m\u00e9talliques de haute qualit\u00e9 et renonce en grande partie au plastique, ce qui lui conf\u00e8re un toucher et une valeur exceptionnels :<\/p>\n<ul>\n<li>Train de roulement : suspension fonctionnant de mani\u00e8re r\u00e9aliste avec des amortisseurs r\u00e9alistes et un pot d'\u00e9chappement oscillant.<\/li>\n<li>Int\u00e9rieur &amp; P\u00e9riph\u00e9rie : le p\u00e9dalier, le levier de vitesse, le volant ainsi que le bouchon du r\u00e9servoir sont enti\u00e8rement mobiles.<\/li>\n<li>Roues : Roues \u00e0 rayons (rayons de 0,3 mm) fabriqu\u00e9es \u00e0 la main avec des pneus en caoutchouc dont l'aspect et la structure simulent des pneus gonfl\u00e9s \u00e0 l'air.<\/li>\n<\/ul>\n<p>Caract\u00e9ristiques particuli\u00e8res de cet exemplaire<\/p>\n<ul>\n<li>Conception semi-ouverte du moteur : permet de voir directement la m\u00e9canique en fonctionnement.<\/li>\n<li>Composants suppl\u00e9mentaires : Les pi\u00e8ces du moteur \u201emanquantes\u201c dans la partie visible sont jointes sous forme de kit pr\u00e9cis, afin de laisser au collectionneur le choix entre la transparence technique et l'optique compl\u00e8te.<\/li>\n<li>La pr\u00e9cision dans les d\u00e9tails : des poulies et des courroies d'alternateur fonctionnelles ainsi que des disques de frein fid\u00e8les \u00e0 l'original compl\u00e8tent l'ensemble.<\/li>\n<\/ul>\n<p>Martisan utilise des mat\u00e9riaux de haute qualit\u00e9 pour le mod\u00e8le. La plupart des pi\u00e8ces sont fabriqu\u00e9es en m\u00e9tal. Sur notre blog, vous trouverez une vid\u00e9o et d'autres informations sur le mod\u00e8le. Vous pouvez acc\u00e9der au blog en cliquant sur <a href=\"https:\/\/www.modelcars24.de\/fr\/martisan-ferrari-250-chassis\/\">cliquez ici<\/a>.<\/p>\n<p>Num\u00e9ro d'article : Martisan 1<\/p>\n<\/div>","protected":false},"excerpt":{"rendered":"<p>1-brandneu &#8211; 1475,00 \u20ac inkl. 19 % Vat<\/p>","protected":false},"featured_media":12905,"comment_status":"open","ping_status":"closed","template":"","meta":[],"product_brand":[877],"product_cat":[63,385,20,21],"product_tag":[],"class_list":{"0":"post-12904","1":"product","2":"type-product","3":"status-publish","4":"has-post-thumbnail","6":"product_brand-martisan","7":"product_cat-ferrari","8":"product_cat-martisan","9":"product_cat-titel","10":"product_cat-verfuegbar","11":"pa_automarke-ferrari","12":"pa_decade-1960s","13":"pa_fahrzeugtyp-coupe","14":"pa_farbe-silber","15":"pa_limitiert-ja","16":"pa_massstab-1-18","17":"pa_modelmarke-martisan","18":"pa_modeltyp-alles-zum-oeffnen","19":"pa_modeltyp-fertigmodell","20":"pa_status-beim-hersteller-verfuegbar","21":"pa_verfuegbarkeit-sofort-verfuegbar","22":"pa_zustand_modell-1-brandneu","23":"pa_zustand_verpackung-1-brandneu","25":"first","26":"instock","27":"taxable","28":"shipping-taxable","29":"purchasable","30":"product-type-simple"},"jetpack_sharing_enabled":true,"_links":{"self":[{"href":"https:\/\/www.modelcars24.de\/fr\/wp-json\/wp\/v2\/product\/12904","targetHints":{"allow":["GET"]}}],"collection":[{"href":"https:\/\/www.modelcars24.de\/fr\/wp-json\/wp\/v2\/product"}],"about":[{"href":"https:\/\/www.modelcars24.de\/fr\/wp-json\/wp\/v2\/types\/product"}],"replies":[{"embeddable":true,"href":"https:\/\/www.modelcars24.de\/fr\/wp-json\/wp\/v2\/comments?post=12904"}],"version-history":[{"count":4,"href":"https:\/\/www.modelcars24.de\/fr\/wp-json\/wp\/v2\/product\/12904\/revisions"}],"predecessor-version":[{"id":62471,"href":"https:\/\/www.modelcars24.de\/fr\/wp-json\/wp\/v2\/product\/12904\/revisions\/62471"}],"wp:featuredmedia":[{"embeddable":true,"href":"https:\/\/www.modelcars24.de\/fr\/wp-json\/wp\/v2\/media\/12905"}],"wp:attachment":[{"href":"https:\/\/www.modelcars24.de\/fr\/wp-json\/wp\/v2\/media?parent=12904"}],"wp:term":[{"taxonomy":"product_brand","embeddable":true,"href":"https:\/\/www.modelcars24.de\/fr\/wp-json\/wp\/v2\/product_brand?post=12904"},{"taxonomy":"product_cat","embeddable":true,"href":"https:\/\/www.modelcars24.de\/fr\/wp-json\/wp\/v2\/product_cat?post=12904"},{"taxonomy":"product_tag","embeddable":true,"href":"https:\/\/www.modelcars24.de\/fr\/wp-json\/wp\/v2\/product_tag?post=12904"}],"curies":[{"name":"wp","href":"https:\/\/api.w.org\/{rel}","templated":true}]}}